{"id":1110,"date":"2022-12-31T05:58:04","date_gmt":"2022-12-31T05:58:04","guid":{"rendered":"https:\/\/gdflac.com\/acerca-de\/"},"modified":"2023-05-18T18:17:54","modified_gmt":"2023-05-18T18:17:54","slug":"acerca-de","status":"publish","type":"page","link":"https:\/\/gdflac.com\/es\/acerca-de\/","title":{"rendered":"Acerca de"},"content":{"rendered":"\t\t<div data-elementor-type=\"wp-page\" data-elementor-id=\"1110\" class=\"elementor elementor-1110 elementor-45\" data-elementor-post-type=\"page\">\n\t\t\t\t\t\t<section class=\"elementor-section elementor-top-section elementor-element elementor-element-7ab2988 elementor-section-height-min-height elementor-section-content-middle elementor-section-boxed elementor-section-height-default elementor-section-items-middle\" data-id=\"7ab2988\" data-element_type=\"section\" data-settings=\"{&quot;background_background&quot;:&quot;classic&quot;}\">\n\t\t\t\t\t\t\t<div class=\"elementor-background-overlay\"><\/div>\n\t\t\t\t\t\t\t<div class=\"elementor-container elementor-column-gap-default\">\n\t\t\t\t\t<div class=\"elementor-column elementor-col-100 elementor-top-column elementor-element elementor-element-fe42719\" data-id=\"fe42719\" data-element_type=\"column\">\n\t\t\t<div class=\"elementor-widget-wrap elementor-element-populated\">\n\t\t\t\t\t\t<div class=\"elementor-element elementor-element-f81f389 elementor-widget elementor-widget-heading\" data-id=\"f81f389\" data-element_type=\"widget\" data-widget_type=\"heading.default\">\n\t\t\t\t<div class=\"elementor-widget-container\">\n\t\t\t\t\t<h1 class=\"elementor-heading-title elementor-size-default\">GDF Latinoam\u00e9rica<\/h1>\t\t\t\t<\/div>\n\t\t\t\t<\/div>\n\t\t\t\t<div class=\"elementor-element elementor-element-936fa73 elementor-widget elementor-widget-text-editor\" data-id=\"936fa73\" data-element_type=\"widget\" data-widget_type=\"text-editor.default\">\n\t\t\t\t<div class=\"elementor-widget-container\">\n\t\t\t\t\t\t\t\t\t<p>El Ministerio Federal de Cooperaci\u00f3n Econ\u00f3mica y Desarrollo Alem\u00e1n (BMZ), a trav\u00e9s de KfW Entwicklungsbank (KfW), estableci\u00f3 el Fondo de Desarrollo Geot\u00e9rmico (GDF) para Latinoam\u00e9rica.<\/p>\n\t\t\t\t\t\t\t\t<\/div>\n\t\t\t\t<\/div>\n\t\t\t\t\t<\/div>\n\t\t<\/div>\n\t\t\t\t\t<\/div>\n\t\t<\/section>\n\t\t\t\t<section class=\"elementor-section elementor-top-section elementor-element elementor-element-fa7d44a elementor-section-boxed elementor-section-height-default elementor-section-height-default\" data-id=\"fa7d44a\" data-element_type=\"section\">\n\t\t\t\t\t\t<div class=\"elementor-container elementor-column-gap-default\">\n\t\t\t\t\t<div class=\"elementor-column elementor-col-100 elementor-top-column elementor-element elementor-element-4d4dc86\" data-id=\"4d4dc86\" data-element_type=\"column\">\n\t\t\t<div class=\"elementor-widget-wrap elementor-element-populated\">\n\t\t\t\t\t\t<div class=\"elementor-element elementor-element-b5268a0 elementor-widget elementor-widget-breadcrumbs\" data-id=\"b5268a0\" data-element_type=\"widget\" data-widget_type=\"breadcrumbs.default\">\n\t\t\t\t<div class=\"elementor-widget-container\">\n\t\t\t\t\t<p id=\"breadcrumbs\"><span><span><a href=\"https:\/\/gdflac.com\/es\/inicio\/\">Home<\/a><\/span><\/span><\/p>\t\t\t\t<\/div>\n\t\t\t\t<\/div>\n\t\t\t\t\t<\/div>\n\t\t<\/div>\n\t\t\t\t\t<\/div>\n\t\t<\/section>\n\t\t\t\t<section class=\"elementor-section elementor-top-section elementor-element elementor-element-f9dc87a elementor-section-boxed elementor-section-height-default elementor-section-height-default\" data-id=\"f9dc87a\" data-element_type=\"section\">\n\t\t\t\t\t\t<div class=\"elementor-container elementor-column-gap-wider\">\n\t\t\t\t\t<div class=\"elementor-column elementor-col-100 elementor-top-column elementor-element elementor-element-e00a7a7\" data-id=\"e00a7a7\" data-element_type=\"column\">\n\t\t\t<div class=\"elementor-widget-wrap elementor-element-populated\">\n\t\t\t\t\t\t<div class=\"elementor-element elementor-element-8925357 elementor-widget elementor-widget-heading\" data-id=\"8925357\" data-element_type=\"widget\" data-widget_type=\"heading.default\">\n\t\t\t\t<div class=\"elementor-widget-container\">\n\t\t\t\t\t<h2 class=\"elementor-heading-title elementor-size-default\">Acerca del GDF para Latinoam\u00e9rica<\/h2>\t\t\t\t<\/div>\n\t\t\t\t<\/div>\n\t\t\t\t<div class=\"elementor-element elementor-element-64c78f9 elementor-widget elementor-widget-text-editor\" data-id=\"64c78f9\" data-element_type=\"widget\" data-widget_type=\"text-editor.default\">\n\t\t\t\t<div class=\"elementor-widget-container\">\n\t\t\t\t\t\t\t\t\t<p class=\"p1\"><span class=\"s1\">El Ministerio Federal de Cooperaci\u00f3n Econ\u00f3mica y Desarrollo Alem\u00e1n (BMZ siglas en alem\u00e1n), a trav\u00e9s de KfW \u201cEntwicklungsbank\u201d (KfW), estableci\u00f3 el Fondo de Desarrollo Geot\u00e9rmico (GDF) para Latinoam\u00e9rica. El Fondo GDF es la primera iniciativa clim\u00e1tica de diversos donantes para promover la energ\u00eda geot\u00e9rmica dentro de esta regi\u00f3n. En el pasado, KfW (en colaboraci\u00f3n con otras instituciones donantes) estableci\u00f3 un fondo similar en \u00c1frica, conocido como el<a href=\"http:\/\/www.grmf-eastafrica.org\/\" target=\"_blank\" rel=\"noopener noreferrer\"><span class=\"s2\">Fondo de Mitigaci\u00f3n de Riesgo Geot\u00e9rmico en \u00c1frica Oriental (GMRF siglas en ingl\u00e9s)<\/span><\/a>.<\/span><\/p>\n<p class=\"p1\"><span class=\"s1\">KfW puso en marcha el programa GDF en Reikiavik, Islandia el 25 de abril de 2016, durante la Mesa Redonda del Banco Mundial\/ESMAP GGDP. Si bien la primera ronda de financiaci\u00f3n (\u20ac50M) ha tenido lugar, se prev\u00e9n cierres adicionales de fondos con el tiempo. El Fondo GDF apoyar\u00e1 el desarrollo geot\u00e9rmico durante una vida \u00fatil de diez a\u00f1os.<\/span><\/p>\n<p class=\"p1\"><span class=\"s1\">IDA Fund Management, LLC (IDA), una empresa de EE.UU., ubicada dentro del \u00e1rea de Washington, DC, fue elegida de manera competitiva para gestionar el Fondo GDF. Mientras la oficina principal para el fondo se encuentra en el \u00e1rea de Washington, DC, una oficina de proyectos geot\u00e9rmicos se encuentra en Bogot\u00e1, Colombia IDA consta de <a href=\"http:\/\/www.interlinkdc.com\/\" target=\"_blank\" rel=\"noopener noreferrer\"><span class=\"s2\">Interlink Capital Strategies<\/span><\/a> y <a href=\"http:\/\/www.dewhurstgroup.us\/\" target=\"_blank\" rel=\"noopener noreferrer\"><span class=\"s2\">Dewhurst Group, LLC<\/span><\/a>. Interlink se encarga del aspecto financiero, mientras que Dewhurst Group se centra en la aprobaci\u00f3n y desarrollo de iniciativas de proyectos geot\u00e9rmicos espec\u00edficos, identificados por los solicitantes.<\/span><\/p>\n\t\t\t\t\t\t\t\t<\/div>\n\t\t\t\t<\/div>\n\t\t\t\t<div class=\"elementor-element elementor-element-d78c60f elementor-widget-divider--view-line elementor-widget elementor-widget-divider\" data-id=\"d78c60f\" data-element_type=\"widget\" data-widget_type=\"divider.default\">\n\t\t\t\t<div class=\"elementor-widget-container\">\n\t\t\t\t\t\t\t<div class=\"elementor-divider\">\n\t\t\t<span class=\"elementor-divider-separator\">\n\t\t\t\t\t\t<\/span>\n\t\t<\/div>\n\t\t\t\t\t\t<\/div>\n\t\t\t\t<\/div>\n\t\t\t\t\t<\/div>\n\t\t<\/div>\n\t\t\t\t\t<\/div>\n\t\t<\/section>\n\t\t\t\t<section class=\"elementor-section elementor-top-section elementor-element elementor-element-cd5a498 elementor-section-content-middle elementor-section-boxed elementor-section-height-default elementor-section-height-default\" data-id=\"cd5a498\" data-element_type=\"section\">\n\t\t\t\t\t\t<div class=\"elementor-container elementor-column-gap-default\">\n\t\t\t\t\t<div class=\"elementor-column elementor-col-100 elementor-top-column elementor-element elementor-element-ea684ea\" data-id=\"ea684ea\" data-element_type=\"column\">\n\t\t\t<div class=\"elementor-widget-wrap elementor-element-populated\">\n\t\t\t\t\t\t<section class=\"elementor-section elementor-inner-section elementor-element elementor-element-054589c elementor-section-boxed elementor-section-height-default elementor-section-height-default\" data-id=\"054589c\" data-element_type=\"section\">\n\t\t\t\t\t\t<div class=\"elementor-container elementor-column-gap-default\">\n\t\t\t\t\t<div class=\"elementor-column elementor-col-33 elementor-inner-column elementor-element elementor-element-9406fdf\" data-id=\"9406fdf\" data-element_type=\"column\">\n\t\t\t<div class=\"elementor-widget-wrap elementor-element-populated\">\n\t\t\t\t\t\t<div class=\"elementor-element elementor-element-51ad98e elementor-cta--skin-cover elementor-cta--valign-middle elementor-animated-content elementor-bg-transform elementor-bg-transform-zoom-in elementor-widget elementor-widget-call-to-action\" data-id=\"51ad98e\" data-element_type=\"widget\" data-widget_type=\"call-to-action.default\">\n\t\t\t\t<div class=\"elementor-widget-container\">\n\t\t\t\t\t\t\t<a class=\"elementor-cta\" href=\"https:\/\/gdflac.com\/about\/brief-overview\/\">\n\t\t\t\t\t<div class=\"elementor-cta__bg-wrapper\">\n\t\t\t\t<div class=\"elementor-cta__bg elementor-bg\" style=\"background-image: url();\" role=\"img\" aria-label=\"\"><\/div>\n\t\t\t\t<div class=\"elementor-cta__bg-overlay\"><\/div>\n\t\t\t<\/div>\n\t\t\t\t\t\t\t<div class=\"elementor-cta__content\">\n\t\t\t\t\n\t\t\t\t\t\t\t\t\t<h2 class=\"elementor-cta__title elementor-cta__content-item elementor-content-item elementor-animated-item--grow\">\n\t\t\t\t\t\t Breve Descripci\u00f3n\t\t\t\t\t<\/h2>\n\t\t\t\t\n\t\t\t\t\n\t\t\t\t\t\t\t<\/div>\n\t\t\t\t\t\t<\/a>\n\t\t\t\t\t\t<\/div>\n\t\t\t\t<\/div>\n\t\t\t\t<div class=\"elementor-element elementor-element-f43ba26 elementor-cta--skin-cover elementor-cta--valign-middle elementor-animated-content elementor-bg-transform elementor-bg-transform-zoom-in elementor-widget elementor-widget-call-to-action\" data-id=\"f43ba26\" data-element_type=\"widget\" data-widget_type=\"call-to-action.default\">\n\t\t\t\t<div class=\"elementor-widget-container\">\n\t\t\t\t\t\t\t<a class=\"elementor-cta\" href=\"https:\/\/gdflac.com\/about\/eligible-activities-for-the-facility\/\">\n\t\t\t\t\t<div class=\"elementor-cta__bg-wrapper\">\n\t\t\t\t<div class=\"elementor-cta__bg elementor-bg\" style=\"background-image: url();\" role=\"img\" aria-label=\"\"><\/div>\n\t\t\t\t<div class=\"elementor-cta__bg-overlay\"><\/div>\n\t\t\t<\/div>\n\t\t\t\t\t\t\t<div class=\"elementor-cta__content\">\n\t\t\t\t\n\t\t\t\t\t\t\t\t\t<h2 class=\"elementor-cta__title elementor-cta__content-item elementor-content-item elementor-animated-item--grow\">\n\t\t\t\t\t\tActividades Elegibles\t\t\t\t\t<\/h2>\n\t\t\t\t\n\t\t\t\t\n\t\t\t\t\t\t\t<\/div>\n\t\t\t\t\t\t<\/a>\n\t\t\t\t\t\t<\/div>\n\t\t\t\t<\/div>\n\t\t\t\t<div class=\"elementor-element elementor-element-6ea16ea elementor-cta--skin-cover elementor-cta--valign-middle elementor-animated-content elementor-bg-transform elementor-bg-transform-zoom-in elementor-widget elementor-widget-call-to-action\" data-id=\"6ea16ea\" data-element_type=\"widget\" data-widget_type=\"call-to-action.default\">\n\t\t\t\t<div class=\"elementor-widget-container\">\n\t\t\t\t\t\t\t<a class=\"elementor-cta\" href=\"https:\/\/gdflac.com\/about\/leadership\/\">\n\t\t\t\t\t<div class=\"elementor-cta__bg-wrapper\">\n\t\t\t\t<div class=\"elementor-cta__bg elementor-bg\" style=\"background-image: url();\" role=\"img\" aria-label=\"\"><\/div>\n\t\t\t\t<div class=\"elementor-cta__bg-overlay\"><\/div>\n\t\t\t<\/div>\n\t\t\t\t\t\t\t<div class=\"elementor-cta__content\">\n\t\t\t\t\n\t\t\t\t\t\t\t\t\t<h2 class=\"elementor-cta__title elementor-cta__content-item elementor-content-item elementor-animated-item--grow\">\n\t\t\t\t\t\tLiderazgo\t\t\t\t\t<\/h2>\n\t\t\t\t\n\t\t\t\t\n\t\t\t\t\t\t\t<\/div>\n\t\t\t\t\t\t<\/a>\n\t\t\t\t\t\t<\/div>\n\t\t\t\t<\/div>\n\t\t\t\t\t<\/div>\n\t\t<\/div>\n\t\t\t\t<div class=\"elementor-column elementor-col-33 elementor-inner-column elementor-element elementor-element-a246bc0\" data-id=\"a246bc0\" data-element_type=\"column\">\n\t\t\t<div class=\"elementor-widget-wrap elementor-element-populated\">\n\t\t\t\t\t\t<div class=\"elementor-element elementor-element-04e0d68 elementor-cta--skin-cover elementor-cta--valign-middle elementor-animated-content elementor-bg-transform elementor-bg-transform-zoom-in elementor-widget elementor-widget-call-to-action\" data-id=\"04e0d68\" data-element_type=\"widget\" data-widget_type=\"call-to-action.default\">\n\t\t\t\t<div class=\"elementor-widget-container\">\n\t\t\t\t\t\t\t<a class=\"elementor-cta\" href=\"https:\/\/gdflac.com\/about\/project-area-countries\/\">\n\t\t\t\t\t<div class=\"elementor-cta__bg-wrapper\">\n\t\t\t\t<div class=\"elementor-cta__bg elementor-bg\" style=\"background-image: url();\" role=\"img\" aria-label=\"\"><\/div>\n\t\t\t\t<div class=\"elementor-cta__bg-overlay\"><\/div>\n\t\t\t<\/div>\n\t\t\t\t\t\t\t<div class=\"elementor-cta__content\">\n\t\t\t\t\n\t\t\t\t\t\t\t\t\t<h2 class=\"elementor-cta__title elementor-cta__content-item elementor-content-item elementor-animated-item--grow\">\n\t\t\t\t\t\t\u00c1rea del Proyecto y Pa\u00edses\t\t\t\t\t<\/h2>\n\t\t\t\t\n\t\t\t\t\n\t\t\t\t\t\t\t<\/div>\n\t\t\t\t\t\t<\/a>\n\t\t\t\t\t\t<\/div>\n\t\t\t\t<\/div>\n\t\t\t\t<div class=\"elementor-element elementor-element-59452c5 elementor-cta--skin-cover elementor-cta--valign-middle elementor-animated-content elementor-bg-transform elementor-bg-transform-zoom-in elementor-widget elementor-widget-call-to-action\" data-id=\"59452c5\" data-element_type=\"widget\" data-widget_type=\"call-to-action.default\">\n\t\t\t\t<div class=\"elementor-widget-container\">\n\t\t\t\t\t\t\t<a class=\"elementor-cta\" href=\"https:\/\/gdflac.com\/about\/objectives\/\">\n\t\t\t\t\t<div class=\"elementor-cta__bg-wrapper\">\n\t\t\t\t<div class=\"elementor-cta__bg elementor-bg\" style=\"background-image: url();\" role=\"img\" aria-label=\"\"><\/div>\n\t\t\t\t<div class=\"elementor-cta__bg-overlay\"><\/div>\n\t\t\t<\/div>\n\t\t\t\t\t\t\t<div class=\"elementor-cta__content\">\n\t\t\t\t\n\t\t\t\t\t\t\t\t\t<h2 class=\"elementor-cta__title elementor-cta__content-item elementor-content-item elementor-animated-item--grow\">\n\t\t\t\t\t\tObjetivos\t\t\t\t\t<\/h2>\n\t\t\t\t\n\t\t\t\t\n\t\t\t\t\t\t\t<\/div>\n\t\t\t\t\t\t<\/a>\n\t\t\t\t\t\t<\/div>\n\t\t\t\t<\/div>\n\t\t\t\t<div class=\"elementor-element elementor-element-3fd3c37 elementor-cta--skin-cover elementor-cta--valign-middle elementor-animated-content elementor-bg-transform elementor-bg-transform-zoom-in elementor-widget elementor-widget-call-to-action\" data-id=\"3fd3c37\" data-element_type=\"widget\" data-widget_type=\"call-to-action.default\">\n\t\t\t\t<div class=\"elementor-widget-container\">\n\t\t\t\t\t\t\t<a class=\"elementor-cta\" href=\"https:\/\/gdflac.com\/about\/links\/\">\n\t\t\t\t\t<div class=\"elementor-cta__bg-wrapper\">\n\t\t\t\t<div class=\"elementor-cta__bg elementor-bg\" style=\"background-image: url();\" role=\"img\" aria-label=\"\"><\/div>\n\t\t\t\t<div class=\"elementor-cta__bg-overlay\"><\/div>\n\t\t\t<\/div>\n\t\t\t\t\t\t\t<div class=\"elementor-cta__content\">\n\t\t\t\t\n\t\t\t\t\t\t\t\t\t<h2 class=\"elementor-cta__title elementor-cta__content-item elementor-content-item elementor-animated-item--grow\">\n\t\t\t\t\t\tV\u00ednculos\t\t\t\t\t<\/h2>\n\t\t\t\t\n\t\t\t\t\n\t\t\t\t\t\t\t<\/div>\n\t\t\t\t\t\t<\/a>\n\t\t\t\t\t\t<\/div>\n\t\t\t\t<\/div>\n\t\t\t\t\t<\/div>\n\t\t<\/div>\n\t\t\t\t<div class=\"elementor-column elementor-col-33 elementor-inner-column elementor-element elementor-element-1f9507b\" data-id=\"1f9507b\" data-element_type=\"column\">\n\t\t\t<div class=\"elementor-widget-wrap elementor-element-populated\">\n\t\t\t\t\t\t<div class=\"elementor-element elementor-element-5fcc80b elementor-cta--skin-cover elementor-cta--valign-middle elementor-animated-content elementor-bg-transform elementor-bg-transform-zoom-in elementor-widget elementor-widget-call-to-action\" data-id=\"5fcc80b\" data-element_type=\"widget\" data-widget_type=\"call-to-action.default\">\n\t\t\t\t<div class=\"elementor-widget-container\">\n\t\t\t\t\t\t\t<a class=\"elementor-cta\" href=\"https:\/\/gdflac.com\/about\/timeline\/\">\n\t\t\t\t\t<div class=\"elementor-cta__bg-wrapper\">\n\t\t\t\t<div class=\"elementor-cta__bg elementor-bg\" style=\"background-image: url();\" role=\"img\" aria-label=\"\"><\/div>\n\t\t\t\t<div class=\"elementor-cta__bg-overlay\"><\/div>\n\t\t\t<\/div>\n\t\t\t\t\t\t\t<div class=\"elementor-cta__content\">\n\t\t\t\t\n\t\t\t\t\t\t\t\t\t<h2 class=\"elementor-cta__title elementor-cta__content-item elementor-content-item elementor-animated-item--grow\">\n\t\t\t\t\t\tL\u00ednea de Tiempo\t\t\t\t\t<\/h2>\n\t\t\t\t\n\t\t\t\t\n\t\t\t\t\t\t\t<\/div>\n\t\t\t\t\t\t<\/a>\n\t\t\t\t\t\t<\/div>\n\t\t\t\t<\/div>\n\t\t\t\t<div class=\"elementor-element elementor-element-caf860d elementor-cta--skin-cover elementor-cta--valign-middle elementor-animated-content elementor-bg-transform elementor-bg-transform-zoom-in elementor-widget elementor-widget-call-to-action\" data-id=\"caf860d\" data-element_type=\"widget\" data-widget_type=\"call-to-action.default\">\n\t\t\t\t<div class=\"elementor-widget-container\">\n\t\t\t\t\t\t\t<a class=\"elementor-cta\" href=\"https:\/\/gdflac.com\/about\/follow-up-financing\/\">\n\t\t\t\t\t<div class=\"elementor-cta__bg-wrapper\">\n\t\t\t\t<div class=\"elementor-cta__bg elementor-bg\" style=\"background-image: url();\" role=\"img\" aria-label=\"\"><\/div>\n\t\t\t\t<div class=\"elementor-cta__bg-overlay\"><\/div>\n\t\t\t<\/div>\n\t\t\t\t\t\t\t<div class=\"elementor-cta__content\">\n\t\t\t\t\n\t\t\t\t\t\t\t\t\t<h2 class=\"elementor-cta__title elementor-cta__content-item elementor-content-item elementor-animated-item--grow\">\n\t\t\t\t\t\tSeguimiento del Financiamiento\t\t\t\t\t<\/h2>\n\t\t\t\t\n\t\t\t\t\n\t\t\t\t\t\t\t<\/div>\n\t\t\t\t\t\t<\/a>\n\t\t\t\t\t\t<\/div>\n\t\t\t\t<\/div>\n\t\t\t\t<div class=\"elementor-element elementor-element-e0950b1 elementor-cta--skin-cover elementor-cta--valign-middle elementor-animated-content elementor-bg-transform elementor-bg-transform-zoom-in elementor-widget elementor-widget-call-to-action\" data-id=\"e0950b1\" data-element_type=\"widget\" data-widget_type=\"call-to-action.default\">\n\t\t\t\t<div class=\"elementor-widget-container\">\n\t\t\t\t\t\t\t<a class=\"elementor-cta\" href=\"https:\/\/gdflac.com\/press-releases\/\">\n\t\t\t\t\t<div class=\"elementor-cta__bg-wrapper\">\n\t\t\t\t<div class=\"elementor-cta__bg elementor-bg\" style=\"background-image: url();\" role=\"img\" aria-label=\"\"><\/div>\n\t\t\t\t<div class=\"elementor-cta__bg-overlay\"><\/div>\n\t\t\t<\/div>\n\t\t\t\t\t\t\t<div class=\"elementor-cta__content\">\n\t\t\t\t\n\t\t\t\t\t\t\t\t\t<h2 class=\"elementor-cta__title elementor-cta__content-item elementor-content-item elementor-animated-item--grow\">\n\t\t\t\t\t\tComunicados de Prensa\t\t\t\t\t<\/h2>\n\t\t\t\t\n\t\t\t\t\n\t\t\t\t\t\t\t<\/div>\n\t\t\t\t\t\t<\/a>\n\t\t\t\t\t\t<\/div>\n\t\t\t\t<\/div>\n\t\t\t\t\t<\/div>\n\t\t<\/div>\n\t\t\t\t\t<\/div>\n\t\t<\/section>\n\t\t\t\t\t<\/div>\n\t\t<\/div>\n\t\t\t\t\t<\/div>\n\t\t<\/section>\n\t\t\t\t<\/div>\n\t\t","protected":false},"excerpt":{"rendered":"<p>GDF Latinoam\u00e9rica El Ministerio Federal de Cooperaci\u00f3n Econ\u00f3mica y Desarrollo Alem\u00e1n (BMZ), a trav\u00e9s de KfW Entwicklungsbank (KfW), estableci\u00f3 el Fondo de Desarrollo Geot\u00e9rmico (GDF) para Latinoam\u00e9rica. Acerca del GDF para Latinoam\u00e9rica El Ministerio Federal de Cooperaci\u00f3n Econ\u00f3mica y Desarrollo Alem\u00e1n (BMZ siglas en alem\u00e1n), a trav\u00e9s de KfW \u201cEntwicklungsbank\u201d (KfW), estableci\u00f3 el Fondo de [&hellip;]<\/p>\n","protected":false},"author":1,"featured_media":0,"parent":0,"menu_order":0,"comment_status":"closed","ping_status":"closed","template":"","meta":{"footnotes":""},"class_list":["post-1110","page","type-page","status-publish","hentry"],"yoast_head":"<!-- This site is optimized with the Yoast SEO plugin v26.7 - https:\/\/yoast.com\/wordpress\/plugins\/seo\/ -->\n<title>Acerca de - GDF<\/title>\n<meta name=\"robots\" content=\"index, follow, max-snippet:-1, max-image-preview:large, max-video-preview:-1\" \/>\n<link rel=\"canonical\" href=\"https:\/\/gdflac.com\/es\/acerca-de\/\" \/>\n<meta property=\"og:locale\" content=\"es_ES\" \/>\n<meta property=\"og:type\" content=\"article\" \/>\n<meta property=\"og:title\" content=\"Acerca de - GDF\" \/>\n<meta property=\"og:description\" content=\"GDF Latinoam\u00e9rica El Ministerio Federal de Cooperaci\u00f3n Econ\u00f3mica y Desarrollo Alem\u00e1n (BMZ), a trav\u00e9s de KfW Entwicklungsbank (KfW), estableci\u00f3 el Fondo de Desarrollo Geot\u00e9rmico (GDF) para Latinoam\u00e9rica. Acerca del GDF para Latinoam\u00e9rica El Ministerio Federal de Cooperaci\u00f3n Econ\u00f3mica y Desarrollo Alem\u00e1n (BMZ siglas en alem\u00e1n), a trav\u00e9s de KfW \u201cEntwicklungsbank\u201d (KfW), estableci\u00f3 el Fondo de [&hellip;]\" \/>\n<meta property=\"og:url\" content=\"https:\/\/gdflac.com\/es\/acerca-de\/\" \/>\n<meta property=\"og:site_name\" content=\"GDF\" \/>\n<meta property=\"article:modified_time\" content=\"2023-05-18T18:17:54+00:00\" \/>\n<meta property=\"og:image\" content=\"https:\/\/gdflac.com\/wp-content\/uploads\/2022\/12\/GDF-Logo-Transparent.png\" \/>\n\t<meta property=\"og:image:width\" content=\"1000\" \/>\n\t<meta property=\"og:image:height\" content=\"505\" \/>\n\t<meta property=\"og:image:type\" content=\"image\/png\" \/>\n<meta name=\"twitter:card\" content=\"summary_large_image\" \/>\n<meta name=\"twitter:label1\" content=\"Tiempo de lectura\" \/>\n\t<meta name=\"twitter:data1\" content=\"2 minutos\" \/>\n<script type=\"application\/ld+json\" class=\"yoast-schema-graph\">{\"@context\":\"https:\/\/schema.org\",\"@graph\":[{\"@type\":\"WebPage\",\"@id\":\"https:\/\/gdflac.com\/es\/acerca-de\/\",\"url\":\"https:\/\/gdflac.com\/es\/acerca-de\/\",\"name\":\"Acerca de - GDF\",\"isPartOf\":{\"@id\":\"https:\/\/gdflac.com\/#website\"},\"datePublished\":\"2022-12-31T05:58:04+00:00\",\"dateModified\":\"2023-05-18T18:17:54+00:00\",\"breadcrumb\":{\"@id\":\"https:\/\/gdflac.com\/es\/acerca-de\/#breadcrumb\"},\"inLanguage\":\"es\",\"potentialAction\":[{\"@type\":\"ReadAction\",\"target\":[\"https:\/\/gdflac.com\/es\/acerca-de\/\"]}]},{\"@type\":\"BreadcrumbList\",\"@id\":\"https:\/\/gdflac.com\/es\/acerca-de\/#breadcrumb\",\"itemListElement\":[{\"@type\":\"ListItem\",\"position\":1,\"name\":\"Home\",\"item\":\"https:\/\/gdflac.com\/es\/inicio\/\"},{\"@type\":\"ListItem\",\"position\":2,\"name\":\"Acerca de\"}]},{\"@type\":\"WebSite\",\"@id\":\"https:\/\/gdflac.com\/#website\",\"url\":\"https:\/\/gdflac.com\/\",\"name\":\"GDF\",\"description\":\"Geothermal Development Facility for Latin America\",\"publisher\":{\"@id\":\"https:\/\/gdflac.com\/#organization\"},\"alternateName\":\"GDF\",\"potentialAction\":[{\"@type\":\"SearchAction\",\"target\":{\"@type\":\"EntryPoint\",\"urlTemplate\":\"https:\/\/gdflac.com\/?s={search_term_string}\"},\"query-input\":{\"@type\":\"PropertyValueSpecification\",\"valueRequired\":true,\"valueName\":\"search_term_string\"}}],\"inLanguage\":\"es\"},{\"@type\":\"Organization\",\"@id\":\"https:\/\/gdflac.com\/#organization\",\"name\":\"GDF\",\"alternateName\":\"GDF\",\"url\":\"https:\/\/gdflac.com\/\",\"logo\":{\"@type\":\"ImageObject\",\"inLanguage\":\"es\",\"@id\":\"https:\/\/gdflac.com\/#\/schema\/logo\/image\/\",\"url\":\"https:\/\/gdflac.com\/wp-content\/uploads\/2022\/12\/GDF-Logo-Transparent.png\",\"contentUrl\":\"https:\/\/gdflac.com\/wp-content\/uploads\/2022\/12\/GDF-Logo-Transparent.png\",\"width\":1000,\"height\":505,\"caption\":\"GDF\"},\"image\":{\"@id\":\"https:\/\/gdflac.com\/#\/schema\/logo\/image\/\"}}]}<\/script>\n<!-- \/ Yoast SEO plugin. -->","yoast_head_json":{"title":"Acerca de - GDF","robots":{"index":"index","follow":"follow","max-snippet":"max-snippet:-1","max-image-preview":"max-image-preview:large","max-video-preview":"max-video-preview:-1"},"canonical":"https:\/\/gdflac.com\/es\/acerca-de\/","og_locale":"es_ES","og_type":"article","og_title":"Acerca de - GDF","og_description":"GDF Latinoam\u00e9rica El Ministerio Federal de Cooperaci\u00f3n Econ\u00f3mica y Desarrollo Alem\u00e1n (BMZ), a trav\u00e9s de KfW Entwicklungsbank (KfW), estableci\u00f3 el Fondo de Desarrollo Geot\u00e9rmico (GDF) para Latinoam\u00e9rica. Acerca del GDF para Latinoam\u00e9rica El Ministerio Federal de Cooperaci\u00f3n Econ\u00f3mica y Desarrollo Alem\u00e1n (BMZ siglas en alem\u00e1n), a trav\u00e9s de KfW \u201cEntwicklungsbank\u201d (KfW), estableci\u00f3 el Fondo de [&hellip;]","og_url":"https:\/\/gdflac.com\/es\/acerca-de\/","og_site_name":"GDF","article_modified_time":"2023-05-18T18:17:54+00:00","og_image":[{"width":1000,"height":505,"url":"https:\/\/gdflac.com\/wp-content\/uploads\/2022\/12\/GDF-Logo-Transparent.png","type":"image\/png"}],"twitter_card":"summary_large_image","twitter_misc":{"Tiempo de lectura":"2 minutos"},"schema":{"@context":"https:\/\/schema.org","@graph":[{"@type":"WebPage","@id":"https:\/\/gdflac.com\/es\/acerca-de\/","url":"https:\/\/gdflac.com\/es\/acerca-de\/","name":"Acerca de - GDF","isPartOf":{"@id":"https:\/\/gdflac.com\/#website"},"datePublished":"2022-12-31T05:58:04+00:00","dateModified":"2023-05-18T18:17:54+00:00","breadcrumb":{"@id":"https:\/\/gdflac.com\/es\/acerca-de\/#breadcrumb"},"inLanguage":"es","potentialAction":[{"@type":"ReadAction","target":["https:\/\/gdflac.com\/es\/acerca-de\/"]}]},{"@type":"BreadcrumbList","@id":"https:\/\/gdflac.com\/es\/acerca-de\/#breadcrumb","itemListElement":[{"@type":"ListItem","position":1,"name":"Home","item":"https:\/\/gdflac.com\/es\/inicio\/"},{"@type":"ListItem","position":2,"name":"Acerca de"}]},{"@type":"WebSite","@id":"https:\/\/gdflac.com\/#website","url":"https:\/\/gdflac.com\/","name":"GDF","description":"Geothermal Development Facility for Latin America","publisher":{"@id":"https:\/\/gdflac.com\/#organization"},"alternateName":"GDF","potentialAction":[{"@type":"SearchAction","target":{"@type":"EntryPoint","urlTemplate":"https:\/\/gdflac.com\/?s={search_term_string}"},"query-input":{"@type":"PropertyValueSpecification","valueRequired":true,"valueName":"search_term_string"}}],"inLanguage":"es"},{"@type":"Organization","@id":"https:\/\/gdflac.com\/#organization","name":"GDF","alternateName":"GDF","url":"https:\/\/gdflac.com\/","logo":{"@type":"ImageObject","inLanguage":"es","@id":"https:\/\/gdflac.com\/#\/schema\/logo\/image\/","url":"https:\/\/gdflac.com\/wp-content\/uploads\/2022\/12\/GDF-Logo-Transparent.png","contentUrl":"https:\/\/gdflac.com\/wp-content\/uploads\/2022\/12\/GDF-Logo-Transparent.png","width":1000,"height":505,"caption":"GDF"},"image":{"@id":"https:\/\/gdflac.com\/#\/schema\/logo\/image\/"}}]}},"_links":{"self":[{"href":"https:\/\/gdflac.com\/es\/wp-json\/wp\/v2\/pages\/1110","targetHints":{"allow":["GET"]}}],"collection":[{"href":"https:\/\/gdflac.com\/es\/wp-json\/wp\/v2\/pages"}],"about":[{"href":"https:\/\/gdflac.com\/es\/wp-json\/wp\/v2\/types\/page"}],"author":[{"embeddable":true,"href":"https:\/\/gdflac.com\/es\/wp-json\/wp\/v2\/users\/1"}],"replies":[{"embeddable":true,"href":"https:\/\/gdflac.com\/es\/wp-json\/wp\/v2\/comments?post=1110"}],"version-history":[{"count":0,"href":"https:\/\/gdflac.com\/es\/wp-json\/wp\/v2\/pages\/1110\/revisions"}],"wp:attachment":[{"href":"https:\/\/gdflac.com\/es\/wp-json\/wp\/v2\/media?parent=1110"}],"curies":[{"name":"wp","href":"https:\/\/api.w.org\/{rel}","templated":true}]}}