{"id":1149,"date":"2022-12-31T06:07:33","date_gmt":"2022-12-31T06:07:33","guid":{"rendered":"https:\/\/gdflac.com\/foros-de-asistencia-tecnica\/"},"modified":"2023-01-10T23:53:33","modified_gmt":"2023-01-10T23:53:33","slug":"foros-de-asistencia-tecnica","status":"publish","type":"page","link":"https:\/\/gdflac.com\/es\/foros-de-asistencia-tecnica\/","title":{"rendered":"Foros de Asistencia T\u00e9cnica"},"content":{"rendered":"\t\t<div data-elementor-type=\"wp-page\" data-elementor-id=\"1149\" class=\"elementor elementor-1149 elementor-63\" data-elementor-post-type=\"page\">\n\t\t\t\t\t\t<section class=\"elementor-section elementor-top-section elementor-element elementor-element-0453633 elementor-section-height-min-height elementor-section-content-middle elementor-section-boxed elementor-section-height-default elementor-section-items-middle\" data-id=\"0453633\" data-element_type=\"section\" data-settings=\"{&quot;background_background&quot;:&quot;classic&quot;}\">\n\t\t\t\t\t\t\t<div class=\"elementor-background-overlay\"><\/div>\n\t\t\t\t\t\t\t<div class=\"elementor-container elementor-column-gap-default\">\n\t\t\t\t\t<div class=\"elementor-column elementor-col-100 elementor-top-column elementor-element elementor-element-8ff8fb2\" data-id=\"8ff8fb2\" data-element_type=\"column\">\n\t\t\t<div class=\"elementor-widget-wrap elementor-element-populated\">\n\t\t\t\t\t\t<div class=\"elementor-element elementor-element-aec344e elementor-widget elementor-widget-heading\" data-id=\"aec344e\" data-element_type=\"widget\" data-widget_type=\"heading.default\">\n\t\t\t\t<div class=\"elementor-widget-container\">\n\t\t\t\t\t<h1 class=\"elementor-heading-title elementor-size-default\">FOROS DE ASISTENCIA T\u00c9CNICA (FAT)<\/h1>\t\t\t\t<\/div>\n\t\t\t\t<\/div>\n\t\t\t\t<div class=\"elementor-element elementor-element-f09faf4 elementor-widget elementor-widget-text-editor\" data-id=\"f09faf4\" data-element_type=\"widget\" data-widget_type=\"text-editor.default\">\n\t\t\t\t<div class=\"elementor-widget-container\">\n\t\t\t\t\t\t\t\t\t<p>Los Foros de Asistencia T\u00e9cnica (FAT) ser\u00e1n organizados por los Gestores del Fondo para reunir a representantes de los respectivos gobiernos asociados y desarrolladores, con los representantes de los donantes y financiadores que contribuyen al Fondo regularmente.<\/p>\n\t\t\t\t\t\t\t\t<\/div>\n\t\t\t\t<\/div>\n\t\t\t\t\t<\/div>\n\t\t<\/div>\n\t\t\t\t\t<\/div>\n\t\t<\/section>\n\t\t\t\t<section class=\"elementor-section elementor-top-section elementor-element elementor-element-789f42a elementor-section-boxed elementor-section-height-default elementor-section-height-default\" data-id=\"789f42a\" data-element_type=\"section\">\n\t\t\t\t\t\t<div class=\"elementor-container elementor-column-gap-default\">\n\t\t\t\t\t<div class=\"elementor-column elementor-col-100 elementor-top-column elementor-element elementor-element-53ab057\" data-id=\"53ab057\" data-element_type=\"column\">\n\t\t\t<div class=\"elementor-widget-wrap elementor-element-populated\">\n\t\t\t\t\t\t<div class=\"elementor-element elementor-element-649b439 elementor-widget elementor-widget-breadcrumbs\" data-id=\"649b439\" data-element_type=\"widget\" data-widget_type=\"breadcrumbs.default\">\n\t\t\t\t<div class=\"elementor-widget-container\">\n\t\t\t\t\t<p id=\"breadcrumbs\"><span><span><a href=\"https:\/\/gdflac.com\/es\/inicio\/\">Home<\/a><\/span><\/span><\/p>\t\t\t\t<\/div>\n\t\t\t\t<\/div>\n\t\t\t\t\t<\/div>\n\t\t<\/div>\n\t\t\t\t\t<\/div>\n\t\t<\/section>\n\t\t\t\t<section class=\"elementor-section elementor-top-section elementor-element elementor-element-fde60a7 elementor-section-boxed elementor-section-height-default elementor-section-height-default\" data-id=\"fde60a7\" data-element_type=\"section\">\n\t\t\t\t\t\t<div class=\"elementor-container elementor-column-gap-wider\">\n\t\t\t\t\t<div class=\"elementor-column elementor-col-100 elementor-top-column elementor-element elementor-element-09133e9\" data-id=\"09133e9\" data-element_type=\"column\">\n\t\t\t<div class=\"elementor-widget-wrap elementor-element-populated\">\n\t\t\t\t\t\t<div class=\"elementor-element elementor-element-691250f elementor-widget elementor-widget-text-editor\" data-id=\"691250f\" data-element_type=\"widget\" data-widget_type=\"text-editor.default\">\n\t\t\t\t<div class=\"elementor-widget-container\">\n\t\t\t\t\t\t\t\t\t<div class=\"et_pb_column et_pb_column_2_3 et_pb_column_1 et_pb_css_mix_blend_mode_passthrough\">\n<div class=\"et_pb_module et_pb_text et_pb_text_1 et_pb_text_align_left et_pb_bg_layout_light\">\n<div class=\"et_pb_text_inner\">\n<p>Los FAT ser\u00e1n organizados por los Gestores del Fondo para reunir a representantes de los respectivos gobiernos socios y desarrolladores con los representantes de los donantes y financiadores que contribuyen al Fondo regularmente. Los FAT estar\u00e1n abiertos a representantes gubernamentales, promotores, instituciones financieras y otras partes interesadas. Se prev\u00e9 que los FAT coincidir\u00e1n con las reuniones internacionales de desarrollo geot\u00e9rmico, tales como la mesa redonda del Plan Global de Desarrollo Geot\u00e9rmico (GGDP). Los FAT proporcionar\u00e1n oportunidades para los miembros participantes para coordinar los programas existentes y previstos que utilizan los fondos del GDF; discutir las actuales tendencias de desarrollo geot\u00e9rmico de la regi\u00f3n; instruir con respecto a las mejores pr\u00e1cticas en cuanto a marcos regulatorios y legales; y facilitar la colaboraci\u00f3n de entidades p\u00fablicas y privadas. El objetivo de los FAT es ayudar a los gobiernos asociados a implementar y habilitar las condiciones del marco normativo, as\u00ed como permitir condiciones tarifarias y de red.<\/p>\n<\/div>\n<\/div>\n<\/div>\n\t\t\t\t\t\t\t\t<\/div>\n\t\t\t\t<\/div>\n\t\t\t\t<div class=\"elementor-element elementor-element-142639b elementor-widget-divider--view-line elementor-widget elementor-widget-divider\" data-id=\"142639b\" data-element_type=\"widget\" data-widget_type=\"divider.default\">\n\t\t\t\t<div class=\"elementor-widget-container\">\n\t\t\t\t\t\t\t<div class=\"elementor-divider\">\n\t\t\t<span class=\"elementor-divider-separator\">\n\t\t\t\t\t\t<\/span>\n\t\t<\/div>\n\t\t\t\t\t\t<\/div>\n\t\t\t\t<\/div>\n\t\t\t\t\t<\/div>\n\t\t<\/div>\n\t\t\t\t\t<\/div>\n\t\t<\/section>\n\t\t\t\t<section class=\"elementor-section elementor-top-section elementor-element elementor-element-dc31854 elementor-section-height-min-height elementor-section-boxed elementor-section-height-default elementor-section-items-middle\" data-id=\"dc31854\" data-element_type=\"section\" data-settings=\"{&quot;background_background&quot;:&quot;classic&quot;}\">\n\t\t\t\t\t\t\t<div class=\"elementor-background-overlay\"><\/div>\n\t\t\t\t\t\t\t<div class=\"elementor-container elementor-column-gap-default\">\n\t\t\t\t\t<div class=\"elementor-column elementor-col-100 elementor-top-column elementor-element elementor-element-13cafa5\" data-id=\"13cafa5\" data-element_type=\"column\">\n\t\t\t<div class=\"elementor-widget-wrap elementor-element-populated\">\n\t\t\t\t\t\t<div class=\"elementor-element elementor-element-daac75d elementor-widget elementor-widget-heading\" data-id=\"daac75d\" data-element_type=\"widget\" data-widget_type=\"heading.default\">\n\t\t\t\t<div class=\"elementor-widget-container\">\n\t\t\t\t\t<h2 class=\"elementor-heading-title elementor-size-default\">Creemos en pr\u00e1cticas sostenibles<\/h2>\t\t\t\t<\/div>\n\t\t\t\t<\/div>\n\t\t\t\t<div class=\"elementor-element elementor-element-f193aff elementor-align-center btnAngle elementor-widget elementor-widget-button\" data-id=\"f193aff\" data-element_type=\"widget\" data-widget_type=\"button.default\">\n\t\t\t\t<div class=\"elementor-widget-container\">\n\t\t\t\t\t\t\t\t\t<div class=\"elementor-button-wrapper\">\n\t\t\t\t\t<a class=\"elementor-button elementor-button-link elementor-size-sm\" href=\"https:\/\/gdflac.com\/es\/manual-de-obtencion\/\">\n\t\t\t\t\t\t<span class=\"elementor-button-content-wrapper\">\n\t\t\t\t\t\t<span class=\"elementor-button-icon\">\n\t\t\t\t<i aria-hidden=\"true\" class=\"fas fa-chevron-right\"><\/i>\t\t\t<\/span>\n\t\t\t\t\t\t\t\t\t<span class=\"elementor-button-text\">Aprenda Sobre Nuestras Normas de Contrataci\u00f3n<\/span>\n\t\t\t\t\t<\/span>\n\t\t\t\t\t<\/a>\n\t\t\t\t<\/div>\n\t\t\t\t\t\t\t\t<\/div>\n\t\t\t\t<\/div>\n\t\t\t\t\t<\/div>\n\t\t<\/div>\n\t\t\t\t\t<\/div>\n\t\t<\/section>\n\t\t\t\t<\/div>\n\t\t","protected":false},"excerpt":{"rendered":"<p>FOROS DE ASISTENCIA T\u00c9CNICA (FAT) Los Foros de Asistencia T\u00e9cnica (FAT) ser\u00e1n organizados por los Gestores del Fondo para reunir a representantes de los respectivos gobiernos asociados y desarrolladores, con los representantes de los donantes y financiadores que contribuyen al Fondo regularmente. Los FAT ser\u00e1n organizados por los Gestores del Fondo para reunir a representantes [&hellip;]<\/p>\n","protected":false},"author":1,"featured_media":0,"parent":0,"menu_order":0,"comment_status":"closed","ping_status":"closed","template":"","meta":{"footnotes":""},"class_list":["post-1149","page","type-page","status-publish","hentry"],"yoast_head":"<!-- This site is optimized with the Yoast SEO plugin v26.7 - https:\/\/yoast.com\/wordpress\/plugins\/seo\/ -->\n<title>Foros de Asistencia T\u00e9cnica - GDF<\/title>\n<meta name=\"robots\" content=\"index, follow, max-snippet:-1, max-image-preview:large, max-video-preview:-1\" \/>\n<link rel=\"canonical\" href=\"https:\/\/gdflac.com\/es\/foros-de-asistencia-tecnica\/\" \/>\n<meta property=\"og:locale\" content=\"es_ES\" \/>\n<meta property=\"og:type\" content=\"article\" \/>\n<meta property=\"og:title\" content=\"Foros de Asistencia T\u00e9cnica - GDF\" \/>\n<meta property=\"og:description\" content=\"FOROS DE ASISTENCIA T\u00c9CNICA (FAT) Los Foros de Asistencia T\u00e9cnica (FAT) ser\u00e1n organizados por los Gestores del Fondo para reunir a representantes de los respectivos gobiernos asociados y desarrolladores, con los representantes de los donantes y financiadores que contribuyen al Fondo regularmente. Los FAT ser\u00e1n organizados por los Gestores del Fondo para reunir a representantes [&hellip;]\" \/>\n<meta property=\"og:url\" content=\"https:\/\/gdflac.com\/es\/foros-de-asistencia-tecnica\/\" \/>\n<meta property=\"og:site_name\" content=\"GDF\" \/>\n<meta property=\"article:modified_time\" content=\"2023-01-10T23:53:33+00:00\" \/>\n<meta property=\"og:image\" content=\"https:\/\/gdflac.com\/wp-content\/uploads\/2022\/12\/GDF-Logo-Transparent.png\" \/>\n\t<meta property=\"og:image:width\" content=\"1000\" \/>\n\t<meta property=\"og:image:height\" content=\"505\" \/>\n\t<meta property=\"og:image:type\" content=\"image\/png\" \/>\n<meta name=\"twitter:card\" content=\"summary_large_image\" \/>\n<meta name=\"twitter:label1\" content=\"Tiempo de lectura\" \/>\n\t<meta name=\"twitter:data1\" content=\"1 minuto\" \/>\n<script type=\"application\/ld+json\" class=\"yoast-schema-graph\">{\"@context\":\"https:\/\/schema.org\",\"@graph\":[{\"@type\":\"WebPage\",\"@id\":\"https:\/\/gdflac.com\/es\/foros-de-asistencia-tecnica\/\",\"url\":\"https:\/\/gdflac.com\/es\/foros-de-asistencia-tecnica\/\",\"name\":\"Foros de Asistencia T\u00e9cnica - GDF\",\"isPartOf\":{\"@id\":\"https:\/\/gdflac.com\/#website\"},\"datePublished\":\"2022-12-31T06:07:33+00:00\",\"dateModified\":\"2023-01-10T23:53:33+00:00\",\"breadcrumb\":{\"@id\":\"https:\/\/gdflac.com\/es\/foros-de-asistencia-tecnica\/#breadcrumb\"},\"inLanguage\":\"es\",\"potentialAction\":[{\"@type\":\"ReadAction\",\"target\":[\"https:\/\/gdflac.com\/es\/foros-de-asistencia-tecnica\/\"]}]},{\"@type\":\"BreadcrumbList\",\"@id\":\"https:\/\/gdflac.com\/es\/foros-de-asistencia-tecnica\/#breadcrumb\",\"itemListElement\":[{\"@type\":\"ListItem\",\"position\":1,\"name\":\"Home\",\"item\":\"https:\/\/gdflac.com\/es\/inicio\/\"},{\"@type\":\"ListItem\",\"position\":2,\"name\":\"Foros de Asistencia T\u00e9cnica\"}]},{\"@type\":\"WebSite\",\"@id\":\"https:\/\/gdflac.com\/#website\",\"url\":\"https:\/\/gdflac.com\/\",\"name\":\"GDF\",\"description\":\"Geothermal Development Facility for Latin America\",\"publisher\":{\"@id\":\"https:\/\/gdflac.com\/#organization\"},\"alternateName\":\"GDF\",\"potentialAction\":[{\"@type\":\"SearchAction\",\"target\":{\"@type\":\"EntryPoint\",\"urlTemplate\":\"https:\/\/gdflac.com\/?s={search_term_string}\"},\"query-input\":{\"@type\":\"PropertyValueSpecification\",\"valueRequired\":true,\"valueName\":\"search_term_string\"}}],\"inLanguage\":\"es\"},{\"@type\":\"Organization\",\"@id\":\"https:\/\/gdflac.com\/#organization\",\"name\":\"GDF\",\"alternateName\":\"GDF\",\"url\":\"https:\/\/gdflac.com\/\",\"logo\":{\"@type\":\"ImageObject\",\"inLanguage\":\"es\",\"@id\":\"https:\/\/gdflac.com\/#\/schema\/logo\/image\/\",\"url\":\"https:\/\/gdflac.com\/wp-content\/uploads\/2022\/12\/GDF-Logo-Transparent.png\",\"contentUrl\":\"https:\/\/gdflac.com\/wp-content\/uploads\/2022\/12\/GDF-Logo-Transparent.png\",\"width\":1000,\"height\":505,\"caption\":\"GDF\"},\"image\":{\"@id\":\"https:\/\/gdflac.com\/#\/schema\/logo\/image\/\"}}]}<\/script>\n<!-- \/ Yoast SEO plugin. -->","yoast_head_json":{"title":"Foros de Asistencia T\u00e9cnica - GDF","robots":{"index":"index","follow":"follow","max-snippet":"max-snippet:-1","max-image-preview":"max-image-preview:large","max-video-preview":"max-video-preview:-1"},"canonical":"https:\/\/gdflac.com\/es\/foros-de-asistencia-tecnica\/","og_locale":"es_ES","og_type":"article","og_title":"Foros de Asistencia T\u00e9cnica - GDF","og_description":"FOROS DE ASISTENCIA T\u00c9CNICA (FAT) Los Foros de Asistencia T\u00e9cnica (FAT) ser\u00e1n organizados por los Gestores del Fondo para reunir a representantes de los respectivos gobiernos asociados y desarrolladores, con los representantes de los donantes y financiadores que contribuyen al Fondo regularmente. Los FAT ser\u00e1n organizados por los Gestores del Fondo para reunir a representantes [&hellip;]","og_url":"https:\/\/gdflac.com\/es\/foros-de-asistencia-tecnica\/","og_site_name":"GDF","article_modified_time":"2023-01-10T23:53:33+00:00","og_image":[{"width":1000,"height":505,"url":"https:\/\/gdflac.com\/wp-content\/uploads\/2022\/12\/GDF-Logo-Transparent.png","type":"image\/png"}],"twitter_card":"summary_large_image","twitter_misc":{"Tiempo de lectura":"1 minuto"},"schema":{"@context":"https:\/\/schema.org","@graph":[{"@type":"WebPage","@id":"https:\/\/gdflac.com\/es\/foros-de-asistencia-tecnica\/","url":"https:\/\/gdflac.com\/es\/foros-de-asistencia-tecnica\/","name":"Foros de Asistencia T\u00e9cnica - GDF","isPartOf":{"@id":"https:\/\/gdflac.com\/#website"},"datePublished":"2022-12-31T06:07:33+00:00","dateModified":"2023-01-10T23:53:33+00:00","breadcrumb":{"@id":"https:\/\/gdflac.com\/es\/foros-de-asistencia-tecnica\/#breadcrumb"},"inLanguage":"es","potentialAction":[{"@type":"ReadAction","target":["https:\/\/gdflac.com\/es\/foros-de-asistencia-tecnica\/"]}]},{"@type":"BreadcrumbList","@id":"https:\/\/gdflac.com\/es\/foros-de-asistencia-tecnica\/#breadcrumb","itemListElement":[{"@type":"ListItem","position":1,"name":"Home","item":"https:\/\/gdflac.com\/es\/inicio\/"},{"@type":"ListItem","position":2,"name":"Foros de Asistencia T\u00e9cnica"}]},{"@type":"WebSite","@id":"https:\/\/gdflac.com\/#website","url":"https:\/\/gdflac.com\/","name":"GDF","description":"Geothermal Development Facility for Latin America","publisher":{"@id":"https:\/\/gdflac.com\/#organization"},"alternateName":"GDF","potentialAction":[{"@type":"SearchAction","target":{"@type":"EntryPoint","urlTemplate":"https:\/\/gdflac.com\/?s={search_term_string}"},"query-input":{"@type":"PropertyValueSpecification","valueRequired":true,"valueName":"search_term_string"}}],"inLanguage":"es"},{"@type":"Organization","@id":"https:\/\/gdflac.com\/#organization","name":"GDF","alternateName":"GDF","url":"https:\/\/gdflac.com\/","logo":{"@type":"ImageObject","inLanguage":"es","@id":"https:\/\/gdflac.com\/#\/schema\/logo\/image\/","url":"https:\/\/gdflac.com\/wp-content\/uploads\/2022\/12\/GDF-Logo-Transparent.png","contentUrl":"https:\/\/gdflac.com\/wp-content\/uploads\/2022\/12\/GDF-Logo-Transparent.png","width":1000,"height":505,"caption":"GDF"},"image":{"@id":"https:\/\/gdflac.com\/#\/schema\/logo\/image\/"}}]}},"_links":{"self":[{"href":"https:\/\/gdflac.com\/es\/wp-json\/wp\/v2\/pages\/1149","targetHints":{"allow":["GET"]}}],"collection":[{"href":"https:\/\/gdflac.com\/es\/wp-json\/wp\/v2\/pages"}],"about":[{"href":"https:\/\/gdflac.com\/es\/wp-json\/wp\/v2\/types\/page"}],"author":[{"embeddable":true,"href":"https:\/\/gdflac.com\/es\/wp-json\/wp\/v2\/users\/1"}],"replies":[{"embeddable":true,"href":"https:\/\/gdflac.com\/es\/wp-json\/wp\/v2\/comments?post=1149"}],"version-history":[{"count":0,"href":"https:\/\/gdflac.com\/es\/wp-json\/wp\/v2\/pages\/1149\/revisions"}],"wp:attachment":[{"href":"https:\/\/gdflac.com\/es\/wp-json\/wp\/v2\/media?parent=1149"}],"curies":[{"name":"wp","href":"https:\/\/api.w.org\/{rel}","templated":true}]}}