{"id":1410,"date":"2022-12-31T06:00:55","date_gmt":"2022-12-31T06:00:55","guid":{"rendered":"https:\/\/gdflac.com\/acerca-de\/actividades-elegibles-para-el-fondo\/"},"modified":"2023-01-10T22:56:30","modified_gmt":"2023-01-10T22:56:30","slug":"actividades-elegibles-para-el-fondo","status":"publish","type":"page","link":"https:\/\/gdflac.com\/es\/acerca-de\/actividades-elegibles-para-el-fondo\/","title":{"rendered":"Actividades elegibles para el Fondo"},"content":{"rendered":"\t\t<div data-elementor-type=\"wp-page\" data-elementor-id=\"1410\" class=\"elementor elementor-1410 elementor-48\" data-elementor-post-type=\"page\">\n\t\t\t\t\t\t<section class=\"elementor-section elementor-top-section elementor-element elementor-element-e25788a elementor-section-boxed elementor-section-height-default elementor-section-height-default\" data-id=\"e25788a\" data-element_type=\"section\">\n\t\t\t\t\t\t<div class=\"elementor-container elementor-column-gap-default\">\n\t\t\t\t\t<div class=\"elementor-column elementor-col-100 elementor-top-column elementor-element elementor-element-a553b6c\" data-id=\"a553b6c\" data-element_type=\"column\">\n\t\t\t<div class=\"elementor-widget-wrap elementor-element-populated\">\n\t\t\t\t\t\t<div class=\"elementor-element elementor-element-2a2a89b elementor-widget elementor-widget-breadcrumbs\" data-id=\"2a2a89b\" data-element_type=\"widget\" data-widget_type=\"breadcrumbs.default\">\n\t\t\t\t<div class=\"elementor-widget-container\">\n\t\t\t\t\t<p id=\"breadcrumbs\"><span><span><a href=\"https:\/\/gdflac.com\/es\/inicio\/\">Home<\/a><\/span><\/span><\/p>\t\t\t\t<\/div>\n\t\t\t\t<\/div>\n\t\t\t\t\t<\/div>\n\t\t<\/div>\n\t\t\t\t\t<\/div>\n\t\t<\/section>\n\t\t\t\t<section class=\"elementor-section elementor-top-section elementor-element elementor-element-97a15af elementor-section-boxed elementor-section-height-default elementor-section-height-default\" data-id=\"97a15af\" data-element_type=\"section\">\n\t\t\t\t\t\t<div class=\"elementor-container elementor-column-gap-default\">\n\t\t\t\t\t<div class=\"elementor-column elementor-col-100 elementor-top-column elementor-element elementor-element-6a1f3d3\" data-id=\"6a1f3d3\" data-element_type=\"column\">\n\t\t\t<div class=\"elementor-widget-wrap elementor-element-populated\">\n\t\t\t\t\t\t<div class=\"elementor-element elementor-element-5e0f0d3 elementor-widget elementor-widget-heading\" data-id=\"5e0f0d3\" data-element_type=\"widget\" data-widget_type=\"heading.default\">\n\t\t\t\t<div class=\"elementor-widget-container\">\n\t\t\t\t\t<h1 class=\"elementor-heading-title elementor-size-default\">Actividades elegibles para el Fondo<\/h1>\t\t\t\t<\/div>\n\t\t\t\t<\/div>\n\t\t\t\t<div class=\"elementor-element elementor-element-18b50eb elementor-widget-divider--view-line elementor-widget elementor-widget-divider\" data-id=\"18b50eb\" data-element_type=\"widget\" data-widget_type=\"divider.default\">\n\t\t\t\t<div class=\"elementor-widget-container\">\n\t\t\t\t\t\t\t<div class=\"elementor-divider\">\n\t\t\t<span class=\"elementor-divider-separator\">\n\t\t\t\t\t\t<\/span>\n\t\t<\/div>\n\t\t\t\t\t\t<\/div>\n\t\t\t\t<\/div>\n\t\t\t\t\t<\/div>\n\t\t<\/div>\n\t\t\t\t\t<\/div>\n\t\t<\/section>\n\t\t\t\t<section class=\"elementor-section elementor-top-section elementor-element elementor-element-8acd7be elementor-section-boxed elementor-section-height-default elementor-section-height-default\" data-id=\"8acd7be\" data-element_type=\"section\">\n\t\t\t\t\t\t<div class=\"elementor-container elementor-column-gap-wider\">\n\t\t\t\t\t<div class=\"elementor-column elementor-col-100 elementor-top-column elementor-element elementor-element-ce87b94\" data-id=\"ce87b94\" data-element_type=\"column\">\n\t\t\t<div class=\"elementor-widget-wrap elementor-element-populated\">\n\t\t\t\t\t\t<div class=\"elementor-element elementor-element-b702d3c elementor-widget elementor-widget-heading\" data-id=\"b702d3c\" data-element_type=\"widget\" data-widget_type=\"heading.default\">\n\t\t\t\t<div class=\"elementor-widget-container\">\n\t\t\t\t\t<h2 class=\"elementor-heading-title elementor-size-default\">Estudios de Superficie<\/h2>\t\t\t\t<\/div>\n\t\t\t\t<\/div>\n\t\t\t\t<div class=\"elementor-element elementor-element-c10e0e3 elementor-widget elementor-widget-text-editor\" data-id=\"c10e0e3\" data-element_type=\"widget\" data-widget_type=\"text-editor.default\">\n\t\t\t\t<div class=\"elementor-widget-container\">\n\t\t\t\t\t\t\t\t\t<p>Estudios de superficie (exploraci\u00f3n) para determinar los lugares \u00f3ptimos para los pozos de confirmaci\u00f3n de reservorios de los prospectos geot\u00e9rmicos que han sido previamente identificados por el solicitante. Los estudios de superficie pueden incluir estudios geof\u00edsicos (por ejemplo, s\u00edsmica, gravedad, magn\u00e9ticos, o estudios magnetotel\u00faricos), as\u00ed como estudios de teledetecci\u00f3n complementaria, geol\u00f3gicos, hidrogeol\u00f3gicos, y\/o estudios geoqu\u00edmicos, si estos son necesarios para la ubicaci\u00f3n de pozos de confirmaci\u00f3n de reservorios. Adem\u00e1s, un programa de Estudios de Superficie puede incluir la infraestructura necesaria para la realizaci\u00f3n de \u00e9stos (por ejemplo, caminos de acceso), as\u00ed como la perforaci\u00f3n de un pozo slim-hole (&lt;5 \u201cde di\u00e1metro del \u00faltimo \u201cLiner\u201d o revestimiento). Los estudios de superficie deber\u00e1n incluir un reporte integrado de recursos, su interpretaci\u00f3n y un resumen de los resultados del trabajo. Este reporte debe incluir un modelo geol\u00f3gico-conceptual del recurso, y la identificaci\u00f3n y priorizaci\u00f3n de los sitios potenciales de perforaci\u00f3n.<\/p>\n\t\t\t\t\t\t\t\t<\/div>\n\t\t\t\t<\/div>\n\t\t\t\t<div class=\"elementor-element elementor-element-9c6603f elementor-widget elementor-widget-heading\" data-id=\"9c6603f\" data-element_type=\"widget\" data-widget_type=\"heading.default\">\n\t\t\t\t<div class=\"elementor-widget-container\">\n\t\t\t\t\t<h2 class=\"elementor-heading-title elementor-size-default\">Perforaci\u00f3n<\/h2>\t\t\t\t<\/div>\n\t\t\t\t<\/div>\n\t\t\t\t<div class=\"elementor-element elementor-element-28b8b4b elementor-widget elementor-widget-text-editor\" data-id=\"28b8b4b\" data-element_type=\"widget\" data-widget_type=\"text-editor.default\">\n\t\t\t\t<div class=\"elementor-widget-container\">\n\t\t\t\t\t\t\t\t\t<p>Los proyectos de perforaci\u00f3n en prospectos geot\u00e9rmicos pueden ocurrir una vez se hayan identificado los lugares \u00f3ptimos. Los proyectos de perforaci\u00f3n incluyen programas de pruebas de pozos para ayudar a confirmar y actualizar el modelo conceptual. Un programa de perforaci\u00f3n de exploraci\u00f3n apropiado para su financiaci\u00f3n por el GDF puede comprender hasta tres pozos de tama\u00f1o completo (\u2265 5 \u201d de di\u00e1metro en la \u00faltima tuber\u00eda de revestimiento o \u201cliner\u201d) adecuadas para la producci\u00f3n. Adem\u00e1s, un programa de perforaci\u00f3n puede incluir: la infraestructura necesaria para la perforaci\u00f3n de exploraci\u00f3n (por ejemplo, caminos de acceso, suministro de agua y energ\u00eda el\u00e9ctrica), la movilizaci\u00f3n y desmovilizaci\u00f3n de las plataformas de perforaci\u00f3n y pruebas de pozos. Por \u00faltimo, un programa de perforaci\u00f3n puede incorporar un estudio de viabilidad con el objetivo expl\u00edcito de obtener financiaci\u00f3n para pozos de confirmaci\u00f3n de reservorio subsecuentes o desarrollo del campo de vapor, en otras palabras, para la ubicaci\u00f3n de pozos adicionales. <\/p>\n\t\t\t\t\t\t\t\t<\/div>\n\t\t\t\t<\/div>\n\t\t\t\t\t<\/div>\n\t\t<\/div>\n\t\t\t\t\t<\/div>\n\t\t<\/section>\n\t\t\t\t<section class=\"elementor-section elementor-top-section elementor-element elementor-element-7d1342f elementor-section-height-min-height elementor-section-boxed elementor-section-height-default elementor-section-items-middle\" data-id=\"7d1342f\" data-element_type=\"section\" data-settings=\"{&quot;background_background&quot;:&quot;classic&quot;}\">\n\t\t\t\t\t\t\t<div class=\"elementor-background-overlay\"><\/div>\n\t\t\t\t\t\t\t<div class=\"elementor-container elementor-column-gap-default\">\n\t\t\t\t\t<div class=\"elementor-column elementor-col-100 elementor-top-column elementor-element elementor-element-87bb358\" data-id=\"87bb358\" data-element_type=\"column\">\n\t\t\t<div class=\"elementor-widget-wrap elementor-element-populated\">\n\t\t\t\t\t\t<div class=\"elementor-element elementor-element-80bc744 elementor-widget elementor-widget-heading\" data-id=\"80bc744\" data-element_type=\"widget\" data-widget_type=\"heading.default\">\n\t\t\t\t<div class=\"elementor-widget-container\">\n\t\t\t\t\t<h2 class=\"elementor-heading-title elementor-size-default\">Creemos en pr\u00e1cticas sostenibles<\/h2>\t\t\t\t<\/div>\n\t\t\t\t<\/div>\n\t\t\t\t<div class=\"elementor-element elementor-element-35611fa elementor-align-center btnAngle elementor-widget elementor-widget-button\" data-id=\"35611fa\" data-element_type=\"widget\" data-widget_type=\"button.default\">\n\t\t\t\t<div class=\"elementor-widget-container\">\n\t\t\t\t\t\t\t\t\t<div class=\"elementor-button-wrapper\">\n\t\t\t\t\t<a class=\"elementor-button elementor-button-link elementor-size-sm\" href=\"https:\/\/gdflac.com\/es\/manual-de-obtencion\/\">\n\t\t\t\t\t\t<span class=\"elementor-button-content-wrapper\">\n\t\t\t\t\t\t<span class=\"elementor-button-icon\">\n\t\t\t\t<i aria-hidden=\"true\" class=\"fas fa-chevron-right\"><\/i>\t\t\t<\/span>\n\t\t\t\t\t\t\t\t\t<span class=\"elementor-button-text\">Aprenda Sobre Nuestras Normas de Contrataci\u00f3n<\/span>\n\t\t\t\t\t<\/span>\n\t\t\t\t\t<\/a>\n\t\t\t\t<\/div>\n\t\t\t\t\t\t\t\t<\/div>\n\t\t\t\t<\/div>\n\t\t\t\t\t<\/div>\n\t\t<\/div>\n\t\t\t\t\t<\/div>\n\t\t<\/section>\n\t\t\t\t<\/div>\n\t\t","protected":false},"excerpt":{"rendered":"<p>Estudios de Superficie Estudios de superficie (exploraci\u00f3n) para determinar los lugares \u00f3ptimos para los pozos de confirmaci\u00f3n de reservorios de los prospectos geot\u00e9rmicos que han sido previamente identificados por el solicitante. Los estudios de superficie pueden incluir estudios geof\u00edsicos (por ejemplo, s\u00edsmica, gravedad, magn\u00e9ticos, o estudios magnetotel\u00faricos), as\u00ed como estudios de teledetecci\u00f3n complementaria, geol\u00f3gicos, hidrogeol\u00f3gicos, [&hellip;]<\/p>\n","protected":false},"author":1,"featured_media":0,"parent":1110,"menu_order":1,"comment_status":"closed","ping_status":"closed","template":"","meta":{"footnotes":""},"class_list":["post-1410","page","type-page","status-publish","hentry"],"yoast_head":"<!-- This site is optimized with the Yoast SEO plugin v26.7 - https:\/\/yoast.com\/wordpress\/plugins\/seo\/ -->\n<title>Actividades elegibles para el Fondo - GDF<\/title>\n<meta name=\"robots\" content=\"index, follow, max-snippet:-1, max-image-preview:large, max-video-preview:-1\" \/>\n<link rel=\"canonical\" href=\"https:\/\/gdflac.com\/es\/acerca-de\/actividades-elegibles-para-el-fondo\/\" \/>\n<meta property=\"og:locale\" content=\"es_ES\" \/>\n<meta property=\"og:type\" content=\"article\" \/>\n<meta property=\"og:title\" content=\"Actividades elegibles para el Fondo - GDF\" \/>\n<meta property=\"og:description\" content=\"Estudios de Superficie Estudios de superficie (exploraci\u00f3n) para determinar los lugares \u00f3ptimos para los pozos de confirmaci\u00f3n de reservorios de los prospectos geot\u00e9rmicos que han sido previamente identificados por el solicitante. Los estudios de superficie pueden incluir estudios geof\u00edsicos (por ejemplo, s\u00edsmica, gravedad, magn\u00e9ticos, o estudios magnetotel\u00faricos), as\u00ed como estudios de teledetecci\u00f3n complementaria, geol\u00f3gicos, hidrogeol\u00f3gicos, [&hellip;]\" \/>\n<meta property=\"og:url\" content=\"https:\/\/gdflac.com\/es\/acerca-de\/actividades-elegibles-para-el-fondo\/\" \/>\n<meta property=\"og:site_name\" content=\"GDF\" \/>\n<meta property=\"article:modified_time\" content=\"2023-01-10T22:56:30+00:00\" \/>\n<meta property=\"og:image\" content=\"https:\/\/gdflac.com\/wp-content\/uploads\/2022\/12\/GDF-Logo-Transparent.png\" \/>\n\t<meta property=\"og:image:width\" content=\"1000\" \/>\n\t<meta property=\"og:image:height\" content=\"505\" \/>\n\t<meta property=\"og:image:type\" content=\"image\/png\" \/>\n<meta name=\"twitter:card\" content=\"summary_large_image\" \/>\n<meta name=\"twitter:label1\" content=\"Tiempo de lectura\" \/>\n\t<meta name=\"twitter:data1\" content=\"2 minutos\" \/>\n<script type=\"application\/ld+json\" class=\"yoast-schema-graph\">{\"@context\":\"https:\/\/schema.org\",\"@graph\":[{\"@type\":\"WebPage\",\"@id\":\"https:\/\/gdflac.com\/es\/acerca-de\/actividades-elegibles-para-el-fondo\/\",\"url\":\"https:\/\/gdflac.com\/es\/acerca-de\/actividades-elegibles-para-el-fondo\/\",\"name\":\"Actividades elegibles para el Fondo - GDF\",\"isPartOf\":{\"@id\":\"https:\/\/gdflac.com\/#website\"},\"datePublished\":\"2022-12-31T06:00:55+00:00\",\"dateModified\":\"2023-01-10T22:56:30+00:00\",\"breadcrumb\":{\"@id\":\"https:\/\/gdflac.com\/es\/acerca-de\/actividades-elegibles-para-el-fondo\/#breadcrumb\"},\"inLanguage\":\"es\",\"potentialAction\":[{\"@type\":\"ReadAction\",\"target\":[\"https:\/\/gdflac.com\/es\/acerca-de\/actividades-elegibles-para-el-fondo\/\"]}]},{\"@type\":\"BreadcrumbList\",\"@id\":\"https:\/\/gdflac.com\/es\/acerca-de\/actividades-elegibles-para-el-fondo\/#breadcrumb\",\"itemListElement\":[{\"@type\":\"ListItem\",\"position\":1,\"name\":\"Home\",\"item\":\"https:\/\/gdflac.com\/es\/inicio\/\"},{\"@type\":\"ListItem\",\"position\":2,\"name\":\"Acerca de\",\"item\":\"https:\/\/gdflac.com\/es\/acerca-de\/\"},{\"@type\":\"ListItem\",\"position\":3,\"name\":\"Actividades elegibles para el Fondo\"}]},{\"@type\":\"WebSite\",\"@id\":\"https:\/\/gdflac.com\/#website\",\"url\":\"https:\/\/gdflac.com\/\",\"name\":\"GDF\",\"description\":\"Geothermal Development Facility for Latin America\",\"publisher\":{\"@id\":\"https:\/\/gdflac.com\/#organization\"},\"alternateName\":\"GDF\",\"potentialAction\":[{\"@type\":\"SearchAction\",\"target\":{\"@type\":\"EntryPoint\",\"urlTemplate\":\"https:\/\/gdflac.com\/?s={search_term_string}\"},\"query-input\":{\"@type\":\"PropertyValueSpecification\",\"valueRequired\":true,\"valueName\":\"search_term_string\"}}],\"inLanguage\":\"es\"},{\"@type\":\"Organization\",\"@id\":\"https:\/\/gdflac.com\/#organization\",\"name\":\"GDF\",\"alternateName\":\"GDF\",\"url\":\"https:\/\/gdflac.com\/\",\"logo\":{\"@type\":\"ImageObject\",\"inLanguage\":\"es\",\"@id\":\"https:\/\/gdflac.com\/#\/schema\/logo\/image\/\",\"url\":\"https:\/\/gdflac.com\/wp-content\/uploads\/2022\/12\/GDF-Logo-Transparent.png\",\"contentUrl\":\"https:\/\/gdflac.com\/wp-content\/uploads\/2022\/12\/GDF-Logo-Transparent.png\",\"width\":1000,\"height\":505,\"caption\":\"GDF\"},\"image\":{\"@id\":\"https:\/\/gdflac.com\/#\/schema\/logo\/image\/\"}}]}<\/script>\n<!-- \/ Yoast SEO plugin. -->","yoast_head_json":{"title":"Actividades elegibles para el Fondo - GDF","robots":{"index":"index","follow":"follow","max-snippet":"max-snippet:-1","max-image-preview":"max-image-preview:large","max-video-preview":"max-video-preview:-1"},"canonical":"https:\/\/gdflac.com\/es\/acerca-de\/actividades-elegibles-para-el-fondo\/","og_locale":"es_ES","og_type":"article","og_title":"Actividades elegibles para el Fondo - GDF","og_description":"Estudios de Superficie Estudios de superficie (exploraci\u00f3n) para determinar los lugares \u00f3ptimos para los pozos de confirmaci\u00f3n de reservorios de los prospectos geot\u00e9rmicos que han sido previamente identificados por el solicitante. Los estudios de superficie pueden incluir estudios geof\u00edsicos (por ejemplo, s\u00edsmica, gravedad, magn\u00e9ticos, o estudios magnetotel\u00faricos), as\u00ed como estudios de teledetecci\u00f3n complementaria, geol\u00f3gicos, hidrogeol\u00f3gicos, [&hellip;]","og_url":"https:\/\/gdflac.com\/es\/acerca-de\/actividades-elegibles-para-el-fondo\/","og_site_name":"GDF","article_modified_time":"2023-01-10T22:56:30+00:00","og_image":[{"width":1000,"height":505,"url":"https:\/\/gdflac.com\/wp-content\/uploads\/2022\/12\/GDF-Logo-Transparent.png","type":"image\/png"}],"twitter_card":"summary_large_image","twitter_misc":{"Tiempo de lectura":"2 minutos"},"schema":{"@context":"https:\/\/schema.org","@graph":[{"@type":"WebPage","@id":"https:\/\/gdflac.com\/es\/acerca-de\/actividades-elegibles-para-el-fondo\/","url":"https:\/\/gdflac.com\/es\/acerca-de\/actividades-elegibles-para-el-fondo\/","name":"Actividades elegibles para el Fondo - GDF","isPartOf":{"@id":"https:\/\/gdflac.com\/#website"},"datePublished":"2022-12-31T06:00:55+00:00","dateModified":"2023-01-10T22:56:30+00:00","breadcrumb":{"@id":"https:\/\/gdflac.com\/es\/acerca-de\/actividades-elegibles-para-el-fondo\/#breadcrumb"},"inLanguage":"es","potentialAction":[{"@type":"ReadAction","target":["https:\/\/gdflac.com\/es\/acerca-de\/actividades-elegibles-para-el-fondo\/"]}]},{"@type":"BreadcrumbList","@id":"https:\/\/gdflac.com\/es\/acerca-de\/actividades-elegibles-para-el-fondo\/#breadcrumb","itemListElement":[{"@type":"ListItem","position":1,"name":"Home","item":"https:\/\/gdflac.com\/es\/inicio\/"},{"@type":"ListItem","position":2,"name":"Acerca de","item":"https:\/\/gdflac.com\/es\/acerca-de\/"},{"@type":"ListItem","position":3,"name":"Actividades elegibles para el Fondo"}]},{"@type":"WebSite","@id":"https:\/\/gdflac.com\/#website","url":"https:\/\/gdflac.com\/","name":"GDF","description":"Geothermal Development Facility for Latin America","publisher":{"@id":"https:\/\/gdflac.com\/#organization"},"alternateName":"GDF","potentialAction":[{"@type":"SearchAction","target":{"@type":"EntryPoint","urlTemplate":"https:\/\/gdflac.com\/?s={search_term_string}"},"query-input":{"@type":"PropertyValueSpecification","valueRequired":true,"valueName":"search_term_string"}}],"inLanguage":"es"},{"@type":"Organization","@id":"https:\/\/gdflac.com\/#organization","name":"GDF","alternateName":"GDF","url":"https:\/\/gdflac.com\/","logo":{"@type":"ImageObject","inLanguage":"es","@id":"https:\/\/gdflac.com\/#\/schema\/logo\/image\/","url":"https:\/\/gdflac.com\/wp-content\/uploads\/2022\/12\/GDF-Logo-Transparent.png","contentUrl":"https:\/\/gdflac.com\/wp-content\/uploads\/2022\/12\/GDF-Logo-Transparent.png","width":1000,"height":505,"caption":"GDF"},"image":{"@id":"https:\/\/gdflac.com\/#\/schema\/logo\/image\/"}}]}},"_links":{"self":[{"href":"https:\/\/gdflac.com\/es\/wp-json\/wp\/v2\/pages\/1410","targetHints":{"allow":["GET"]}}],"collection":[{"href":"https:\/\/gdflac.com\/es\/wp-json\/wp\/v2\/pages"}],"about":[{"href":"https:\/\/gdflac.com\/es\/wp-json\/wp\/v2\/types\/page"}],"author":[{"embeddable":true,"href":"https:\/\/gdflac.com\/es\/wp-json\/wp\/v2\/users\/1"}],"replies":[{"embeddable":true,"href":"https:\/\/gdflac.com\/es\/wp-json\/wp\/v2\/comments?post=1410"}],"version-history":[{"count":0,"href":"https:\/\/gdflac.com\/es\/wp-json\/wp\/v2\/pages\/1410\/revisions"}],"up":[{"embeddable":true,"href":"https:\/\/gdflac.com\/es\/wp-json\/wp\/v2\/pages\/1110"}],"wp:attachment":[{"href":"https:\/\/gdflac.com\/es\/wp-json\/wp\/v2\/media?parent=1410"}],"curies":[{"name":"wp","href":"https:\/\/api.w.org\/{rel}","templated":true}]}}