{"id":1589,"date":"2022-12-31T06:03:38","date_gmt":"2022-12-31T06:03:38","guid":{"rendered":"https:\/\/gdflac.com\/acerca-de\/area-del-proyecto-y-paises\/"},"modified":"2023-01-10T23:04:05","modified_gmt":"2023-01-10T23:04:05","slug":"area-del-proyecto-y-paises","status":"publish","type":"page","link":"https:\/\/gdflac.com\/es\/acerca-de\/area-del-proyecto-y-paises\/","title":{"rendered":"\u00c1rea del proyecto y pa\u00edses"},"content":{"rendered":"\t\t<div data-elementor-type=\"wp-page\" data-elementor-id=\"1589\" class=\"elementor elementor-1589 elementor-52\" data-elementor-post-type=\"page\">\n\t\t\t\t\t\t<section class=\"elementor-section elementor-top-section elementor-element elementor-element-bdadbc8 elementor-section-boxed elementor-section-height-default elementor-section-height-default\" data-id=\"bdadbc8\" data-element_type=\"section\">\n\t\t\t\t\t\t<div class=\"elementor-container elementor-column-gap-default\">\n\t\t\t\t\t<div class=\"elementor-column elementor-col-100 elementor-top-column elementor-element elementor-element-1f9c00c\" data-id=\"1f9c00c\" data-element_type=\"column\">\n\t\t\t<div class=\"elementor-widget-wrap elementor-element-populated\">\n\t\t\t\t\t\t<div class=\"elementor-element elementor-element-ded3eaf elementor-widget elementor-widget-breadcrumbs\" data-id=\"ded3eaf\" data-element_type=\"widget\" data-widget_type=\"breadcrumbs.default\">\n\t\t\t\t<div class=\"elementor-widget-container\">\n\t\t\t\t\t<p id=\"breadcrumbs\"><span><span><a href=\"https:\/\/gdflac.com\/es\/inicio\/\">Home<\/a><\/span><\/span><\/p>\t\t\t\t<\/div>\n\t\t\t\t<\/div>\n\t\t\t\t\t<\/div>\n\t\t<\/div>\n\t\t\t\t\t<\/div>\n\t\t<\/section>\n\t\t\t\t<section class=\"elementor-section elementor-top-section elementor-element elementor-element-1a0ab2c elementor-section-boxed elementor-section-height-default elementor-section-height-default\" data-id=\"1a0ab2c\" data-element_type=\"section\">\n\t\t\t\t\t\t<div class=\"elementor-container elementor-column-gap-default\">\n\t\t\t\t\t<div class=\"elementor-column elementor-col-100 elementor-top-column elementor-element elementor-element-a7653d1\" data-id=\"a7653d1\" data-element_type=\"column\">\n\t\t\t<div class=\"elementor-widget-wrap elementor-element-populated\">\n\t\t\t\t\t\t<div class=\"elementor-element elementor-element-fbbddfe elementor-widget elementor-widget-heading\" data-id=\"fbbddfe\" data-element_type=\"widget\" data-widget_type=\"heading.default\">\n\t\t\t\t<div class=\"elementor-widget-container\">\n\t\t\t\t\t<h1 class=\"elementor-heading-title elementor-size-default\">\u00c1rea del proyecto y pa\u00edses<\/h1>\t\t\t\t<\/div>\n\t\t\t\t<\/div>\n\t\t\t\t<div class=\"elementor-element elementor-element-c192595 elementor-widget-divider--view-line elementor-widget elementor-widget-divider\" data-id=\"c192595\" data-element_type=\"widget\" data-widget_type=\"divider.default\">\n\t\t\t\t<div class=\"elementor-widget-container\">\n\t\t\t\t\t\t\t<div class=\"elementor-divider\">\n\t\t\t<span class=\"elementor-divider-separator\">\n\t\t\t\t\t\t<\/span>\n\t\t<\/div>\n\t\t\t\t\t\t<\/div>\n\t\t\t\t<\/div>\n\t\t\t\t\t<\/div>\n\t\t<\/div>\n\t\t\t\t\t<\/div>\n\t\t<\/section>\n\t\t\t\t<section class=\"elementor-section elementor-top-section elementor-element elementor-element-33fe3aa elementor-section-boxed elementor-section-height-default elementor-section-height-default\" data-id=\"33fe3aa\" data-element_type=\"section\">\n\t\t\t\t\t\t<div class=\"elementor-container elementor-column-gap-wider\">\n\t\t\t\t\t<div class=\"elementor-column elementor-col-100 elementor-top-column elementor-element elementor-element-2903105\" data-id=\"2903105\" data-element_type=\"column\">\n\t\t\t<div class=\"elementor-widget-wrap elementor-element-populated\">\n\t\t\t\t\t\t<div class=\"elementor-element elementor-element-e84161e elementor-widget elementor-widget-heading\" data-id=\"e84161e\" data-element_type=\"widget\" data-widget_type=\"heading.default\">\n\t\t\t\t<div class=\"elementor-widget-container\">\n\t\t\t\t\t<h2 class=\"elementor-heading-title elementor-size-default\">\u00c1rea del Proyecto<\/h2>\t\t\t\t<\/div>\n\t\t\t\t<\/div>\n\t\t\t\t<div class=\"elementor-element elementor-element-5ebd073 elementor-widget elementor-widget-text-editor\" data-id=\"5ebd073\" data-element_type=\"widget\" data-widget_type=\"text-editor.default\">\n\t\t\t\t<div class=\"elementor-widget-container\">\n\t\t\t\t\t\t\t\t\t<p>Los siguientes pa\u00edses son considerados como elegibles dentro de la Regi\u00f3n Andina: Bolivia, Chile, Colombia, Ecuador y Per\u00fa. En Centroam\u00e9rica, los pa\u00edses elegibles son: Costa Rica, El Salvador, Guatemala, Honduras y Nicaragua.<\/p>\n<p>El GDF proporcionar\u00e1 subvenciones sin derecho a reclamaci\u00f3n para estudios tempranos de exploraci\u00f3n geot\u00e9rmica superficial y subvenciones de contingencia para perforaci\u00f3n de exploraci\u00f3n\/confirmaci\u00f3n.<\/p>\n\t\t\t\t\t\t\t\t<\/div>\n\t\t\t\t<\/div>\n\t\t\t\t<div class=\"elementor-element elementor-element-905c0f9 elementor-widget elementor-widget-image\" data-id=\"905c0f9\" data-element_type=\"widget\" data-widget_type=\"image.default\">\n\t\t\t\t<div class=\"elementor-widget-container\">\n\t\t\t\t\t\t\t\t\t\t\t\t\t\t\t<img fetchpriority=\"high\" decoding=\"async\" width=\"1336\" height=\"850\" src=\"https:\/\/gdflac.com\/wp-content\/uploads\/2023\/01\/GDF-Eligible-Countries-ver-2.1-09-May-22-MVK.jpg\" class=\"attachment-full size-full wp-image-620\" alt=\"\" srcset=\"https:\/\/gdflac.com\/wp-content\/uploads\/2023\/01\/GDF-Eligible-Countries-ver-2.1-09-May-22-MVK.jpg 1336w, https:\/\/gdflac.com\/wp-content\/uploads\/2023\/01\/GDF-Eligible-Countries-ver-2.1-09-May-22-MVK-300x191.jpg 300w, https:\/\/gdflac.com\/wp-content\/uploads\/2023\/01\/GDF-Eligible-Countries-ver-2.1-09-May-22-MVK-1024x651.jpg 1024w, https:\/\/gdflac.com\/wp-content\/uploads\/2023\/01\/GDF-Eligible-Countries-ver-2.1-09-May-22-MVK-768x489.jpg 768w\" sizes=\"(max-width: 1336px) 100vw, 1336px\" \/>\t\t\t\t\t\t\t\t\t\t\t\t\t\t\t<\/div>\n\t\t\t\t<\/div>\n\t\t\t\t\t<\/div>\n\t\t<\/div>\n\t\t\t\t\t<\/div>\n\t\t<\/section>\n\t\t\t\t<section class=\"elementor-section elementor-top-section elementor-element elementor-element-7a8a65f elementor-section-boxed elementor-section-height-default elementor-section-height-default\" data-id=\"7a8a65f\" data-element_type=\"section\">\n\t\t\t\t\t\t<div class=\"elementor-container elementor-column-gap-wider\">\n\t\t\t\t\t<div class=\"elementor-column elementor-col-100 elementor-top-column elementor-element elementor-element-205bb7d\" data-id=\"205bb7d\" data-element_type=\"column\">\n\t\t\t<div class=\"elementor-widget-wrap elementor-element-populated\">\n\t\t\t\t\t\t<div class=\"elementor-element elementor-element-bb9e25b elementor-widget elementor-widget-heading\" data-id=\"bb9e25b\" data-element_type=\"widget\" data-widget_type=\"heading.default\">\n\t\t\t\t<div class=\"elementor-widget-container\">\n\t\t\t\t\t<h2 class=\"elementor-heading-title elementor-size-default\">Pa\u00edses<\/h2>\t\t\t\t<\/div>\n\t\t\t\t<\/div>\n\t\t\t\t<div class=\"elementor-element elementor-element-58f3b34 elementor-widget elementor-widget-text-editor\" data-id=\"58f3b34\" data-element_type=\"widget\" data-widget_type=\"text-editor.default\">\n\t\t\t\t<div class=\"elementor-widget-container\">\n\t\t\t\t\t\t\t\t\t<p>Actualmente, el GDF apoya las actividades geot\u00e9rmicas en los siguientes pa\u00edses de Latinoam\u00e9rica.<\/p>\n<h4><span style=\"color: #005f3c;\">Regi\u00f3n Andina<\/span><\/h4>\n<p>Bolivia, Chile, Colombia, Ecuador, y Per\u00fa.<\/p>\n<h4><span style=\"color: #005f3c;\">Centroam\u00e9rica<\/span><\/h4>\n<p>Costa Rica, El Salvador, Guatemala, Honduras, M\u00e9xico y Nicaragua.<\/p>\n\t\t\t\t\t\t\t\t<\/div>\n\t\t\t\t<\/div>\n\t\t\t\t\t<\/div>\n\t\t<\/div>\n\t\t\t\t\t<\/div>\n\t\t<\/section>\n\t\t\t\t<section class=\"elementor-section elementor-top-section elementor-element elementor-element-06d0a13 elementor-section-height-min-height elementor-section-boxed elementor-section-height-default elementor-section-items-middle\" data-id=\"06d0a13\" data-element_type=\"section\" data-settings=\"{&quot;background_background&quot;:&quot;classic&quot;}\">\n\t\t\t\t\t\t\t<div class=\"elementor-background-overlay\"><\/div>\n\t\t\t\t\t\t\t<div class=\"elementor-container elementor-column-gap-default\">\n\t\t\t\t\t<div class=\"elementor-column elementor-col-100 elementor-top-column elementor-element elementor-element-f5fbfd2\" data-id=\"f5fbfd2\" data-element_type=\"column\">\n\t\t\t<div class=\"elementor-widget-wrap elementor-element-populated\">\n\t\t\t\t\t\t<div class=\"elementor-element elementor-element-50f65ff elementor-widget elementor-widget-heading\" data-id=\"50f65ff\" data-element_type=\"widget\" data-widget_type=\"heading.default\">\n\t\t\t\t<div class=\"elementor-widget-container\">\n\t\t\t\t\t<h2 class=\"elementor-heading-title elementor-size-default\">Protegemos su privacidad<\/h2>\t\t\t\t<\/div>\n\t\t\t\t<\/div>\n\t\t\t\t<div class=\"elementor-element elementor-element-02f8bb6 elementor-align-center btnAngle elementor-widget elementor-widget-button\" data-id=\"02f8bb6\" data-element_type=\"widget\" data-widget_type=\"button.default\">\n\t\t\t\t<div class=\"elementor-widget-container\">\n\t\t\t\t\t\t\t\t\t<div class=\"elementor-button-wrapper\">\n\t\t\t\t\t<a class=\"elementor-button elementor-button-link elementor-size-sm\" href=\"https:\/\/gdflac.com\/es\/politica-de-proteccion-de-datos\/\">\n\t\t\t\t\t\t<span class=\"elementor-button-content-wrapper\">\n\t\t\t\t\t\t<span class=\"elementor-button-icon\">\n\t\t\t\t<i aria-hidden=\"true\" class=\"fas fa-chevron-right\"><\/i>\t\t\t<\/span>\n\t\t\t\t\t\t\t\t\t<span class=\"elementor-button-text\">Aprende acerca de nuestra pol\u00edtica de protecci\u00f3n<\/span>\n\t\t\t\t\t<\/span>\n\t\t\t\t\t<\/a>\n\t\t\t\t<\/div>\n\t\t\t\t\t\t\t\t<\/div>\n\t\t\t\t<\/div>\n\t\t\t\t\t<\/div>\n\t\t<\/div>\n\t\t\t\t\t<\/div>\n\t\t<\/section>\n\t\t\t\t<\/div>\n\t\t","protected":false},"excerpt":{"rendered":"<p>\u00c1rea del Proyecto Los siguientes pa\u00edses son considerados como elegibles dentro de la Regi\u00f3n Andina: Bolivia, Chile, Colombia, Ecuador y Per\u00fa. En Centroam\u00e9rica, los pa\u00edses elegibles son: Costa Rica, El Salvador, Guatemala, Honduras y Nicaragua. El GDF proporcionar\u00e1 subvenciones sin derecho a reclamaci\u00f3n para estudios tempranos de exploraci\u00f3n geot\u00e9rmica superficial y subvenciones de contingencia para [&hellip;]<\/p>\n","protected":false},"author":1,"featured_media":0,"parent":1110,"menu_order":5,"comment_status":"closed","ping_status":"closed","template":"","meta":{"footnotes":""},"class_list":["post-1589","page","type-page","status-publish","hentry"],"yoast_head":"<!-- This site is optimized with the Yoast SEO plugin v26.7 - https:\/\/yoast.com\/wordpress\/plugins\/seo\/ -->\n<title>\u00c1rea del proyecto y pa\u00edses - GDF<\/title>\n<meta name=\"robots\" content=\"index, follow, max-snippet:-1, max-image-preview:large, max-video-preview:-1\" \/>\n<link rel=\"canonical\" href=\"https:\/\/gdflac.com\/es\/acerca-de\/area-del-proyecto-y-paises\/\" \/>\n<meta property=\"og:locale\" content=\"es_ES\" \/>\n<meta property=\"og:type\" content=\"article\" \/>\n<meta property=\"og:title\" content=\"\u00c1rea del proyecto y pa\u00edses - GDF\" \/>\n<meta property=\"og:description\" content=\"\u00c1rea del Proyecto Los siguientes pa\u00edses son considerados como elegibles dentro de la Regi\u00f3n Andina: Bolivia, Chile, Colombia, Ecuador y Per\u00fa. En Centroam\u00e9rica, los pa\u00edses elegibles son: Costa Rica, El Salvador, Guatemala, Honduras y Nicaragua. El GDF proporcionar\u00e1 subvenciones sin derecho a reclamaci\u00f3n para estudios tempranos de exploraci\u00f3n geot\u00e9rmica superficial y subvenciones de contingencia para [&hellip;]\" \/>\n<meta property=\"og:url\" content=\"https:\/\/gdflac.com\/es\/acerca-de\/area-del-proyecto-y-paises\/\" \/>\n<meta property=\"og:site_name\" content=\"GDF\" \/>\n<meta property=\"article:modified_time\" content=\"2023-01-10T23:04:05+00:00\" \/>\n<meta property=\"og:image\" content=\"https:\/\/gdflac.com\/wp-content\/uploads\/2023\/01\/GDF-Eligible-Countries-ver-2.1-09-May-22-MVK.jpg\" \/>\n<meta name=\"twitter:card\" content=\"summary_large_image\" \/>\n<meta name=\"twitter:label1\" content=\"Tiempo de lectura\" \/>\n\t<meta name=\"twitter:data1\" content=\"1 minuto\" \/>\n<script type=\"application\/ld+json\" class=\"yoast-schema-graph\">{\"@context\":\"https:\/\/schema.org\",\"@graph\":[{\"@type\":\"WebPage\",\"@id\":\"https:\/\/gdflac.com\/es\/acerca-de\/area-del-proyecto-y-paises\/\",\"url\":\"https:\/\/gdflac.com\/es\/acerca-de\/area-del-proyecto-y-paises\/\",\"name\":\"\u00c1rea del proyecto y pa\u00edses - GDF\",\"isPartOf\":{\"@id\":\"https:\/\/gdflac.com\/#website\"},\"primaryImageOfPage\":{\"@id\":\"https:\/\/gdflac.com\/es\/acerca-de\/area-del-proyecto-y-paises\/#primaryimage\"},\"image\":{\"@id\":\"https:\/\/gdflac.com\/es\/acerca-de\/area-del-proyecto-y-paises\/#primaryimage\"},\"thumbnailUrl\":\"https:\/\/gdflac.com\/wp-content\/uploads\/2023\/01\/GDF-Eligible-Countries-ver-2.1-09-May-22-MVK.jpg\",\"datePublished\":\"2022-12-31T06:03:38+00:00\",\"dateModified\":\"2023-01-10T23:04:05+00:00\",\"breadcrumb\":{\"@id\":\"https:\/\/gdflac.com\/es\/acerca-de\/area-del-proyecto-y-paises\/#breadcrumb\"},\"inLanguage\":\"es\",\"potentialAction\":[{\"@type\":\"ReadAction\",\"target\":[\"https:\/\/gdflac.com\/es\/acerca-de\/area-del-proyecto-y-paises\/\"]}]},{\"@type\":\"ImageObject\",\"inLanguage\":\"es\",\"@id\":\"https:\/\/gdflac.com\/es\/acerca-de\/area-del-proyecto-y-paises\/#primaryimage\",\"url\":\"https:\/\/gdflac.com\/wp-content\/uploads\/2023\/01\/GDF-Eligible-Countries-ver-2.1-09-May-22-MVK.jpg\",\"contentUrl\":\"https:\/\/gdflac.com\/wp-content\/uploads\/2023\/01\/GDF-Eligible-Countries-ver-2.1-09-May-22-MVK.jpg\"},{\"@type\":\"BreadcrumbList\",\"@id\":\"https:\/\/gdflac.com\/es\/acerca-de\/area-del-proyecto-y-paises\/#breadcrumb\",\"itemListElement\":[{\"@type\":\"ListItem\",\"position\":1,\"name\":\"Home\",\"item\":\"https:\/\/gdflac.com\/es\/inicio\/\"},{\"@type\":\"ListItem\",\"position\":2,\"name\":\"Acerca de\",\"item\":\"https:\/\/gdflac.com\/es\/acerca-de\/\"},{\"@type\":\"ListItem\",\"position\":3,\"name\":\"\u00c1rea del proyecto y pa\u00edses\"}]},{\"@type\":\"WebSite\",\"@id\":\"https:\/\/gdflac.com\/#website\",\"url\":\"https:\/\/gdflac.com\/\",\"name\":\"GDF\",\"description\":\"Geothermal Development Facility for Latin America\",\"publisher\":{\"@id\":\"https:\/\/gdflac.com\/#organization\"},\"alternateName\":\"GDF\",\"potentialAction\":[{\"@type\":\"SearchAction\",\"target\":{\"@type\":\"EntryPoint\",\"urlTemplate\":\"https:\/\/gdflac.com\/?s={search_term_string}\"},\"query-input\":{\"@type\":\"PropertyValueSpecification\",\"valueRequired\":true,\"valueName\":\"search_term_string\"}}],\"inLanguage\":\"es\"},{\"@type\":\"Organization\",\"@id\":\"https:\/\/gdflac.com\/#organization\",\"name\":\"GDF\",\"alternateName\":\"GDF\",\"url\":\"https:\/\/gdflac.com\/\",\"logo\":{\"@type\":\"ImageObject\",\"inLanguage\":\"es\",\"@id\":\"https:\/\/gdflac.com\/#\/schema\/logo\/image\/\",\"url\":\"https:\/\/gdflac.com\/wp-content\/uploads\/2022\/12\/GDF-Logo-Transparent.png\",\"contentUrl\":\"https:\/\/gdflac.com\/wp-content\/uploads\/2022\/12\/GDF-Logo-Transparent.png\",\"width\":1000,\"height\":505,\"caption\":\"GDF\"},\"image\":{\"@id\":\"https:\/\/gdflac.com\/#\/schema\/logo\/image\/\"}}]}<\/script>\n<!-- \/ Yoast SEO plugin. -->","yoast_head_json":{"title":"\u00c1rea del proyecto y pa\u00edses - GDF","robots":{"index":"index","follow":"follow","max-snippet":"max-snippet:-1","max-image-preview":"max-image-preview:large","max-video-preview":"max-video-preview:-1"},"canonical":"https:\/\/gdflac.com\/es\/acerca-de\/area-del-proyecto-y-paises\/","og_locale":"es_ES","og_type":"article","og_title":"\u00c1rea del proyecto y pa\u00edses - GDF","og_description":"\u00c1rea del Proyecto Los siguientes pa\u00edses son considerados como elegibles dentro de la Regi\u00f3n Andina: Bolivia, Chile, Colombia, Ecuador y Per\u00fa. En Centroam\u00e9rica, los pa\u00edses elegibles son: Costa Rica, El Salvador, Guatemala, Honduras y Nicaragua. El GDF proporcionar\u00e1 subvenciones sin derecho a reclamaci\u00f3n para estudios tempranos de exploraci\u00f3n geot\u00e9rmica superficial y subvenciones de contingencia para [&hellip;]","og_url":"https:\/\/gdflac.com\/es\/acerca-de\/area-del-proyecto-y-paises\/","og_site_name":"GDF","article_modified_time":"2023-01-10T23:04:05+00:00","og_image":[{"url":"https:\/\/gdflac.com\/wp-content\/uploads\/2023\/01\/GDF-Eligible-Countries-ver-2.1-09-May-22-MVK.jpg","type":"","width":"","height":""}],"twitter_card":"summary_large_image","twitter_misc":{"Tiempo de lectura":"1 minuto"},"schema":{"@context":"https:\/\/schema.org","@graph":[{"@type":"WebPage","@id":"https:\/\/gdflac.com\/es\/acerca-de\/area-del-proyecto-y-paises\/","url":"https:\/\/gdflac.com\/es\/acerca-de\/area-del-proyecto-y-paises\/","name":"\u00c1rea del proyecto y pa\u00edses - GDF","isPartOf":{"@id":"https:\/\/gdflac.com\/#website"},"primaryImageOfPage":{"@id":"https:\/\/gdflac.com\/es\/acerca-de\/area-del-proyecto-y-paises\/#primaryimage"},"image":{"@id":"https:\/\/gdflac.com\/es\/acerca-de\/area-del-proyecto-y-paises\/#primaryimage"},"thumbnailUrl":"https:\/\/gdflac.com\/wp-content\/uploads\/2023\/01\/GDF-Eligible-Countries-ver-2.1-09-May-22-MVK.jpg","datePublished":"2022-12-31T06:03:38+00:00","dateModified":"2023-01-10T23:04:05+00:00","breadcrumb":{"@id":"https:\/\/gdflac.com\/es\/acerca-de\/area-del-proyecto-y-paises\/#breadcrumb"},"inLanguage":"es","potentialAction":[{"@type":"ReadAction","target":["https:\/\/gdflac.com\/es\/acerca-de\/area-del-proyecto-y-paises\/"]}]},{"@type":"ImageObject","inLanguage":"es","@id":"https:\/\/gdflac.com\/es\/acerca-de\/area-del-proyecto-y-paises\/#primaryimage","url":"https:\/\/gdflac.com\/wp-content\/uploads\/2023\/01\/GDF-Eligible-Countries-ver-2.1-09-May-22-MVK.jpg","contentUrl":"https:\/\/gdflac.com\/wp-content\/uploads\/2023\/01\/GDF-Eligible-Countries-ver-2.1-09-May-22-MVK.jpg"},{"@type":"BreadcrumbList","@id":"https:\/\/gdflac.com\/es\/acerca-de\/area-del-proyecto-y-paises\/#breadcrumb","itemListElement":[{"@type":"ListItem","position":1,"name":"Home","item":"https:\/\/gdflac.com\/es\/inicio\/"},{"@type":"ListItem","position":2,"name":"Acerca de","item":"https:\/\/gdflac.com\/es\/acerca-de\/"},{"@type":"ListItem","position":3,"name":"\u00c1rea del proyecto y pa\u00edses"}]},{"@type":"WebSite","@id":"https:\/\/gdflac.com\/#website","url":"https:\/\/gdflac.com\/","name":"GDF","description":"Geothermal Development Facility for Latin America","publisher":{"@id":"https:\/\/gdflac.com\/#organization"},"alternateName":"GDF","potentialAction":[{"@type":"SearchAction","target":{"@type":"EntryPoint","urlTemplate":"https:\/\/gdflac.com\/?s={search_term_string}"},"query-input":{"@type":"PropertyValueSpecification","valueRequired":true,"valueName":"search_term_string"}}],"inLanguage":"es"},{"@type":"Organization","@id":"https:\/\/gdflac.com\/#organization","name":"GDF","alternateName":"GDF","url":"https:\/\/gdflac.com\/","logo":{"@type":"ImageObject","inLanguage":"es","@id":"https:\/\/gdflac.com\/#\/schema\/logo\/image\/","url":"https:\/\/gdflac.com\/wp-content\/uploads\/2022\/12\/GDF-Logo-Transparent.png","contentUrl":"https:\/\/gdflac.com\/wp-content\/uploads\/2022\/12\/GDF-Logo-Transparent.png","width":1000,"height":505,"caption":"GDF"},"image":{"@id":"https:\/\/gdflac.com\/#\/schema\/logo\/image\/"}}]}},"_links":{"self":[{"href":"https:\/\/gdflac.com\/es\/wp-json\/wp\/v2\/pages\/1589","targetHints":{"allow":["GET"]}}],"collection":[{"href":"https:\/\/gdflac.com\/es\/wp-json\/wp\/v2\/pages"}],"about":[{"href":"https:\/\/gdflac.com\/es\/wp-json\/wp\/v2\/types\/page"}],"author":[{"embeddable":true,"href":"https:\/\/gdflac.com\/es\/wp-json\/wp\/v2\/users\/1"}],"replies":[{"embeddable":true,"href":"https:\/\/gdflac.com\/es\/wp-json\/wp\/v2\/comments?post=1589"}],"version-history":[{"count":0,"href":"https:\/\/gdflac.com\/es\/wp-json\/wp\/v2\/pages\/1589\/revisions"}],"up":[{"embeddable":true,"href":"https:\/\/gdflac.com\/es\/wp-json\/wp\/v2\/pages\/1110"}],"wp:attachment":[{"href":"https:\/\/gdflac.com\/es\/wp-json\/wp\/v2\/media?parent=1589"}],"curies":[{"name":"wp","href":"https:\/\/api.w.org\/{rel}","templated":true}]}}