{"id":1600,"date":"2022-12-31T06:08:14","date_gmt":"2022-12-31T06:08:14","guid":{"rendered":"https:\/\/gdflac.com\/expresion-de-interes\/"},"modified":"2023-01-10T23:15:37","modified_gmt":"2023-01-10T23:15:37","slug":"expresion-de-interes","status":"publish","type":"page","link":"https:\/\/gdflac.com\/es\/expresion-de-interes\/","title":{"rendered":"Expresi\u00f3n de inter\u00e9s"},"content":{"rendered":"\t\t<div data-elementor-type=\"wp-page\" data-elementor-id=\"1600\" class=\"elementor elementor-1600 elementor-67\" data-elementor-post-type=\"page\">\n\t\t\t\t\t\t<section class=\"elementor-section elementor-top-section elementor-element elementor-element-3492335 elementor-section-boxed elementor-section-height-default elementor-section-height-default\" data-id=\"3492335\" data-element_type=\"section\">\n\t\t\t\t\t\t<div class=\"elementor-container elementor-column-gap-default\">\n\t\t\t\t\t<div class=\"elementor-column elementor-col-100 elementor-top-column elementor-element elementor-element-1d418f0\" data-id=\"1d418f0\" data-element_type=\"column\">\n\t\t\t<div class=\"elementor-widget-wrap elementor-element-populated\">\n\t\t\t\t\t\t<div class=\"elementor-element elementor-element-e12e7bd elementor-widget elementor-widget-breadcrumbs\" data-id=\"e12e7bd\" data-element_type=\"widget\" data-widget_type=\"breadcrumbs.default\">\n\t\t\t\t<div class=\"elementor-widget-container\">\n\t\t\t\t\t<p id=\"breadcrumbs\"><span><span><a href=\"https:\/\/gdflac.com\/es\/inicio\/\">Home<\/a><\/span><\/span><\/p>\t\t\t\t<\/div>\n\t\t\t\t<\/div>\n\t\t\t\t\t<\/div>\n\t\t<\/div>\n\t\t\t\t\t<\/div>\n\t\t<\/section>\n\t\t\t\t<section class=\"elementor-section elementor-top-section elementor-element elementor-element-2ab6c97 elementor-section-boxed elementor-section-height-default elementor-section-height-default\" data-id=\"2ab6c97\" data-element_type=\"section\">\n\t\t\t\t\t\t<div class=\"elementor-container elementor-column-gap-default\">\n\t\t\t\t\t<div class=\"elementor-column elementor-col-100 elementor-top-column elementor-element elementor-element-6e2323c\" data-id=\"6e2323c\" data-element_type=\"column\">\n\t\t\t<div class=\"elementor-widget-wrap elementor-element-populated\">\n\t\t\t\t\t\t<div class=\"elementor-element elementor-element-81d7087 elementor-widget elementor-widget-heading\" data-id=\"81d7087\" data-element_type=\"widget\" data-widget_type=\"heading.default\">\n\t\t\t\t<div class=\"elementor-widget-container\">\n\t\t\t\t\t<h1 class=\"elementor-heading-title elementor-size-default\">Expresi\u00f3n de inter\u00e9s<\/h1>\t\t\t\t<\/div>\n\t\t\t\t<\/div>\n\t\t\t\t<div class=\"elementor-element elementor-element-35e5f28 elementor-widget-divider--view-line elementor-widget elementor-widget-divider\" data-id=\"35e5f28\" data-element_type=\"widget\" data-widget_type=\"divider.default\">\n\t\t\t\t<div class=\"elementor-widget-container\">\n\t\t\t\t\t\t\t<div class=\"elementor-divider\">\n\t\t\t<span class=\"elementor-divider-separator\">\n\t\t\t\t\t\t<\/span>\n\t\t<\/div>\n\t\t\t\t\t\t<\/div>\n\t\t\t\t<\/div>\n\t\t\t\t\t<\/div>\n\t\t<\/div>\n\t\t\t\t\t<\/div>\n\t\t<\/section>\n\t\t\t\t<section class=\"elementor-section elementor-top-section elementor-element elementor-element-8427770 elementor-section-boxed elementor-section-height-default elementor-section-height-default\" data-id=\"8427770\" data-element_type=\"section\">\n\t\t\t\t\t\t<div class=\"elementor-container elementor-column-gap-wider\">\n\t\t\t\t\t<div class=\"elementor-column elementor-col-66 elementor-top-column elementor-element elementor-element-e423e1b\" data-id=\"e423e1b\" data-element_type=\"column\">\n\t\t\t<div class=\"elementor-widget-wrap elementor-element-populated\">\n\t\t\t\t\t\t<div class=\"elementor-element elementor-element-dfccbcd elementor-widget elementor-widget-heading\" data-id=\"dfccbcd\" data-element_type=\"widget\" data-widget_type=\"heading.default\">\n\t\t\t\t<div class=\"elementor-widget-container\">\n\t\t\t\t\t<h2 class=\"elementor-heading-title elementor-size-default\">Fondo de Desarrollo Geot\u00e9rmico\n<\/h2>\t\t\t\t<\/div>\n\t\t\t\t<\/div>\n\t\t\t\t<div class=\"elementor-element elementor-element-50abeb5 elementor-widget elementor-widget-heading\" data-id=\"50abeb5\" data-element_type=\"widget\" data-widget_type=\"heading.default\">\n\t\t\t\t<div class=\"elementor-widget-container\">\n\t\t\t\t\t<h4 class=\"elementor-heading-title elementor-size-default\">El pre-registro para la expresi\u00f3n de inter\u00e9s (EOI) siempre est\u00e1 abierta.<\/h4>\t\t\t\t<\/div>\n\t\t\t\t<\/div>\n\t\t\t\t<div class=\"elementor-element elementor-element-d08665f elementor-widget-divider--view-line elementor-widget elementor-widget-divider\" data-id=\"d08665f\" data-element_type=\"widget\" data-widget_type=\"divider.default\">\n\t\t\t\t<div class=\"elementor-widget-container\">\n\t\t\t\t\t\t\t<div class=\"elementor-divider\">\n\t\t\t<span class=\"elementor-divider-separator\">\n\t\t\t\t\t\t<\/span>\n\t\t<\/div>\n\t\t\t\t\t\t<\/div>\n\t\t\t\t<\/div>\n\t\t\t\t<div class=\"elementor-element elementor-element-20714fd elementor-widget elementor-widget-text-editor\" data-id=\"20714fd\" data-element_type=\"widget\" data-widget_type=\"text-editor.default\">\n\t\t\t\t<div class=\"elementor-widget-container\">\n\t\t\t\t\t\t\t\t\t<p>Despu\u00e9s de que el GDF reciba su encuesta Pre-EOI y determine que su proyecto cumple con los objectives, se le enviar\u00e1 por correo electr\u00f3nico un conjunto de instrucciones para completar la fase de EOI una vez que comience la pr\u00f3xima llamada. El correo electr\u00f3nico de invitaci\u00f3n incluye la \u00faltima versi\u00f3n del Manual de Desarrolladores y Procura, y los enlaces necesarios para comprender y completar la solicitud. Consulte la secci\u00f3n de Procedimiento de este sitio web para obtener m\u00e1s informaci\u00f3n, donde tambi\u00e9n encontrar\u00e1 dos videos cortos que le pueden ser \u00fatiles.<\/p>\t\t\t\t\t\t\t\t<\/div>\n\t\t\t\t<\/div>\n\t\t\t\t<div class=\"elementor-element elementor-element-fbea769 elementor-widget elementor-widget-text-editor\" data-id=\"fbea769\" data-element_type=\"widget\" data-widget_type=\"text-editor.default\">\n\t\t\t\t<div class=\"elementor-widget-container\">\n\t\t\t\t\t\t\t\t\t<strong>Nota:<\/strong>\n\n<p><em>-Los aplicantes de Estudio de Superficie no necesitan presentar una solicitud en la etapa de EOI, pero s\u00ed debe completar la encuesta previa a la EOI.<\/em><\/p><p><em>-Cada proyecto debe presentar una pre-EOI de manera individual y completa.<\/em><\/p>\t\t\t\t\t\t\t\t<\/div>\n\t\t\t\t<\/div>\n\t\t\t\t<div class=\"elementor-element elementor-element-183999e elementor-widget elementor-widget-image\" data-id=\"183999e\" data-element_type=\"widget\" data-widget_type=\"image.default\">\n\t\t\t\t<div class=\"elementor-widget-container\">\n\t\t\t\t\t\t\t\t\t\t\t\t\t\t\t<img fetchpriority=\"high\" decoding=\"async\" width=\"650\" height=\"81\" src=\"https:\/\/gdflac.com\/wp-content\/uploads\/2023\/01\/375104_tmpl_head_57b7398604c09.png\" class=\"attachment-medium_large size-medium_large wp-image-1541\" alt=\"Geothermal Development Facility\" srcset=\"https:\/\/gdflac.com\/wp-content\/uploads\/2023\/01\/375104_tmpl_head_57b7398604c09.png 650w, https:\/\/gdflac.com\/wp-content\/uploads\/2023\/01\/375104_tmpl_head_57b7398604c09-300x37.png 300w\" sizes=\"(max-width: 650px) 100vw, 650px\" \/>\t\t\t\t\t\t\t\t\t\t\t\t\t\t\t<\/div>\n\t\t\t\t<\/div>\n\t\t\t\t\t<\/div>\n\t\t<\/div>\n\t\t\t\t<div class=\"elementor-column elementor-col-33 elementor-top-column elementor-element elementor-element-6e437fe\" data-id=\"6e437fe\" data-element_type=\"column\">\n\t\t\t<div class=\"elementor-widget-wrap elementor-element-populated\">\n\t\t\t\t\t\t<div class=\"elementor-element elementor-element-3ab6597 elementor-widget elementor-widget-image\" data-id=\"3ab6597\" data-element_type=\"widget\" data-widget_type=\"image.default\">\n\t\t\t\t<div class=\"elementor-widget-container\">\n\t\t\t\t\t\t\t\t\t\t\t\t\t\t\t<img decoding=\"async\" width=\"455\" height=\"683\" src=\"https:\/\/gdflac.com\/wp-content\/uploads\/2023\/01\/Brief-Overview.jpg\" class=\"attachment-large size-large wp-image-495\" alt=\"\" srcset=\"https:\/\/gdflac.com\/wp-content\/uploads\/2023\/01\/Brief-Overview.jpg 455w, https:\/\/gdflac.com\/wp-content\/uploads\/2023\/01\/Brief-Overview-200x300.jpg 200w\" sizes=\"(max-width: 455px) 100vw, 455px\" \/>\t\t\t\t\t\t\t\t\t\t\t\t\t\t\t<\/div>\n\t\t\t\t<\/div>\n\t\t\t\t\t<\/div>\n\t\t<\/div>\n\t\t\t\t\t<\/div>\n\t\t<\/section>\n\t\t\t\t<section class=\"elementor-section elementor-top-section elementor-element elementor-element-91eff42 elementor-section-boxed elementor-section-height-default elementor-section-height-default\" data-id=\"91eff42\" data-element_type=\"section\">\n\t\t\t\t\t\t<div class=\"elementor-container elementor-column-gap-default\">\n\t\t\t\t\t<div class=\"elementor-column elementor-col-100 elementor-top-column elementor-element elementor-element-0f9e5f5\" data-id=\"0f9e5f5\" data-element_type=\"column\">\n\t\t\t<div class=\"elementor-widget-wrap elementor-element-populated\">\n\t\t\t\t\t\t<div class=\"elementor-element elementor-element-1dabaa7 elementor-widget elementor-widget-image\" data-id=\"1dabaa7\" data-element_type=\"widget\" data-widget_type=\"image.default\">\n\t\t\t\t<div class=\"elementor-widget-container\">\n\t\t\t\t\t\t\t\t\t\t\t\t\t\t\t<img decoding=\"async\" width=\"900\" height=\"311\" src=\"https:\/\/gdflac.com\/wp-content\/uploads\/2023\/01\/logos-expression-of-interest.jpg\" class=\"attachment-full size-full wp-image-1543\" alt=\"Support\" srcset=\"https:\/\/gdflac.com\/wp-content\/uploads\/2023\/01\/logos-expression-of-interest.jpg 900w, https:\/\/gdflac.com\/wp-content\/uploads\/2023\/01\/logos-expression-of-interest-300x104.jpg 300w, https:\/\/gdflac.com\/wp-content\/uploads\/2023\/01\/logos-expression-of-interest-768x265.jpg 768w\" sizes=\"(max-width: 900px) 100vw, 900px\" \/>\t\t\t\t\t\t\t\t\t\t\t\t\t\t\t<\/div>\n\t\t\t\t<\/div>\n\t\t\t\t\t<\/div>\n\t\t<\/div>\n\t\t\t\t\t<\/div>\n\t\t<\/section>\n\t\t\t\t<\/div>\n\t\t","protected":false},"excerpt":{"rendered":"<p>Fondo de Desarrollo Geot\u00e9rmico El pre-registro para la expresi\u00f3n de inter\u00e9s (EOI) siempre est\u00e1 abierta. Despu\u00e9s de que el GDF reciba su encuesta Pre-EOI y determine que su proyecto cumple con los objectives, se le enviar\u00e1 por correo electr\u00f3nico un conjunto de instrucciones para completar la fase de EOI una vez que comience la pr\u00f3xima [&hellip;]<\/p>\n","protected":false},"author":1,"featured_media":0,"parent":0,"menu_order":0,"comment_status":"closed","ping_status":"closed","template":"","meta":{"footnotes":""},"class_list":["post-1600","page","type-page","status-publish","hentry"],"yoast_head":"<!-- This site is optimized with the Yoast SEO plugin v26.7 - https:\/\/yoast.com\/wordpress\/plugins\/seo\/ -->\n<title>Expresi\u00f3n de inter\u00e9s - GDF<\/title>\n<meta name=\"robots\" content=\"index, follow, max-snippet:-1, max-image-preview:large, max-video-preview:-1\" \/>\n<link rel=\"canonical\" href=\"https:\/\/gdflac.com\/es\/expresion-de-interes\/\" \/>\n<meta property=\"og:locale\" content=\"es_ES\" \/>\n<meta property=\"og:type\" content=\"article\" \/>\n<meta property=\"og:title\" content=\"Expresi\u00f3n de inter\u00e9s - GDF\" \/>\n<meta property=\"og:description\" content=\"Fondo de Desarrollo Geot\u00e9rmico El pre-registro para la expresi\u00f3n de inter\u00e9s (EOI) siempre est\u00e1 abierta. Despu\u00e9s de que el GDF reciba su encuesta Pre-EOI y determine que su proyecto cumple con los objectives, se le enviar\u00e1 por correo electr\u00f3nico un conjunto de instrucciones para completar la fase de EOI una vez que comience la pr\u00f3xima [&hellip;]\" \/>\n<meta property=\"og:url\" content=\"https:\/\/gdflac.com\/es\/expresion-de-interes\/\" \/>\n<meta property=\"og:site_name\" content=\"GDF\" \/>\n<meta property=\"article:modified_time\" content=\"2023-01-10T23:15:37+00:00\" \/>\n<meta property=\"og:image\" content=\"https:\/\/gdflac.com\/wp-content\/uploads\/2023\/01\/375104_tmpl_head_57b7398604c09.png\" \/>\n<meta name=\"twitter:card\" content=\"summary_large_image\" \/>\n<meta name=\"twitter:label1\" content=\"Tiempo de lectura\" \/>\n\t<meta name=\"twitter:data1\" content=\"2 minutos\" \/>\n<script type=\"application\/ld+json\" class=\"yoast-schema-graph\">{\"@context\":\"https:\/\/schema.org\",\"@graph\":[{\"@type\":\"WebPage\",\"@id\":\"https:\/\/gdflac.com\/es\/expresion-de-interes\/\",\"url\":\"https:\/\/gdflac.com\/es\/expresion-de-interes\/\",\"name\":\"Expresi\u00f3n de inter\u00e9s - GDF\",\"isPartOf\":{\"@id\":\"https:\/\/gdflac.com\/#website\"},\"primaryImageOfPage\":{\"@id\":\"https:\/\/gdflac.com\/es\/expresion-de-interes\/#primaryimage\"},\"image\":{\"@id\":\"https:\/\/gdflac.com\/es\/expresion-de-interes\/#primaryimage\"},\"thumbnailUrl\":\"https:\/\/gdflac.com\/wp-content\/uploads\/2023\/01\/375104_tmpl_head_57b7398604c09.png\",\"datePublished\":\"2022-12-31T06:08:14+00:00\",\"dateModified\":\"2023-01-10T23:15:37+00:00\",\"breadcrumb\":{\"@id\":\"https:\/\/gdflac.com\/es\/expresion-de-interes\/#breadcrumb\"},\"inLanguage\":\"es\",\"potentialAction\":[{\"@type\":\"ReadAction\",\"target\":[\"https:\/\/gdflac.com\/es\/expresion-de-interes\/\"]}]},{\"@type\":\"ImageObject\",\"inLanguage\":\"es\",\"@id\":\"https:\/\/gdflac.com\/es\/expresion-de-interes\/#primaryimage\",\"url\":\"https:\/\/gdflac.com\/wp-content\/uploads\/2023\/01\/375104_tmpl_head_57b7398604c09.png\",\"contentUrl\":\"https:\/\/gdflac.com\/wp-content\/uploads\/2023\/01\/375104_tmpl_head_57b7398604c09.png\"},{\"@type\":\"BreadcrumbList\",\"@id\":\"https:\/\/gdflac.com\/es\/expresion-de-interes\/#breadcrumb\",\"itemListElement\":[{\"@type\":\"ListItem\",\"position\":1,\"name\":\"Home\",\"item\":\"https:\/\/gdflac.com\/es\/inicio\/\"},{\"@type\":\"ListItem\",\"position\":2,\"name\":\"Expresi\u00f3n de inter\u00e9s\"}]},{\"@type\":\"WebSite\",\"@id\":\"https:\/\/gdflac.com\/#website\",\"url\":\"https:\/\/gdflac.com\/\",\"name\":\"GDF\",\"description\":\"Geothermal Development Facility for Latin America\",\"publisher\":{\"@id\":\"https:\/\/gdflac.com\/#organization\"},\"alternateName\":\"GDF\",\"potentialAction\":[{\"@type\":\"SearchAction\",\"target\":{\"@type\":\"EntryPoint\",\"urlTemplate\":\"https:\/\/gdflac.com\/?s={search_term_string}\"},\"query-input\":{\"@type\":\"PropertyValueSpecification\",\"valueRequired\":true,\"valueName\":\"search_term_string\"}}],\"inLanguage\":\"es\"},{\"@type\":\"Organization\",\"@id\":\"https:\/\/gdflac.com\/#organization\",\"name\":\"GDF\",\"alternateName\":\"GDF\",\"url\":\"https:\/\/gdflac.com\/\",\"logo\":{\"@type\":\"ImageObject\",\"inLanguage\":\"es\",\"@id\":\"https:\/\/gdflac.com\/#\/schema\/logo\/image\/\",\"url\":\"https:\/\/gdflac.com\/wp-content\/uploads\/2022\/12\/GDF-Logo-Transparent.png\",\"contentUrl\":\"https:\/\/gdflac.com\/wp-content\/uploads\/2022\/12\/GDF-Logo-Transparent.png\",\"width\":1000,\"height\":505,\"caption\":\"GDF\"},\"image\":{\"@id\":\"https:\/\/gdflac.com\/#\/schema\/logo\/image\/\"}}]}<\/script>\n<!-- \/ Yoast SEO plugin. -->","yoast_head_json":{"title":"Expresi\u00f3n de inter\u00e9s - GDF","robots":{"index":"index","follow":"follow","max-snippet":"max-snippet:-1","max-image-preview":"max-image-preview:large","max-video-preview":"max-video-preview:-1"},"canonical":"https:\/\/gdflac.com\/es\/expresion-de-interes\/","og_locale":"es_ES","og_type":"article","og_title":"Expresi\u00f3n de inter\u00e9s - GDF","og_description":"Fondo de Desarrollo Geot\u00e9rmico El pre-registro para la expresi\u00f3n de inter\u00e9s (EOI) siempre est\u00e1 abierta. Despu\u00e9s de que el GDF reciba su encuesta Pre-EOI y determine que su proyecto cumple con los objectives, se le enviar\u00e1 por correo electr\u00f3nico un conjunto de instrucciones para completar la fase de EOI una vez que comience la pr\u00f3xima [&hellip;]","og_url":"https:\/\/gdflac.com\/es\/expresion-de-interes\/","og_site_name":"GDF","article_modified_time":"2023-01-10T23:15:37+00:00","og_image":[{"url":"https:\/\/gdflac.com\/wp-content\/uploads\/2023\/01\/375104_tmpl_head_57b7398604c09.png","type":"","width":"","height":""}],"twitter_card":"summary_large_image","twitter_misc":{"Tiempo de lectura":"2 minutos"},"schema":{"@context":"https:\/\/schema.org","@graph":[{"@type":"WebPage","@id":"https:\/\/gdflac.com\/es\/expresion-de-interes\/","url":"https:\/\/gdflac.com\/es\/expresion-de-interes\/","name":"Expresi\u00f3n de inter\u00e9s - GDF","isPartOf":{"@id":"https:\/\/gdflac.com\/#website"},"primaryImageOfPage":{"@id":"https:\/\/gdflac.com\/es\/expresion-de-interes\/#primaryimage"},"image":{"@id":"https:\/\/gdflac.com\/es\/expresion-de-interes\/#primaryimage"},"thumbnailUrl":"https:\/\/gdflac.com\/wp-content\/uploads\/2023\/01\/375104_tmpl_head_57b7398604c09.png","datePublished":"2022-12-31T06:08:14+00:00","dateModified":"2023-01-10T23:15:37+00:00","breadcrumb":{"@id":"https:\/\/gdflac.com\/es\/expresion-de-interes\/#breadcrumb"},"inLanguage":"es","potentialAction":[{"@type":"ReadAction","target":["https:\/\/gdflac.com\/es\/expresion-de-interes\/"]}]},{"@type":"ImageObject","inLanguage":"es","@id":"https:\/\/gdflac.com\/es\/expresion-de-interes\/#primaryimage","url":"https:\/\/gdflac.com\/wp-content\/uploads\/2023\/01\/375104_tmpl_head_57b7398604c09.png","contentUrl":"https:\/\/gdflac.com\/wp-content\/uploads\/2023\/01\/375104_tmpl_head_57b7398604c09.png"},{"@type":"BreadcrumbList","@id":"https:\/\/gdflac.com\/es\/expresion-de-interes\/#breadcrumb","itemListElement":[{"@type":"ListItem","position":1,"name":"Home","item":"https:\/\/gdflac.com\/es\/inicio\/"},{"@type":"ListItem","position":2,"name":"Expresi\u00f3n de inter\u00e9s"}]},{"@type":"WebSite","@id":"https:\/\/gdflac.com\/#website","url":"https:\/\/gdflac.com\/","name":"GDF","description":"Geothermal Development Facility for Latin America","publisher":{"@id":"https:\/\/gdflac.com\/#organization"},"alternateName":"GDF","potentialAction":[{"@type":"SearchAction","target":{"@type":"EntryPoint","urlTemplate":"https:\/\/gdflac.com\/?s={search_term_string}"},"query-input":{"@type":"PropertyValueSpecification","valueRequired":true,"valueName":"search_term_string"}}],"inLanguage":"es"},{"@type":"Organization","@id":"https:\/\/gdflac.com\/#organization","name":"GDF","alternateName":"GDF","url":"https:\/\/gdflac.com\/","logo":{"@type":"ImageObject","inLanguage":"es","@id":"https:\/\/gdflac.com\/#\/schema\/logo\/image\/","url":"https:\/\/gdflac.com\/wp-content\/uploads\/2022\/12\/GDF-Logo-Transparent.png","contentUrl":"https:\/\/gdflac.com\/wp-content\/uploads\/2022\/12\/GDF-Logo-Transparent.png","width":1000,"height":505,"caption":"GDF"},"image":{"@id":"https:\/\/gdflac.com\/#\/schema\/logo\/image\/"}}]}},"_links":{"self":[{"href":"https:\/\/gdflac.com\/es\/wp-json\/wp\/v2\/pages\/1600","targetHints":{"allow":["GET"]}}],"collection":[{"href":"https:\/\/gdflac.com\/es\/wp-json\/wp\/v2\/pages"}],"about":[{"href":"https:\/\/gdflac.com\/es\/wp-json\/wp\/v2\/types\/page"}],"author":[{"embeddable":true,"href":"https:\/\/gdflac.com\/es\/wp-json\/wp\/v2\/users\/1"}],"replies":[{"embeddable":true,"href":"https:\/\/gdflac.com\/es\/wp-json\/wp\/v2\/comments?post=1600"}],"version-history":[{"count":0,"href":"https:\/\/gdflac.com\/es\/wp-json\/wp\/v2\/pages\/1600\/revisions"}],"wp:attachment":[{"href":"https:\/\/gdflac.com\/es\/wp-json\/wp\/v2\/media?parent=1600"}],"curies":[{"name":"wp","href":"https:\/\/api.w.org\/{rel}","templated":true}]}}