{"id":664,"date":"2022-12-31T06:03:12","date_gmt":"2022-12-31T06:03:12","guid":{"rendered":"https:\/\/gdflac.com\/index.php\/objetivos\/"},"modified":"2023-01-10T23:03:49","modified_gmt":"2023-01-10T23:03:49","slug":"objetivos","status":"publish","type":"page","link":"https:\/\/gdflac.com\/es\/acerca-de\/objetivos\/","title":{"rendered":"Objetivos"},"content":{"rendered":"\t\t<div data-elementor-type=\"wp-page\" data-elementor-id=\"664\" class=\"elementor elementor-664 elementor-51\" data-elementor-post-type=\"page\">\n\t\t\t\t\t\t<section class=\"elementor-section elementor-top-section elementor-element elementor-element-56d9af1 elementor-section-boxed elementor-section-height-default elementor-section-height-default\" data-id=\"56d9af1\" data-element_type=\"section\">\n\t\t\t\t\t\t<div class=\"elementor-container elementor-column-gap-default\">\n\t\t\t\t\t<div class=\"elementor-column elementor-col-100 elementor-top-column elementor-element elementor-element-12d6239\" data-id=\"12d6239\" data-element_type=\"column\">\n\t\t\t<div class=\"elementor-widget-wrap elementor-element-populated\">\n\t\t\t\t\t\t<div class=\"elementor-element elementor-element-38ffd5d elementor-widget elementor-widget-breadcrumbs\" data-id=\"38ffd5d\" data-element_type=\"widget\" data-widget_type=\"breadcrumbs.default\">\n\t\t\t\t<div class=\"elementor-widget-container\">\n\t\t\t\t\t<p id=\"breadcrumbs\"><span><span><a href=\"https:\/\/gdflac.com\/es\/inicio\/\">Home<\/a><\/span><\/span><\/p>\t\t\t\t<\/div>\n\t\t\t\t<\/div>\n\t\t\t\t\t<\/div>\n\t\t<\/div>\n\t\t\t\t\t<\/div>\n\t\t<\/section>\n\t\t\t\t<section class=\"elementor-section elementor-top-section elementor-element elementor-element-0ece45a elementor-section-boxed elementor-section-height-default elementor-section-height-default\" data-id=\"0ece45a\" data-element_type=\"section\">\n\t\t\t\t\t\t<div class=\"elementor-container elementor-column-gap-default\">\n\t\t\t\t\t<div class=\"elementor-column elementor-col-100 elementor-top-column elementor-element elementor-element-e24e25f\" data-id=\"e24e25f\" data-element_type=\"column\">\n\t\t\t<div class=\"elementor-widget-wrap elementor-element-populated\">\n\t\t\t\t\t\t<div class=\"elementor-element elementor-element-c21142f elementor-widget elementor-widget-heading\" data-id=\"c21142f\" data-element_type=\"widget\" data-widget_type=\"heading.default\">\n\t\t\t\t<div class=\"elementor-widget-container\">\n\t\t\t\t\t<h1 class=\"elementor-heading-title elementor-size-default\">Objetivos<\/h1>\t\t\t\t<\/div>\n\t\t\t\t<\/div>\n\t\t\t\t<div class=\"elementor-element elementor-element-e707716 elementor-widget-divider--view-line elementor-widget elementor-widget-divider\" data-id=\"e707716\" data-element_type=\"widget\" data-widget_type=\"divider.default\">\n\t\t\t\t<div class=\"elementor-widget-container\">\n\t\t\t\t\t\t\t<div class=\"elementor-divider\">\n\t\t\t<span class=\"elementor-divider-separator\">\n\t\t\t\t\t\t<\/span>\n\t\t<\/div>\n\t\t\t\t\t\t<\/div>\n\t\t\t\t<\/div>\n\t\t\t\t\t<\/div>\n\t\t<\/div>\n\t\t\t\t\t<\/div>\n\t\t<\/section>\n\t\t\t\t<section class=\"elementor-section elementor-top-section elementor-element elementor-element-eeba9ca elementor-section-boxed elementor-section-height-default elementor-section-height-default\" data-id=\"eeba9ca\" data-element_type=\"section\">\n\t\t\t\t\t\t<div class=\"elementor-container elementor-column-gap-wider\">\n\t\t\t\t\t<div class=\"elementor-column elementor-col-100 elementor-top-column elementor-element elementor-element-3736cb0\" data-id=\"3736cb0\" data-element_type=\"column\">\n\t\t\t<div class=\"elementor-widget-wrap elementor-element-populated\">\n\t\t\t\t\t\t<div class=\"elementor-element elementor-element-7ad28d0 elementor-widget elementor-widget-text-editor\" data-id=\"7ad28d0\" data-element_type=\"widget\" data-widget_type=\"text-editor.default\">\n\t\t\t\t<div class=\"elementor-widget-container\">\n\t\t\t\t\t\t\t\t\t<p>El objetivo del Fondo (GDF) es fomentar la inversi\u00f3n p\u00fablica y\/o privada en el desarrollo de la energ\u00eda geot\u00e9rmica en Latinoam\u00e9rica. Se dispone de fondos para las siguientes actividades:<\/p>\n\t\t\t\t\t\t\t\t<\/div>\n\t\t\t\t<\/div>\n\t\t\t\t<div class=\"elementor-element elementor-element-223ce59 elementor-align-start elementor-icon-list--layout-traditional elementor-list-item-link-full_width elementor-widget elementor-widget-icon-list\" data-id=\"223ce59\" data-element_type=\"widget\" data-widget_type=\"icon-list.default\">\n\t\t\t\t<div class=\"elementor-widget-container\">\n\t\t\t\t\t\t\t<ul class=\"elementor-icon-list-items\">\n\t\t\t\t\t\t\t<li class=\"elementor-icon-list-item\">\n\t\t\t\t\t\t\t\t\t\t\t<span class=\"elementor-icon-list-icon\">\n\t\t\t\t\t\t\t<i aria-hidden=\"true\" class=\"fas fa-check\"><\/i>\t\t\t\t\t\t<\/span>\n\t\t\t\t\t\t\t\t\t\t<span class=\"elementor-icon-list-text\">Estudios superficiales geocient\u00edficos para determinar la ubicaci\u00f3n \u00f3ptima de pozos de confirmaci\u00f3n de reservorios en los prospectos geot\u00e9rmicos m\u00e1s prometedores.<\/span>\n\t\t\t\t\t\t\t\t\t<\/li>\n\t\t\t\t\t\t\t\t<li class=\"elementor-icon-list-item\">\n\t\t\t\t\t\t\t\t\t\t\t<span class=\"elementor-icon-list-icon\">\n\t\t\t\t\t\t\t<i aria-hidden=\"true\" class=\"fas fa-check\"><\/i>\t\t\t\t\t\t<\/span>\n\t\t\t\t\t\t\t\t\t\t<span class=\"elementor-icon-list-text\">Perforaci\u00f3n y pruebas de pozos de confirmaci\u00f3n de reservorios en los prospectos geot\u00e9rmicos m\u00e1s prometedores para ayudar a los desarrolladores a asegurar financiamiento para las fases de desarrollo posteriores<\/span>\n\t\t\t\t\t\t\t\t\t<\/li>\n\t\t\t\t\t\t<\/ul>\n\t\t\t\t\t\t<\/div>\n\t\t\t\t<\/div>\n\t\t\t\t<div class=\"elementor-element elementor-element-4f6e620 elementor-widget elementor-widget-text-editor\" data-id=\"4f6e620\" data-element_type=\"widget\" data-widget_type=\"text-editor.default\">\n\t\t\t\t<div class=\"elementor-widget-container\">\n\t\t\t\t\t\t\t\t\t<p>El GDF proporcionar\u00e1 apoyo financiero para ayudar a mitigar el riesgo de exploraci\u00f3n geot\u00e9rmica. El GDF es la primera iniciativa clim\u00e1tica multidonante para promover la energ\u00eda geot\u00e9rmica en Am\u00e9rica Latina. Se espera que mejore el acceso a la equidad u otras fuentes de financiamiento para los desarrolladores geot\u00e9rmicos en la regi\u00f3n, y juegue un papel catal\u00edtico en el establecimiento de la energ\u00eda geot\u00e9rmica como una opci\u00f3n estrat\u00e9gica en la planificaci\u00f3n de la expansi\u00f3n de la energ\u00eda dentro de los pa\u00edses participantes.<\/p>\n<p>Dado que este programa es el primer esquema multidonante para apoyar la energ\u00eda geot\u00e9rmica a escala regional en Am\u00e9rica Latina, se espera que resulte transformador en t\u00e9rminos de:<\/p>\n\t\t\t\t\t\t\t\t<\/div>\n\t\t\t\t<\/div>\n\t\t\t\t<div class=\"elementor-element elementor-element-fe9595a elementor-widget elementor-widget-text-editor\" data-id=\"fe9595a\" data-element_type=\"widget\" data-widget_type=\"text-editor.default\">\n\t\t\t\t<div class=\"elementor-widget-container\">\n\t\t\t\t\t\t\t\t\t<ol>\n <li>Mejorar los marcos de desarrollo reduciendo los obst\u00e1culos financieros, t\u00e9cnicos y legales existentes para el desarrollo de la energ\u00eda geot\u00e9rmica,<\/li>\n \t<li>Fomentar el desarrollo geot\u00e9rmico en los pa\u00edses latinoamericanos,<\/li>\n \t<li>Crear un mercado para la energ\u00eda geot\u00e9rmica al ser un catalizador para los primeros proyectos geot\u00e9rmicos comerciales en la regi\u00f3n andina,<\/li>\n \t<li>Aumentar la capacidad de la industria geot\u00e9rmica local, aumentar el crecimiento econ\u00f3mico y,<\/li>\n \t<li>Reducir significativamente el aumento de las emisiones de gases de efecto invernadero y mejorar la seguridad energ\u00e9tica mediante la diversificaci\u00f3n de las matrices energ\u00e9ticas en toda la regi\u00f3n.<\/li>\n<\/ol>\t\t\t\t\t\t\t\t<\/div>\n\t\t\t\t<\/div>\n\t\t\t\t<div class=\"elementor-element elementor-element-bb8a47c elementor-widget elementor-widget-text-editor\" data-id=\"bb8a47c\" data-element_type=\"widget\" data-widget_type=\"text-editor.default\">\n\t\t\t\t<div class=\"elementor-widget-container\">\n\t\t\t\t\t\t\t\t\t<p>Adem\u00e1s de contar con el apoyo de muchas Instituciones de Financiaci\u00f3n del Desarrollo (DFI siglas en ingl\u00e9s) existentes, el Fondo se dise\u00f1ar\u00e1 para permitir una mayor participaci\u00f3n y contribuciones de los donantes y de financieros interesados. El objetivo del Fondo es catalizar el desarrollo de un m\u00ednimo de 7 plantas geot\u00e9rmicas con una capacidad acumulada de al menos 350 MW con una inversi\u00f3n total estimada de al menos mil millones de euros (\u20ac1 Billi\u00f3n) con un objetivo optimista de 2 mil millones de euros (\u20ac2 Billi\u00f3n).<\/p>\n\t\t\t\t\t\t\t\t<\/div>\n\t\t\t\t<\/div>\n\t\t\t\t\t<\/div>\n\t\t<\/div>\n\t\t\t\t\t<\/div>\n\t\t<\/section>\n\t\t\t\t<section class=\"elementor-section elementor-top-section elementor-element elementor-element-cfe8176 elementor-section-height-min-height elementor-section-boxed elementor-section-height-default elementor-section-items-middle\" data-id=\"cfe8176\" data-element_type=\"section\" data-settings=\"{&quot;background_background&quot;:&quot;classic&quot;}\">\n\t\t\t\t\t\t\t<div class=\"elementor-background-overlay\"><\/div>\n\t\t\t\t\t\t\t<div class=\"elementor-container elementor-column-gap-default\">\n\t\t\t\t\t<div class=\"elementor-column elementor-col-100 elementor-top-column elementor-element elementor-element-2054b9f\" data-id=\"2054b9f\" data-element_type=\"column\">\n\t\t\t<div class=\"elementor-widget-wrap elementor-element-populated\">\n\t\t\t\t\t\t<div class=\"elementor-element elementor-element-9d4d515 elementor-widget elementor-widget-heading\" data-id=\"9d4d515\" data-element_type=\"widget\" data-widget_type=\"heading.default\">\n\t\t\t\t<div class=\"elementor-widget-container\">\n\t\t\t\t\t<h2 class=\"elementor-heading-title elementor-size-default\">Protegemos su privacidad<\/h2>\t\t\t\t<\/div>\n\t\t\t\t<\/div>\n\t\t\t\t<div class=\"elementor-element elementor-element-761dea3 elementor-align-center btnAngle elementor-widget elementor-widget-button\" data-id=\"761dea3\" data-element_type=\"widget\" data-widget_type=\"button.default\">\n\t\t\t\t<div class=\"elementor-widget-container\">\n\t\t\t\t\t\t\t\t\t<div class=\"elementor-button-wrapper\">\n\t\t\t\t\t<a class=\"elementor-button elementor-button-link elementor-size-sm\" href=\"https:\/\/gdflac.com\/es\/politica-de-proteccion-de-datos\/\">\n\t\t\t\t\t\t<span class=\"elementor-button-content-wrapper\">\n\t\t\t\t\t\t<span class=\"elementor-button-icon\">\n\t\t\t\t<i aria-hidden=\"true\" class=\"fas fa-chevron-right\"><\/i>\t\t\t<\/span>\n\t\t\t\t\t\t\t\t\t<span class=\"elementor-button-text\">Aprende acerca de nuestra pol\u00edtica de protecci\u00f3n<\/span>\n\t\t\t\t\t<\/span>\n\t\t\t\t\t<\/a>\n\t\t\t\t<\/div>\n\t\t\t\t\t\t\t\t<\/div>\n\t\t\t\t<\/div>\n\t\t\t\t\t<\/div>\n\t\t<\/div>\n\t\t\t\t\t<\/div>\n\t\t<\/section>\n\t\t\t\t<\/div>\n\t\t","protected":false},"excerpt":{"rendered":"<p>El objetivo del Fondo (GDF) es fomentar la inversi\u00f3n p\u00fablica y\/o privada en el desarrollo de la energ\u00eda geot\u00e9rmica en Latinoam\u00e9rica. Se dispone de fondos para las siguientes actividades: Estudios superficiales geocient\u00edficos para determinar la ubicaci\u00f3n \u00f3ptima de pozos de confirmaci\u00f3n de reservorios en los prospectos geot\u00e9rmicos m\u00e1s prometedores. Perforaci\u00f3n y pruebas de pozos de [&hellip;]<\/p>\n","protected":false},"author":1,"featured_media":0,"parent":1110,"menu_order":4,"comment_status":"closed","ping_status":"closed","template":"","meta":{"footnotes":""},"class_list":["post-664","page","type-page","status-publish","hentry"],"yoast_head":"<!-- This site is optimized with the Yoast SEO plugin v26.7 - https:\/\/yoast.com\/wordpress\/plugins\/seo\/ -->\n<title>Objetivos - GDF<\/title>\n<meta name=\"robots\" content=\"index, follow, max-snippet:-1, max-image-preview:large, max-video-preview:-1\" \/>\n<link rel=\"canonical\" href=\"https:\/\/gdflac.com\/es\/acerca-de\/objetivos\/\" \/>\n<meta property=\"og:locale\" content=\"es_ES\" \/>\n<meta property=\"og:type\" content=\"article\" \/>\n<meta property=\"og:title\" content=\"Objetivos - GDF\" \/>\n<meta property=\"og:description\" content=\"El objetivo del Fondo (GDF) es fomentar la inversi\u00f3n p\u00fablica y\/o privada en el desarrollo de la energ\u00eda geot\u00e9rmica en Latinoam\u00e9rica. Se dispone de fondos para las siguientes actividades: Estudios superficiales geocient\u00edficos para determinar la ubicaci\u00f3n \u00f3ptima de pozos de confirmaci\u00f3n de reservorios en los prospectos geot\u00e9rmicos m\u00e1s prometedores. Perforaci\u00f3n y pruebas de pozos de [&hellip;]\" \/>\n<meta property=\"og:url\" content=\"https:\/\/gdflac.com\/es\/acerca-de\/objetivos\/\" \/>\n<meta property=\"og:site_name\" content=\"GDF\" \/>\n<meta property=\"article:modified_time\" content=\"2023-01-10T23:03:49+00:00\" \/>\n<meta property=\"og:image\" content=\"https:\/\/gdflac.com\/wp-content\/uploads\/2022\/12\/GDF-Logo-Transparent.png\" \/>\n\t<meta property=\"og:image:width\" content=\"1000\" \/>\n\t<meta property=\"og:image:height\" content=\"505\" \/>\n\t<meta property=\"og:image:type\" content=\"image\/png\" \/>\n<meta name=\"twitter:card\" content=\"summary_large_image\" \/>\n<meta name=\"twitter:label1\" content=\"Tiempo de lectura\" \/>\n\t<meta name=\"twitter:data1\" content=\"2 minutos\" \/>\n<script type=\"application\/ld+json\" class=\"yoast-schema-graph\">{\"@context\":\"https:\/\/schema.org\",\"@graph\":[{\"@type\":\"WebPage\",\"@id\":\"https:\/\/gdflac.com\/es\/acerca-de\/objetivos\/\",\"url\":\"https:\/\/gdflac.com\/es\/acerca-de\/objetivos\/\",\"name\":\"Objetivos - GDF\",\"isPartOf\":{\"@id\":\"https:\/\/gdflac.com\/#website\"},\"datePublished\":\"2022-12-31T06:03:12+00:00\",\"dateModified\":\"2023-01-10T23:03:49+00:00\",\"breadcrumb\":{\"@id\":\"https:\/\/gdflac.com\/es\/acerca-de\/objetivos\/#breadcrumb\"},\"inLanguage\":\"es\",\"potentialAction\":[{\"@type\":\"ReadAction\",\"target\":[\"https:\/\/gdflac.com\/es\/acerca-de\/objetivos\/\"]}]},{\"@type\":\"BreadcrumbList\",\"@id\":\"https:\/\/gdflac.com\/es\/acerca-de\/objetivos\/#breadcrumb\",\"itemListElement\":[{\"@type\":\"ListItem\",\"position\":1,\"name\":\"Home\",\"item\":\"https:\/\/gdflac.com\/es\/inicio\/\"},{\"@type\":\"ListItem\",\"position\":2,\"name\":\"Acerca de\",\"item\":\"https:\/\/gdflac.com\/es\/acerca-de\/\"},{\"@type\":\"ListItem\",\"position\":3,\"name\":\"Objetivos\"}]},{\"@type\":\"WebSite\",\"@id\":\"https:\/\/gdflac.com\/#website\",\"url\":\"https:\/\/gdflac.com\/\",\"name\":\"GDF\",\"description\":\"Geothermal Development Facility for Latin America\",\"publisher\":{\"@id\":\"https:\/\/gdflac.com\/#organization\"},\"alternateName\":\"GDF\",\"potentialAction\":[{\"@type\":\"SearchAction\",\"target\":{\"@type\":\"EntryPoint\",\"urlTemplate\":\"https:\/\/gdflac.com\/?s={search_term_string}\"},\"query-input\":{\"@type\":\"PropertyValueSpecification\",\"valueRequired\":true,\"valueName\":\"search_term_string\"}}],\"inLanguage\":\"es\"},{\"@type\":\"Organization\",\"@id\":\"https:\/\/gdflac.com\/#organization\",\"name\":\"GDF\",\"alternateName\":\"GDF\",\"url\":\"https:\/\/gdflac.com\/\",\"logo\":{\"@type\":\"ImageObject\",\"inLanguage\":\"es\",\"@id\":\"https:\/\/gdflac.com\/#\/schema\/logo\/image\/\",\"url\":\"https:\/\/gdflac.com\/wp-content\/uploads\/2022\/12\/GDF-Logo-Transparent.png\",\"contentUrl\":\"https:\/\/gdflac.com\/wp-content\/uploads\/2022\/12\/GDF-Logo-Transparent.png\",\"width\":1000,\"height\":505,\"caption\":\"GDF\"},\"image\":{\"@id\":\"https:\/\/gdflac.com\/#\/schema\/logo\/image\/\"}}]}<\/script>\n<!-- \/ Yoast SEO plugin. -->","yoast_head_json":{"title":"Objetivos - GDF","robots":{"index":"index","follow":"follow","max-snippet":"max-snippet:-1","max-image-preview":"max-image-preview:large","max-video-preview":"max-video-preview:-1"},"canonical":"https:\/\/gdflac.com\/es\/acerca-de\/objetivos\/","og_locale":"es_ES","og_type":"article","og_title":"Objetivos - GDF","og_description":"El objetivo del Fondo (GDF) es fomentar la inversi\u00f3n p\u00fablica y\/o privada en el desarrollo de la energ\u00eda geot\u00e9rmica en Latinoam\u00e9rica. Se dispone de fondos para las siguientes actividades: Estudios superficiales geocient\u00edficos para determinar la ubicaci\u00f3n \u00f3ptima de pozos de confirmaci\u00f3n de reservorios en los prospectos geot\u00e9rmicos m\u00e1s prometedores. Perforaci\u00f3n y pruebas de pozos de [&hellip;]","og_url":"https:\/\/gdflac.com\/es\/acerca-de\/objetivos\/","og_site_name":"GDF","article_modified_time":"2023-01-10T23:03:49+00:00","og_image":[{"width":1000,"height":505,"url":"https:\/\/gdflac.com\/wp-content\/uploads\/2022\/12\/GDF-Logo-Transparent.png","type":"image\/png"}],"twitter_card":"summary_large_image","twitter_misc":{"Tiempo de lectura":"2 minutos"},"schema":{"@context":"https:\/\/schema.org","@graph":[{"@type":"WebPage","@id":"https:\/\/gdflac.com\/es\/acerca-de\/objetivos\/","url":"https:\/\/gdflac.com\/es\/acerca-de\/objetivos\/","name":"Objetivos - GDF","isPartOf":{"@id":"https:\/\/gdflac.com\/#website"},"datePublished":"2022-12-31T06:03:12+00:00","dateModified":"2023-01-10T23:03:49+00:00","breadcrumb":{"@id":"https:\/\/gdflac.com\/es\/acerca-de\/objetivos\/#breadcrumb"},"inLanguage":"es","potentialAction":[{"@type":"ReadAction","target":["https:\/\/gdflac.com\/es\/acerca-de\/objetivos\/"]}]},{"@type":"BreadcrumbList","@id":"https:\/\/gdflac.com\/es\/acerca-de\/objetivos\/#breadcrumb","itemListElement":[{"@type":"ListItem","position":1,"name":"Home","item":"https:\/\/gdflac.com\/es\/inicio\/"},{"@type":"ListItem","position":2,"name":"Acerca de","item":"https:\/\/gdflac.com\/es\/acerca-de\/"},{"@type":"ListItem","position":3,"name":"Objetivos"}]},{"@type":"WebSite","@id":"https:\/\/gdflac.com\/#website","url":"https:\/\/gdflac.com\/","name":"GDF","description":"Geothermal Development Facility for Latin America","publisher":{"@id":"https:\/\/gdflac.com\/#organization"},"alternateName":"GDF","potentialAction":[{"@type":"SearchAction","target":{"@type":"EntryPoint","urlTemplate":"https:\/\/gdflac.com\/?s={search_term_string}"},"query-input":{"@type":"PropertyValueSpecification","valueRequired":true,"valueName":"search_term_string"}}],"inLanguage":"es"},{"@type":"Organization","@id":"https:\/\/gdflac.com\/#organization","name":"GDF","alternateName":"GDF","url":"https:\/\/gdflac.com\/","logo":{"@type":"ImageObject","inLanguage":"es","@id":"https:\/\/gdflac.com\/#\/schema\/logo\/image\/","url":"https:\/\/gdflac.com\/wp-content\/uploads\/2022\/12\/GDF-Logo-Transparent.png","contentUrl":"https:\/\/gdflac.com\/wp-content\/uploads\/2022\/12\/GDF-Logo-Transparent.png","width":1000,"height":505,"caption":"GDF"},"image":{"@id":"https:\/\/gdflac.com\/#\/schema\/logo\/image\/"}}]}},"_links":{"self":[{"href":"https:\/\/gdflac.com\/es\/wp-json\/wp\/v2\/pages\/664","targetHints":{"allow":["GET"]}}],"collection":[{"href":"https:\/\/gdflac.com\/es\/wp-json\/wp\/v2\/pages"}],"about":[{"href":"https:\/\/gdflac.com\/es\/wp-json\/wp\/v2\/types\/page"}],"author":[{"embeddable":true,"href":"https:\/\/gdflac.com\/es\/wp-json\/wp\/v2\/users\/1"}],"replies":[{"embeddable":true,"href":"https:\/\/gdflac.com\/es\/wp-json\/wp\/v2\/comments?post=664"}],"version-history":[{"count":0,"href":"https:\/\/gdflac.com\/es\/wp-json\/wp\/v2\/pages\/664\/revisions"}],"up":[{"embeddable":true,"href":"https:\/\/gdflac.com\/es\/wp-json\/wp\/v2\/pages\/1110"}],"wp:attachment":[{"href":"https:\/\/gdflac.com\/es\/wp-json\/wp\/v2\/media?parent=664"}],"curies":[{"name":"wp","href":"https:\/\/api.w.org\/{rel}","templated":true}]}}