{"id":672,"date":"2022-12-31T06:02:49","date_gmt":"2022-12-31T06:02:49","guid":{"rendered":"https:\/\/gdflac.com\/index.php\/vinculos\/"},"modified":"2023-01-10T23:03:31","modified_gmt":"2023-01-10T23:03:31","slug":"vinculos","status":"publish","type":"page","link":"https:\/\/gdflac.com\/es\/acerca-de\/vinculos\/","title":{"rendered":"V\u00ednculos"},"content":{"rendered":"\t\t<div data-elementor-type=\"wp-page\" data-elementor-id=\"672\" class=\"elementor elementor-672 elementor-50\" data-elementor-post-type=\"page\">\n\t\t\t\t\t\t<section class=\"elementor-section elementor-top-section elementor-element elementor-element-ee4b79b elementor-section-boxed elementor-section-height-default elementor-section-height-default\" data-id=\"ee4b79b\" data-element_type=\"section\">\n\t\t\t\t\t\t<div class=\"elementor-container elementor-column-gap-default\">\n\t\t\t\t\t<div class=\"elementor-column elementor-col-100 elementor-top-column elementor-element elementor-element-b5448a3\" data-id=\"b5448a3\" data-element_type=\"column\">\n\t\t\t<div class=\"elementor-widget-wrap elementor-element-populated\">\n\t\t\t\t\t\t<div class=\"elementor-element elementor-element-69d05cf elementor-widget elementor-widget-breadcrumbs\" data-id=\"69d05cf\" data-element_type=\"widget\" data-widget_type=\"breadcrumbs.default\">\n\t\t\t\t<div class=\"elementor-widget-container\">\n\t\t\t\t\t<p id=\"breadcrumbs\"><span><span><a href=\"https:\/\/gdflac.com\/es\/inicio\/\">Home<\/a><\/span><\/span><\/p>\t\t\t\t<\/div>\n\t\t\t\t<\/div>\n\t\t\t\t\t<\/div>\n\t\t<\/div>\n\t\t\t\t\t<\/div>\n\t\t<\/section>\n\t\t\t\t<section class=\"elementor-section elementor-top-section elementor-element elementor-element-a314b00 elementor-section-boxed elementor-section-height-default elementor-section-height-default\" data-id=\"a314b00\" data-element_type=\"section\">\n\t\t\t\t\t\t<div class=\"elementor-container elementor-column-gap-default\">\n\t\t\t\t\t<div class=\"elementor-column elementor-col-100 elementor-top-column elementor-element elementor-element-e8ee397\" data-id=\"e8ee397\" data-element_type=\"column\">\n\t\t\t<div class=\"elementor-widget-wrap elementor-element-populated\">\n\t\t\t\t\t\t<div class=\"elementor-element elementor-element-d6a6706 elementor-widget elementor-widget-heading\" data-id=\"d6a6706\" data-element_type=\"widget\" data-widget_type=\"heading.default\">\n\t\t\t\t<div class=\"elementor-widget-container\">\n\t\t\t\t\t<h1 class=\"elementor-heading-title elementor-size-default\">V\u00ednculos<\/h1>\t\t\t\t<\/div>\n\t\t\t\t<\/div>\n\t\t\t\t<div class=\"elementor-element elementor-element-9240522 elementor-widget-divider--view-line elementor-widget elementor-widget-divider\" data-id=\"9240522\" data-element_type=\"widget\" data-widget_type=\"divider.default\">\n\t\t\t\t<div class=\"elementor-widget-container\">\n\t\t\t\t\t\t\t<div class=\"elementor-divider\">\n\t\t\t<span class=\"elementor-divider-separator\">\n\t\t\t\t\t\t<\/span>\n\t\t<\/div>\n\t\t\t\t\t\t<\/div>\n\t\t\t\t<\/div>\n\t\t\t\t\t<\/div>\n\t\t<\/div>\n\t\t\t\t\t<\/div>\n\t\t<\/section>\n\t\t\t\t<section class=\"elementor-section elementor-top-section elementor-element elementor-element-22bc60d elementor-section-boxed elementor-section-height-default elementor-section-height-default\" data-id=\"22bc60d\" data-element_type=\"section\">\n\t\t\t\t\t\t<div class=\"elementor-container elementor-column-gap-wider\">\n\t\t\t\t\t<div class=\"elementor-column elementor-col-50 elementor-top-column elementor-element elementor-element-bbcf159\" data-id=\"bbcf159\" data-element_type=\"column\">\n\t\t\t<div class=\"elementor-widget-wrap elementor-element-populated\">\n\t\t\t\t\t\t<div class=\"elementor-element elementor-element-d9a48eb elementor-widget elementor-widget-text-editor\" data-id=\"d9a48eb\" data-element_type=\"widget\" data-widget_type=\"text-editor.default\">\n\t\t\t\t<div class=\"elementor-widget-container\">\n\t\t\t\t\t\t\t\t\t<h4>Gestores del Fondo GDF<\/h4>\n<ul>\n<li><a href=\"http:\/\/www.interlinkdc.com\/\" target=\"_blank\" rel=\"noopener noreferrer\">IDA Fund Management, LLC<\/a><\/li>\n<li><a href=\"http:\/\/www.interlinkdc.com\/\" target=\"_blank\" rel=\"noopener noreferrer\">Interlink Capital Strategies<\/a><\/li>\n<li><a href=\"http:\/\/www.dewhurstgroup.us\" target=\"_blank\" rel=\"noopener noreferrer\">Dewhurst Group, LLC<\/a><\/li>\n<\/ul>\n<h4>Financiadores (para la primera, y potencialmente rondas posteriores)<\/h4>\n<ul>\n<li><a href=\"http:\/\/www.bmz.de\/en\/index.html\" target=\"_blank\" rel=\"noopener noreferrer\">Ministerio Alem\u00e1n para la Cooperaci\u00f3n Econ\u00f3mica (BMZ)<\/a><\/li>\n<li><a href=\"https:\/\/www.kfw-entwicklungsbank.de\/International-financing\/KfW-Entwicklungsbank\/\" target=\"_blank\" rel=\"noopener noreferrer\">KfW Entwicklungsbank (KfW)<\/a><\/li>\n<li><a href=\"https:\/\/www.caf.com\/en\" target=\"_blank\" rel=\"noopener noreferrer\">Banco de Desarrollo de Am\u00e9rica Latina<\/a> <\/li>\n<li><a href=\"https:\/\/www.bcie.org\/\" target=\"_blank\" rel=\"noopener noreferrer\">Banco Centroamericano de Integraci\u00f3n Econ\u00f3mica (BCIE)<\/a><\/li>\n<li><a href=\"https:\/\/www.iadb.org\/en\">Banco Interamericano de Desarrollo<\/a><\/li>\n<li><a href=\"http:\/\/www.worldbank.org\/en\/about\/what-we-do\/brief\/ibrd\" target=\"_blank\" rel=\"noopener noreferrer\">Banco Mundial <\/a><\/li>\n<li><a href=\"http:\/\/www.gov.uk\/government\/organisations\/department-for-international-development\" target=\"_blank\" rel=\"noopener noreferrer\">UK <\/a><a href=\"https:\/\/www.gov.uk\/government\/organisations\/department-for-international-development\" target=\"_blank\" rel=\"noopener noreferrer\">Department for International Development (DFID)<\/a><\/li>\n<\/ul>\n<h4>Asociaciones Geot\u00e9rmicas<\/h4>\n<ul>\n<li><a href=\"http:\/\/egec.org\/\" target=\"_blank\" rel=\"noopener noreferrer\">European Geothermal Energy Council (EGEC)<\/a><\/li>\n<li><a href=\"http:\/\/www.geo-energy.org\/\" target=\"_blank\" rel=\"noopener noreferrer\">Geothermal Energy Association (GEA)<\/a><\/li>\n<li><a href=\"http:\/\/www.geothermal.org\/\" target=\"_blank\" rel=\"noopener noreferrer\">Geothermal Resource Council (GRC)<\/a><\/li>\n<li><a href=\"http:\/\/www.geothermal-energy.org\/\" target=\"_blank\" rel=\"noopener noreferrer\">International Geothermal Association (IGA)<\/a><\/li>\n<li><a href=\"http:\/\/www.iadc.org\" target=\"_blank\" rel=\"noopener noreferrer\">International Association of Drilling Contractors (IADC)<\/a><\/li>\n<li><a href=\"http:\/\/www.achegeo.cl\/index.php\" target=\"_blank\" rel=\"noopener noreferrer\">Asociaci\u00f3n Chilena De Energ\u00eda Geot\u00e9rmica<\/a><\/li>\n<\/ul>\n<h4>Proveedores de Subvenciones<\/h4>\n<ul>\n<li><a href=\"http:\/\/www.bmz.de\/en\/index.html\" target=\"_blank\" rel=\"noopener noreferrer\">BMZ<\/a><\/li>\n<li><a href=\"http:\/\/ec.europa.eu\/europeaid\/regions\/latin-america\/laif-latin-america-investment-facility_en\" target=\"_blank\" rel=\"noopener noreferrer\">EU-LAIF respectively through KfW<\/a><\/li>\n<\/ul>\n\t\t\t\t\t\t\t\t<\/div>\n\t\t\t\t<\/div>\n\t\t\t\t\t<\/div>\n\t\t<\/div>\n\t\t\t\t<div class=\"elementor-column elementor-col-50 elementor-top-column elementor-element elementor-element-8689d43\" data-id=\"8689d43\" data-element_type=\"column\">\n\t\t\t<div class=\"elementor-widget-wrap elementor-element-populated\">\n\t\t\t\t\t\t<div class=\"elementor-element elementor-element-0e1a298 elementor-widget elementor-widget-text-editor\" data-id=\"0e1a298\" data-element_type=\"widget\" data-widget_type=\"text-editor.default\">\n\t\t\t\t<div class=\"elementor-widget-container\">\n\t\t\t\t\t\t\t\t\t<h4>Geothermal Focal Points<\/h4>\n<p><strong>Bolivia<\/strong><br \/><a href=\"https:\/\/www3.hidrocarburos.gob.bo\/\" target=\"_blank\" rel=\"noopener noreferrer\">Ministerio de Hidrocarburos y Energ\u00eda<\/a><br \/><a href=\"https:\/\/www.ende.bo\/index.php\" target=\"_blank\" rel=\"noopener noreferrer\">Empresa Nacional de Electricidad<\/a><\/p>\n<p><strong>Chile<\/strong><br \/><a href=\"http:\/\/www.energia.gob.cl\/\" target=\"_blank\" rel=\"noopener noreferrer\">Ministerio de Energ\u00eda<\/a><\/p>\n<p><strong>Colombia<\/strong><br \/><a href=\"https:\/\/www.minminas.gov.co\/\" target=\"_blank\" rel=\"noopener noreferrer\">Ministerio de Minas y Energ\u00eda<\/a><\/p>\n<p><strong>Costa Rica<\/strong><br \/><a href=\"http:\/\/www.minae.go.cr\/index.php\/es\/\" target=\"_blank\" rel=\"noopener noreferrer\">Ministerio de Ambiente y Energ\u00eda<\/a><\/p>\n<p><strong>Ecuador<\/strong><br \/><a href=\"http:\/\/www.energia.gob.ec\/\" target=\"_blank\" rel=\"noopener noreferrer\">Ministerio de Electricidad y Energ\u00eda Renovable<\/a><\/p>\n<p><strong>El Salvador<\/strong><br \/><a href=\"http:\/\/www.cne.gob.sv\/index.php\" target=\"_blank\" rel=\"noopener noreferrer\">Consejo Nacional de Energ\u00eda<\/a><br \/><a href=\"http:\/\/www.lageo.com.sv\/\" target=\"_blank\" rel=\"noopener noreferrer\">LaGeo<\/a><\/p>\n<p><strong>Guatemala<\/strong><br \/><a href=\"http:\/\/www.mem.gob.gt\/\">Ministerio de Energ\u00eda y Minas<\/a><\/p>\n<p><strong>Honduras<\/strong><br \/><a href=\"http:\/\/www.enee.hn\/\" target=\"_blank\" rel=\"noopener noreferrer\">Empresa Nacional de Energ\u00eda El\u00e9ctrica<\/a><\/p>\n<p><strong>Nicaragua<\/strong><br \/><a href=\"http:\/\/www.mem.gob.ni\/\" target=\"_blank\" rel=\"noopener noreferrer\">Ministerio de Energ\u00eda y Minas<\/a><\/p>\n<p><strong>Peru<\/strong><br \/><a href=\"http:\/\/www.minem.gob.pe\/\" target=\"_blank\" rel=\"noopener noreferrer\">Ministerio de Energ\u00eda y Minas<\/a><\/p>\n\t\t\t\t\t\t\t\t<\/div>\n\t\t\t\t<\/div>\n\t\t\t\t\t<\/div>\n\t\t<\/div>\n\t\t\t\t\t<\/div>\n\t\t<\/section>\n\t\t\t\t<\/div>\n\t\t","protected":false},"excerpt":{"rendered":"<p>Gestores del Fondo GDF IDA Fund Management, LLC Interlink Capital Strategies Dewhurst Group, LLC Financiadores (para la primera, y potencialmente rondas posteriores) Ministerio Alem\u00e1n para la Cooperaci\u00f3n Econ\u00f3mica (BMZ) KfW Entwicklungsbank (KfW) Banco de Desarrollo de Am\u00e9rica Latina Banco Centroamericano de Integraci\u00f3n Econ\u00f3mica (BCIE) Banco Interamericano de Desarrollo Banco Mundial UK Department for International Development [&hellip;]<\/p>\n","protected":false},"author":1,"featured_media":0,"parent":1110,"menu_order":3,"comment_status":"closed","ping_status":"closed","template":"","meta":{"footnotes":""},"class_list":["post-672","page","type-page","status-publish","hentry"],"yoast_head":"<!-- This site is optimized with the Yoast SEO plugin v26.7 - https:\/\/yoast.com\/wordpress\/plugins\/seo\/ -->\n<title>V\u00ednculos - GDF<\/title>\n<meta name=\"robots\" content=\"index, follow, max-snippet:-1, max-image-preview:large, max-video-preview:-1\" \/>\n<link rel=\"canonical\" href=\"https:\/\/gdflac.com\/es\/acerca-de\/vinculos\/\" \/>\n<meta property=\"og:locale\" content=\"es_ES\" \/>\n<meta property=\"og:type\" content=\"article\" \/>\n<meta property=\"og:title\" content=\"V\u00ednculos - GDF\" \/>\n<meta property=\"og:description\" content=\"Gestores del Fondo GDF IDA Fund Management, LLC Interlink Capital Strategies Dewhurst Group, LLC Financiadores (para la primera, y potencialmente rondas posteriores) Ministerio Alem\u00e1n para la Cooperaci\u00f3n Econ\u00f3mica (BMZ) KfW Entwicklungsbank (KfW) Banco de Desarrollo de Am\u00e9rica Latina Banco Centroamericano de Integraci\u00f3n Econ\u00f3mica (BCIE) Banco Interamericano de Desarrollo Banco Mundial UK Department for International Development [&hellip;]\" \/>\n<meta property=\"og:url\" content=\"https:\/\/gdflac.com\/es\/acerca-de\/vinculos\/\" \/>\n<meta property=\"og:site_name\" content=\"GDF\" \/>\n<meta property=\"article:modified_time\" content=\"2023-01-10T23:03:31+00:00\" \/>\n<meta property=\"og:image\" content=\"https:\/\/gdflac.com\/wp-content\/uploads\/2022\/12\/GDF-Logo-Transparent.png\" \/>\n\t<meta property=\"og:image:width\" content=\"1000\" \/>\n\t<meta property=\"og:image:height\" content=\"505\" \/>\n\t<meta property=\"og:image:type\" content=\"image\/png\" \/>\n<meta name=\"twitter:card\" content=\"summary_large_image\" \/>\n<meta name=\"twitter:label1\" content=\"Tiempo de lectura\" \/>\n\t<meta name=\"twitter:data1\" content=\"1 minuto\" \/>\n<script type=\"application\/ld+json\" class=\"yoast-schema-graph\">{\"@context\":\"https:\/\/schema.org\",\"@graph\":[{\"@type\":\"WebPage\",\"@id\":\"https:\/\/gdflac.com\/es\/acerca-de\/vinculos\/\",\"url\":\"https:\/\/gdflac.com\/es\/acerca-de\/vinculos\/\",\"name\":\"V\u00ednculos - GDF\",\"isPartOf\":{\"@id\":\"https:\/\/gdflac.com\/#website\"},\"datePublished\":\"2022-12-31T06:02:49+00:00\",\"dateModified\":\"2023-01-10T23:03:31+00:00\",\"breadcrumb\":{\"@id\":\"https:\/\/gdflac.com\/es\/acerca-de\/vinculos\/#breadcrumb\"},\"inLanguage\":\"es\",\"potentialAction\":[{\"@type\":\"ReadAction\",\"target\":[\"https:\/\/gdflac.com\/es\/acerca-de\/vinculos\/\"]}]},{\"@type\":\"BreadcrumbList\",\"@id\":\"https:\/\/gdflac.com\/es\/acerca-de\/vinculos\/#breadcrumb\",\"itemListElement\":[{\"@type\":\"ListItem\",\"position\":1,\"name\":\"Home\",\"item\":\"https:\/\/gdflac.com\/es\/inicio\/\"},{\"@type\":\"ListItem\",\"position\":2,\"name\":\"Acerca de\",\"item\":\"https:\/\/gdflac.com\/es\/acerca-de\/\"},{\"@type\":\"ListItem\",\"position\":3,\"name\":\"V\u00ednculos\"}]},{\"@type\":\"WebSite\",\"@id\":\"https:\/\/gdflac.com\/#website\",\"url\":\"https:\/\/gdflac.com\/\",\"name\":\"GDF\",\"description\":\"Geothermal Development Facility for Latin America\",\"publisher\":{\"@id\":\"https:\/\/gdflac.com\/#organization\"},\"alternateName\":\"GDF\",\"potentialAction\":[{\"@type\":\"SearchAction\",\"target\":{\"@type\":\"EntryPoint\",\"urlTemplate\":\"https:\/\/gdflac.com\/?s={search_term_string}\"},\"query-input\":{\"@type\":\"PropertyValueSpecification\",\"valueRequired\":true,\"valueName\":\"search_term_string\"}}],\"inLanguage\":\"es\"},{\"@type\":\"Organization\",\"@id\":\"https:\/\/gdflac.com\/#organization\",\"name\":\"GDF\",\"alternateName\":\"GDF\",\"url\":\"https:\/\/gdflac.com\/\",\"logo\":{\"@type\":\"ImageObject\",\"inLanguage\":\"es\",\"@id\":\"https:\/\/gdflac.com\/#\/schema\/logo\/image\/\",\"url\":\"https:\/\/gdflac.com\/wp-content\/uploads\/2022\/12\/GDF-Logo-Transparent.png\",\"contentUrl\":\"https:\/\/gdflac.com\/wp-content\/uploads\/2022\/12\/GDF-Logo-Transparent.png\",\"width\":1000,\"height\":505,\"caption\":\"GDF\"},\"image\":{\"@id\":\"https:\/\/gdflac.com\/#\/schema\/logo\/image\/\"}}]}<\/script>\n<!-- \/ Yoast SEO plugin. -->","yoast_head_json":{"title":"V\u00ednculos - GDF","robots":{"index":"index","follow":"follow","max-snippet":"max-snippet:-1","max-image-preview":"max-image-preview:large","max-video-preview":"max-video-preview:-1"},"canonical":"https:\/\/gdflac.com\/es\/acerca-de\/vinculos\/","og_locale":"es_ES","og_type":"article","og_title":"V\u00ednculos - GDF","og_description":"Gestores del Fondo GDF IDA Fund Management, LLC Interlink Capital Strategies Dewhurst Group, LLC Financiadores (para la primera, y potencialmente rondas posteriores) Ministerio Alem\u00e1n para la Cooperaci\u00f3n Econ\u00f3mica (BMZ) KfW Entwicklungsbank (KfW) Banco de Desarrollo de Am\u00e9rica Latina Banco Centroamericano de Integraci\u00f3n Econ\u00f3mica (BCIE) Banco Interamericano de Desarrollo Banco Mundial UK Department for International Development [&hellip;]","og_url":"https:\/\/gdflac.com\/es\/acerca-de\/vinculos\/","og_site_name":"GDF","article_modified_time":"2023-01-10T23:03:31+00:00","og_image":[{"width":1000,"height":505,"url":"https:\/\/gdflac.com\/wp-content\/uploads\/2022\/12\/GDF-Logo-Transparent.png","type":"image\/png"}],"twitter_card":"summary_large_image","twitter_misc":{"Tiempo de lectura":"1 minuto"},"schema":{"@context":"https:\/\/schema.org","@graph":[{"@type":"WebPage","@id":"https:\/\/gdflac.com\/es\/acerca-de\/vinculos\/","url":"https:\/\/gdflac.com\/es\/acerca-de\/vinculos\/","name":"V\u00ednculos - GDF","isPartOf":{"@id":"https:\/\/gdflac.com\/#website"},"datePublished":"2022-12-31T06:02:49+00:00","dateModified":"2023-01-10T23:03:31+00:00","breadcrumb":{"@id":"https:\/\/gdflac.com\/es\/acerca-de\/vinculos\/#breadcrumb"},"inLanguage":"es","potentialAction":[{"@type":"ReadAction","target":["https:\/\/gdflac.com\/es\/acerca-de\/vinculos\/"]}]},{"@type":"BreadcrumbList","@id":"https:\/\/gdflac.com\/es\/acerca-de\/vinculos\/#breadcrumb","itemListElement":[{"@type":"ListItem","position":1,"name":"Home","item":"https:\/\/gdflac.com\/es\/inicio\/"},{"@type":"ListItem","position":2,"name":"Acerca de","item":"https:\/\/gdflac.com\/es\/acerca-de\/"},{"@type":"ListItem","position":3,"name":"V\u00ednculos"}]},{"@type":"WebSite","@id":"https:\/\/gdflac.com\/#website","url":"https:\/\/gdflac.com\/","name":"GDF","description":"Geothermal Development Facility for Latin America","publisher":{"@id":"https:\/\/gdflac.com\/#organization"},"alternateName":"GDF","potentialAction":[{"@type":"SearchAction","target":{"@type":"EntryPoint","urlTemplate":"https:\/\/gdflac.com\/?s={search_term_string}"},"query-input":{"@type":"PropertyValueSpecification","valueRequired":true,"valueName":"search_term_string"}}],"inLanguage":"es"},{"@type":"Organization","@id":"https:\/\/gdflac.com\/#organization","name":"GDF","alternateName":"GDF","url":"https:\/\/gdflac.com\/","logo":{"@type":"ImageObject","inLanguage":"es","@id":"https:\/\/gdflac.com\/#\/schema\/logo\/image\/","url":"https:\/\/gdflac.com\/wp-content\/uploads\/2022\/12\/GDF-Logo-Transparent.png","contentUrl":"https:\/\/gdflac.com\/wp-content\/uploads\/2022\/12\/GDF-Logo-Transparent.png","width":1000,"height":505,"caption":"GDF"},"image":{"@id":"https:\/\/gdflac.com\/#\/schema\/logo\/image\/"}}]}},"_links":{"self":[{"href":"https:\/\/gdflac.com\/es\/wp-json\/wp\/v2\/pages\/672","targetHints":{"allow":["GET"]}}],"collection":[{"href":"https:\/\/gdflac.com\/es\/wp-json\/wp\/v2\/pages"}],"about":[{"href":"https:\/\/gdflac.com\/es\/wp-json\/wp\/v2\/types\/page"}],"author":[{"embeddable":true,"href":"https:\/\/gdflac.com\/es\/wp-json\/wp\/v2\/users\/1"}],"replies":[{"embeddable":true,"href":"https:\/\/gdflac.com\/es\/wp-json\/wp\/v2\/comments?post=672"}],"version-history":[{"count":0,"href":"https:\/\/gdflac.com\/es\/wp-json\/wp\/v2\/pages\/672\/revisions"}],"up":[{"embeddable":true,"href":"https:\/\/gdflac.com\/es\/wp-json\/wp\/v2\/pages\/1110"}],"wp:attachment":[{"href":"https:\/\/gdflac.com\/es\/wp-json\/wp\/v2\/media?parent=672"}],"curies":[{"name":"wp","href":"https:\/\/api.w.org\/{rel}","templated":true}]}}