{"id":679,"date":"2022-12-31T06:00:21","date_gmt":"2022-12-31T06:00:21","guid":{"rendered":"https:\/\/gdflac.com\/index.php\/breve-descripcion\/"},"modified":"2023-01-10T22:53:26","modified_gmt":"2023-01-10T22:53:26","slug":"breve-descripcion","status":"publish","type":"page","link":"https:\/\/gdflac.com\/es\/acerca-de\/breve-descripcion\/","title":{"rendered":"Breve Descripci\u00f3n"},"content":{"rendered":"\t\t<div data-elementor-type=\"wp-page\" data-elementor-id=\"679\" class=\"elementor elementor-679 elementor-47\" data-elementor-post-type=\"page\">\n\t\t\t\t\t\t<section class=\"elementor-section elementor-top-section elementor-element elementor-element-abc6b28 elementor-section-boxed elementor-section-height-default elementor-section-height-default\" data-id=\"abc6b28\" data-element_type=\"section\">\n\t\t\t\t\t\t<div class=\"elementor-container elementor-column-gap-default\">\n\t\t\t\t\t<div class=\"elementor-column elementor-col-100 elementor-top-column elementor-element elementor-element-e050861\" data-id=\"e050861\" data-element_type=\"column\">\n\t\t\t<div class=\"elementor-widget-wrap elementor-element-populated\">\n\t\t\t\t\t\t<div class=\"elementor-element elementor-element-8a47517 elementor-widget elementor-widget-breadcrumbs\" data-id=\"8a47517\" data-element_type=\"widget\" data-widget_type=\"breadcrumbs.default\">\n\t\t\t\t<div class=\"elementor-widget-container\">\n\t\t\t\t\t<p id=\"breadcrumbs\"><span><span><a href=\"https:\/\/gdflac.com\/es\/inicio\/\">Home<\/a><\/span><\/span><\/p>\t\t\t\t<\/div>\n\t\t\t\t<\/div>\n\t\t\t\t\t<\/div>\n\t\t<\/div>\n\t\t\t\t\t<\/div>\n\t\t<\/section>\n\t\t\t\t<section class=\"elementor-section elementor-top-section elementor-element elementor-element-c5b05fd elementor-section-boxed elementor-section-height-default elementor-section-height-default\" data-id=\"c5b05fd\" data-element_type=\"section\">\n\t\t\t\t\t\t<div class=\"elementor-container elementor-column-gap-default\">\n\t\t\t\t\t<div class=\"elementor-column elementor-col-100 elementor-top-column elementor-element elementor-element-c29f027\" data-id=\"c29f027\" data-element_type=\"column\">\n\t\t\t<div class=\"elementor-widget-wrap elementor-element-populated\">\n\t\t\t\t\t\t<div class=\"elementor-element elementor-element-1ae2f6d elementor-widget elementor-widget-heading\" data-id=\"1ae2f6d\" data-element_type=\"widget\" data-widget_type=\"heading.default\">\n\t\t\t\t<div class=\"elementor-widget-container\">\n\t\t\t\t\t<h1 class=\"elementor-heading-title elementor-size-default\">Breve Descripci\u00f3n<\/h1>\t\t\t\t<\/div>\n\t\t\t\t<\/div>\n\t\t\t\t<div class=\"elementor-element elementor-element-167de18 elementor-widget-divider--view-line elementor-widget elementor-widget-divider\" data-id=\"167de18\" data-element_type=\"widget\" data-widget_type=\"divider.default\">\n\t\t\t\t<div class=\"elementor-widget-container\">\n\t\t\t\t\t\t\t<div class=\"elementor-divider\">\n\t\t\t<span class=\"elementor-divider-separator\">\n\t\t\t\t\t\t<\/span>\n\t\t<\/div>\n\t\t\t\t\t\t<\/div>\n\t\t\t\t<\/div>\n\t\t\t\t\t<\/div>\n\t\t<\/div>\n\t\t\t\t\t<\/div>\n\t\t<\/section>\n\t\t\t\t<section class=\"elementor-section elementor-top-section elementor-element elementor-element-d20da1b elementor-section-boxed elementor-section-height-default elementor-section-height-default\" data-id=\"d20da1b\" data-element_type=\"section\">\n\t\t\t\t\t\t<div class=\"elementor-container elementor-column-gap-wider\">\n\t\t\t\t\t<div class=\"elementor-column elementor-col-66 elementor-top-column elementor-element elementor-element-673fc09\" data-id=\"673fc09\" data-element_type=\"column\">\n\t\t\t<div class=\"elementor-widget-wrap elementor-element-populated\">\n\t\t\t\t\t\t<div class=\"elementor-element elementor-element-4e46c32 elementor-widget elementor-widget-text-editor\" data-id=\"4e46c32\" data-element_type=\"widget\" data-widget_type=\"text-editor.default\">\n\t\t\t\t<div class=\"elementor-widget-container\">\n\t\t\t\t\t\t\t\t\t<p><strong>Concepci\u00f3n: <\/strong>El Ministro Federal de Cooperaci\u00f3n Econ\u00f3mica y Desarrollo, Dr. Gerd M\u00fcller y el comisionado de la Uni\u00f3n Europea (UE) de Acci\u00f3n por el Clima y Energ\u00eda, Miguel Arias Ca\u00f1ete, junto con los representantes de alto nivel de KfW, CAF, CABEI, Banco Mundial, ESMAP, BID, AfD, EIB, JICA, NDF, BGR y GIZ pusieron en marcha el Fondo de Desarrollo Geot\u00e9rmico (GDF) para Latinoam\u00e9rica en el marco de la COP20 en Lima, Per\u00fa, en diciembre del 2014.<\/p>\n<p><strong>Iniciaci\u00f3n:<\/strong> anunciado el 25 de abril de 2016 en la mesa redonda del Banco Mundial\/ESMAP GGDP, en Reikiavik, Islandia.<\/p>\n<p><strong>Inicio Esperado del Fondo:<\/strong> cuarto trimestre de 2016 (Q4, 2016).<\/p>\n<p><strong>Primera convocatoria esperada de Expresiones de inter\u00e9s (EOI por siglas en ingl\u00e9s):<\/strong> primer trimestre de 2017 (Q1, 2017).<\/p>\n<p><strong>Proveedores de Subvenciones:<\/strong> <a href=\"http:\/\/www.bmz.de\/en\/index.html\" target=\"_blank\" rel=\"noopener noreferrer\">El Ministerio Federal de Cooperaci\u00f3n Econ\u00f3mica y Desarrollo (BMZ),<\/a> <a href=\"https:\/\/ec.europa.eu\/europeaid\/regions\/latin-america\/laif-latin-america-investment-facility_en\" target=\"_blank\" rel=\"noopener noreferrer\">La Uni\u00f3n Europea a trav\u00e9s del Fondo de Inversi\u00f3n para Latinoam\u00e9rica (UE-LAIF)<\/a>, respectivamente, a trav\u00e9s del Banco de Desarrollo de KfW. Se prev\u00e9n subvenciones adicionales por parte de los miembros donantes del Grupo de las Partes Interesadas y de terceros. Est\u00e1 previsto que los miembros del Grupo de Partes Interesadas y terceros donantes concedan m\u00e1s subvenciones.<\/p>\n<p><strong>Partes interesadas del GDF:<\/strong> BMZ, UE-LAIF, KfW, CAF, BCIE, BM, ESMAP, BID, AfD, BEI, JICA, NDF, BGR, GIZ<\/p>\n<p><strong>Capitalizaci\u00f3n inicial:<\/strong> 50 millones de euros.<\/p>\n<p><strong>Duraci\u00f3n del mecanismo:<\/strong> 10 a\u00f1os.<\/p>\n<p><strong>Gestor de fondos: <\/strong>IDA Fund Management, LLC. (IDA is a consortium of: Interlink Capital Strategies with Dewhurst Group, LLC.)<\/p>\n\t\t\t\t\t\t\t\t<\/div>\n\t\t\t\t<\/div>\n\t\t\t\t\t<\/div>\n\t\t<\/div>\n\t\t\t\t<div class=\"elementor-column elementor-col-33 elementor-top-column elementor-element elementor-element-64fd186\" data-id=\"64fd186\" data-element_type=\"column\">\n\t\t\t<div class=\"elementor-widget-wrap elementor-element-populated\">\n\t\t\t\t\t\t<div class=\"elementor-element elementor-element-4fcc16a elementor-widget elementor-widget-image\" data-id=\"4fcc16a\" data-element_type=\"widget\" data-widget_type=\"image.default\">\n\t\t\t\t<div class=\"elementor-widget-container\">\n\t\t\t\t\t\t\t\t\t\t\t\t\t\t\t<img fetchpriority=\"high\" decoding=\"async\" width=\"455\" height=\"683\" src=\"https:\/\/gdflac.com\/wp-content\/uploads\/2023\/01\/Brief-Overview.jpg\" class=\"attachment-large size-large wp-image-495\" alt=\"\" srcset=\"https:\/\/gdflac.com\/wp-content\/uploads\/2023\/01\/Brief-Overview.jpg 455w, https:\/\/gdflac.com\/wp-content\/uploads\/2023\/01\/Brief-Overview-200x300.jpg 200w\" sizes=\"(max-width: 455px) 100vw, 455px\" \/>\t\t\t\t\t\t\t\t\t\t\t\t\t\t\t<\/div>\n\t\t\t\t<\/div>\n\t\t\t\t\t<\/div>\n\t\t<\/div>\n\t\t\t\t\t<\/div>\n\t\t<\/section>\n\t\t\t\t<section class=\"elementor-section elementor-top-section elementor-element elementor-element-b69a8c5 elementor-section-boxed elementor-section-height-default elementor-section-height-default\" data-id=\"b69a8c5\" data-element_type=\"section\">\n\t\t\t\t\t\t<div class=\"elementor-container elementor-column-gap-default\">\n\t\t\t\t\t<div class=\"elementor-column elementor-col-100 elementor-top-column elementor-element elementor-element-999efd8\" data-id=\"999efd8\" data-element_type=\"column\">\n\t\t\t<div class=\"elementor-widget-wrap elementor-element-populated\">\n\t\t\t\t\t\t<div class=\"elementor-element elementor-element-7bb0928 elementor-widget-divider--view-line elementor-widget elementor-widget-divider\" data-id=\"7bb0928\" data-element_type=\"widget\" data-widget_type=\"divider.default\">\n\t\t\t\t<div class=\"elementor-widget-container\">\n\t\t\t\t\t\t\t<div class=\"elementor-divider\">\n\t\t\t<span class=\"elementor-divider-separator\">\n\t\t\t\t\t\t<\/span>\n\t\t<\/div>\n\t\t\t\t\t\t<\/div>\n\t\t\t\t<\/div>\n\t\t\t\t\t<\/div>\n\t\t<\/div>\n\t\t\t\t\t<\/div>\n\t\t<\/section>\n\t\t\t\t<section class=\"elementor-section elementor-top-section elementor-element elementor-element-172745c elementor-section-boxed elementor-section-height-default elementor-section-height-default\" data-id=\"172745c\" data-element_type=\"section\">\n\t\t\t\t\t\t<div class=\"elementor-container elementor-column-gap-default\">\n\t\t\t\t\t<div class=\"elementor-column elementor-col-33 elementor-top-column elementor-element elementor-element-ad48a7f\" data-id=\"ad48a7f\" data-element_type=\"column\">\n\t\t\t<div class=\"elementor-widget-wrap elementor-element-populated\">\n\t\t\t\t\t\t<div class=\"elementor-element elementor-element-899dcc9 elementor-widget elementor-widget-image\" data-id=\"899dcc9\" data-element_type=\"widget\" data-widget_type=\"image.default\">\n\t\t\t\t<div class=\"elementor-widget-container\">\n\t\t\t\t\t\t\t\t\t\t\t\t\t\t\t<img decoding=\"async\" width=\"200\" height=\"110\" src=\"https:\/\/gdflac.com\/wp-content\/uploads\/2023\/01\/DEgov-BMZ-Logo_en.png\" class=\"attachment-full size-full wp-image-461\" alt=\"Federal Ministry for Economic Cooperation and Development\" \/>\t\t\t\t\t\t\t\t\t\t\t\t\t\t\t<\/div>\n\t\t\t\t<\/div>\n\t\t\t\t\t<\/div>\n\t\t<\/div>\n\t\t\t\t<div class=\"elementor-column elementor-col-33 elementor-top-column elementor-element elementor-element-0b88af4\" data-id=\"0b88af4\" data-element_type=\"column\">\n\t\t\t<div class=\"elementor-widget-wrap elementor-element-populated\">\n\t\t\t\t\t\t<div class=\"elementor-element elementor-element-0c19429 elementor-widget elementor-widget-image\" data-id=\"0c19429\" data-element_type=\"widget\" data-widget_type=\"image.default\">\n\t\t\t\t<div class=\"elementor-widget-container\">\n\t\t\t\t\t\t\t\t\t\t\t\t\t\t\t<img decoding=\"async\" width=\"200\" height=\"110\" src=\"https:\/\/gdflac.com\/wp-content\/uploads\/2023\/01\/kfw-2.png\" class=\"attachment-large size-large wp-image-474\" alt=\"Responsible Banking - KfW\" \/>\t\t\t\t\t\t\t\t\t\t\t\t\t\t\t<\/div>\n\t\t\t\t<\/div>\n\t\t\t\t\t<\/div>\n\t\t<\/div>\n\t\t\t\t<div class=\"elementor-column elementor-col-33 elementor-top-column elementor-element elementor-element-1561d82\" data-id=\"1561d82\" data-element_type=\"column\">\n\t\t\t<div class=\"elementor-widget-wrap elementor-element-populated\">\n\t\t\t\t\t\t<div class=\"elementor-element elementor-element-adea015 elementor-widget elementor-widget-image\" data-id=\"adea015\" data-element_type=\"widget\" data-widget_type=\"image.default\">\n\t\t\t\t<div class=\"elementor-widget-container\">\n\t\t\t\t\t\t\t\t\t\t\t\t\t\t\t<img loading=\"lazy\" decoding=\"async\" width=\"200\" height=\"110\" src=\"https:\/\/gdflac.com\/wp-content\/uploads\/2023\/01\/European_Commission.png\" class=\"attachment-large size-large wp-image-465\" alt=\"European Commission\" \/>\t\t\t\t\t\t\t\t\t\t\t\t\t\t\t<\/div>\n\t\t\t\t<\/div>\n\t\t\t\t\t<\/div>\n\t\t<\/div>\n\t\t\t\t\t<\/div>\n\t\t<\/section>\n\t\t\t\t<section class=\"elementor-section elementor-top-section elementor-element elementor-element-ba94efc elementor-section-height-min-height elementor-section-boxed elementor-section-height-default elementor-section-items-middle\" data-id=\"ba94efc\" data-element_type=\"section\" data-settings=\"{&quot;background_background&quot;:&quot;classic&quot;}\">\n\t\t\t\t\t\t\t<div class=\"elementor-background-overlay\"><\/div>\n\t\t\t\t\t\t\t<div class=\"elementor-container elementor-column-gap-default\">\n\t\t\t\t\t<div class=\"elementor-column elementor-col-100 elementor-top-column elementor-element elementor-element-68ceb79\" data-id=\"68ceb79\" data-element_type=\"column\">\n\t\t\t<div class=\"elementor-widget-wrap elementor-element-populated\">\n\t\t\t\t\t\t<div class=\"elementor-element elementor-element-1ac96e7 elementor-widget elementor-widget-heading\" data-id=\"1ac96e7\" data-element_type=\"widget\" data-widget_type=\"heading.default\">\n\t\t\t\t<div class=\"elementor-widget-container\">\n\t\t\t\t\t<h2 class=\"elementor-heading-title elementor-size-default\">Protegemos su privacidad<\/h2>\t\t\t\t<\/div>\n\t\t\t\t<\/div>\n\t\t\t\t<div class=\"elementor-element elementor-element-8a64f5c elementor-align-center btnAngle elementor-widget elementor-widget-button\" data-id=\"8a64f5c\" data-element_type=\"widget\" data-widget_type=\"button.default\">\n\t\t\t\t<div class=\"elementor-widget-container\">\n\t\t\t\t\t\t\t\t\t<div class=\"elementor-button-wrapper\">\n\t\t\t\t\t<a class=\"elementor-button elementor-button-link elementor-size-sm\" href=\"https:\/\/gdflac.com\/es\/politica-de-proteccion-de-datos\/\">\n\t\t\t\t\t\t<span class=\"elementor-button-content-wrapper\">\n\t\t\t\t\t\t<span class=\"elementor-button-icon\">\n\t\t\t\t<i aria-hidden=\"true\" class=\"fas fa-chevron-right\"><\/i>\t\t\t<\/span>\n\t\t\t\t\t\t\t\t\t<span class=\"elementor-button-text\">Aprende acerca de nuestra pol\u00edtica de protecci\u00f3n<\/span>\n\t\t\t\t\t<\/span>\n\t\t\t\t\t<\/a>\n\t\t\t\t<\/div>\n\t\t\t\t\t\t\t\t<\/div>\n\t\t\t\t<\/div>\n\t\t\t\t\t<\/div>\n\t\t<\/div>\n\t\t\t\t\t<\/div>\n\t\t<\/section>\n\t\t\t\t<\/div>\n\t\t","protected":false},"excerpt":{"rendered":"<p>Concepci\u00f3n: El Ministro Federal de Cooperaci\u00f3n Econ\u00f3mica y Desarrollo, Dr. Gerd M\u00fcller y el comisionado de la Uni\u00f3n Europea (UE) de Acci\u00f3n por el Clima y Energ\u00eda, Miguel Arias Ca\u00f1ete, junto con los representantes de alto nivel de KfW, CAF, CABEI, Banco Mundial, ESMAP, BID, AfD, EIB, JICA, NDF, BGR y GIZ pusieron en marcha [&hellip;]<\/p>\n","protected":false},"author":1,"featured_media":0,"parent":1110,"menu_order":0,"comment_status":"closed","ping_status":"closed","template":"","meta":{"footnotes":""},"class_list":["post-679","page","type-page","status-publish","hentry"],"yoast_head":"<!-- This site is optimized with the Yoast SEO plugin v26.7 - https:\/\/yoast.com\/wordpress\/plugins\/seo\/ -->\n<title>Breve Descripci\u00f3n - GDF<\/title>\n<meta name=\"robots\" content=\"index, follow, max-snippet:-1, max-image-preview:large, max-video-preview:-1\" \/>\n<link rel=\"canonical\" href=\"https:\/\/gdflac.com\/es\/acerca-de\/breve-descripcion\/\" \/>\n<meta property=\"og:locale\" content=\"es_ES\" \/>\n<meta property=\"og:type\" content=\"article\" \/>\n<meta property=\"og:title\" content=\"Breve Descripci\u00f3n - GDF\" \/>\n<meta property=\"og:description\" content=\"Concepci\u00f3n: El Ministro Federal de Cooperaci\u00f3n Econ\u00f3mica y Desarrollo, Dr. Gerd M\u00fcller y el comisionado de la Uni\u00f3n Europea (UE) de Acci\u00f3n por el Clima y Energ\u00eda, Miguel Arias Ca\u00f1ete, junto con los representantes de alto nivel de KfW, CAF, CABEI, Banco Mundial, ESMAP, BID, AfD, EIB, JICA, NDF, BGR y GIZ pusieron en marcha [&hellip;]\" \/>\n<meta property=\"og:url\" content=\"https:\/\/gdflac.com\/es\/acerca-de\/breve-descripcion\/\" \/>\n<meta property=\"og:site_name\" content=\"GDF\" \/>\n<meta property=\"article:modified_time\" content=\"2023-01-10T22:53:26+00:00\" \/>\n<meta property=\"og:image\" content=\"https:\/\/gdflac.com\/wp-content\/uploads\/2023\/01\/Brief-Overview.jpg\" \/>\n<meta name=\"twitter:card\" content=\"summary_large_image\" \/>\n<meta name=\"twitter:label1\" content=\"Tiempo de lectura\" \/>\n\t<meta name=\"twitter:data1\" content=\"1 minuto\" \/>\n<script type=\"application\/ld+json\" class=\"yoast-schema-graph\">{\"@context\":\"https:\/\/schema.org\",\"@graph\":[{\"@type\":\"WebPage\",\"@id\":\"https:\/\/gdflac.com\/es\/acerca-de\/breve-descripcion\/\",\"url\":\"https:\/\/gdflac.com\/es\/acerca-de\/breve-descripcion\/\",\"name\":\"Breve Descripci\u00f3n - GDF\",\"isPartOf\":{\"@id\":\"https:\/\/gdflac.com\/#website\"},\"primaryImageOfPage\":{\"@id\":\"https:\/\/gdflac.com\/es\/acerca-de\/breve-descripcion\/#primaryimage\"},\"image\":{\"@id\":\"https:\/\/gdflac.com\/es\/acerca-de\/breve-descripcion\/#primaryimage\"},\"thumbnailUrl\":\"https:\/\/gdflac.com\/wp-content\/uploads\/2023\/01\/Brief-Overview.jpg\",\"datePublished\":\"2022-12-31T06:00:21+00:00\",\"dateModified\":\"2023-01-10T22:53:26+00:00\",\"breadcrumb\":{\"@id\":\"https:\/\/gdflac.com\/es\/acerca-de\/breve-descripcion\/#breadcrumb\"},\"inLanguage\":\"es\",\"potentialAction\":[{\"@type\":\"ReadAction\",\"target\":[\"https:\/\/gdflac.com\/es\/acerca-de\/breve-descripcion\/\"]}]},{\"@type\":\"ImageObject\",\"inLanguage\":\"es\",\"@id\":\"https:\/\/gdflac.com\/es\/acerca-de\/breve-descripcion\/#primaryimage\",\"url\":\"https:\/\/gdflac.com\/wp-content\/uploads\/2023\/01\/Brief-Overview.jpg\",\"contentUrl\":\"https:\/\/gdflac.com\/wp-content\/uploads\/2023\/01\/Brief-Overview.jpg\"},{\"@type\":\"BreadcrumbList\",\"@id\":\"https:\/\/gdflac.com\/es\/acerca-de\/breve-descripcion\/#breadcrumb\",\"itemListElement\":[{\"@type\":\"ListItem\",\"position\":1,\"name\":\"Home\",\"item\":\"https:\/\/gdflac.com\/es\/inicio\/\"},{\"@type\":\"ListItem\",\"position\":2,\"name\":\"Acerca de\",\"item\":\"https:\/\/gdflac.com\/es\/acerca-de\/\"},{\"@type\":\"ListItem\",\"position\":3,\"name\":\"Breve Descripci\u00f3n\"}]},{\"@type\":\"WebSite\",\"@id\":\"https:\/\/gdflac.com\/#website\",\"url\":\"https:\/\/gdflac.com\/\",\"name\":\"GDF\",\"description\":\"Geothermal Development Facility for Latin America\",\"publisher\":{\"@id\":\"https:\/\/gdflac.com\/#organization\"},\"alternateName\":\"GDF\",\"potentialAction\":[{\"@type\":\"SearchAction\",\"target\":{\"@type\":\"EntryPoint\",\"urlTemplate\":\"https:\/\/gdflac.com\/?s={search_term_string}\"},\"query-input\":{\"@type\":\"PropertyValueSpecification\",\"valueRequired\":true,\"valueName\":\"search_term_string\"}}],\"inLanguage\":\"es\"},{\"@type\":\"Organization\",\"@id\":\"https:\/\/gdflac.com\/#organization\",\"name\":\"GDF\",\"alternateName\":\"GDF\",\"url\":\"https:\/\/gdflac.com\/\",\"logo\":{\"@type\":\"ImageObject\",\"inLanguage\":\"es\",\"@id\":\"https:\/\/gdflac.com\/#\/schema\/logo\/image\/\",\"url\":\"https:\/\/gdflac.com\/wp-content\/uploads\/2022\/12\/GDF-Logo-Transparent.png\",\"contentUrl\":\"https:\/\/gdflac.com\/wp-content\/uploads\/2022\/12\/GDF-Logo-Transparent.png\",\"width\":1000,\"height\":505,\"caption\":\"GDF\"},\"image\":{\"@id\":\"https:\/\/gdflac.com\/#\/schema\/logo\/image\/\"}}]}<\/script>\n<!-- \/ Yoast SEO plugin. -->","yoast_head_json":{"title":"Breve Descripci\u00f3n - GDF","robots":{"index":"index","follow":"follow","max-snippet":"max-snippet:-1","max-image-preview":"max-image-preview:large","max-video-preview":"max-video-preview:-1"},"canonical":"https:\/\/gdflac.com\/es\/acerca-de\/breve-descripcion\/","og_locale":"es_ES","og_type":"article","og_title":"Breve Descripci\u00f3n - GDF","og_description":"Concepci\u00f3n: El Ministro Federal de Cooperaci\u00f3n Econ\u00f3mica y Desarrollo, Dr. Gerd M\u00fcller y el comisionado de la Uni\u00f3n Europea (UE) de Acci\u00f3n por el Clima y Energ\u00eda, Miguel Arias Ca\u00f1ete, junto con los representantes de alto nivel de KfW, CAF, CABEI, Banco Mundial, ESMAP, BID, AfD, EIB, JICA, NDF, BGR y GIZ pusieron en marcha [&hellip;]","og_url":"https:\/\/gdflac.com\/es\/acerca-de\/breve-descripcion\/","og_site_name":"GDF","article_modified_time":"2023-01-10T22:53:26+00:00","og_image":[{"url":"https:\/\/gdflac.com\/wp-content\/uploads\/2023\/01\/Brief-Overview.jpg","type":"","width":"","height":""}],"twitter_card":"summary_large_image","twitter_misc":{"Tiempo de lectura":"1 minuto"},"schema":{"@context":"https:\/\/schema.org","@graph":[{"@type":"WebPage","@id":"https:\/\/gdflac.com\/es\/acerca-de\/breve-descripcion\/","url":"https:\/\/gdflac.com\/es\/acerca-de\/breve-descripcion\/","name":"Breve Descripci\u00f3n - GDF","isPartOf":{"@id":"https:\/\/gdflac.com\/#website"},"primaryImageOfPage":{"@id":"https:\/\/gdflac.com\/es\/acerca-de\/breve-descripcion\/#primaryimage"},"image":{"@id":"https:\/\/gdflac.com\/es\/acerca-de\/breve-descripcion\/#primaryimage"},"thumbnailUrl":"https:\/\/gdflac.com\/wp-content\/uploads\/2023\/01\/Brief-Overview.jpg","datePublished":"2022-12-31T06:00:21+00:00","dateModified":"2023-01-10T22:53:26+00:00","breadcrumb":{"@id":"https:\/\/gdflac.com\/es\/acerca-de\/breve-descripcion\/#breadcrumb"},"inLanguage":"es","potentialAction":[{"@type":"ReadAction","target":["https:\/\/gdflac.com\/es\/acerca-de\/breve-descripcion\/"]}]},{"@type":"ImageObject","inLanguage":"es","@id":"https:\/\/gdflac.com\/es\/acerca-de\/breve-descripcion\/#primaryimage","url":"https:\/\/gdflac.com\/wp-content\/uploads\/2023\/01\/Brief-Overview.jpg","contentUrl":"https:\/\/gdflac.com\/wp-content\/uploads\/2023\/01\/Brief-Overview.jpg"},{"@type":"BreadcrumbList","@id":"https:\/\/gdflac.com\/es\/acerca-de\/breve-descripcion\/#breadcrumb","itemListElement":[{"@type":"ListItem","position":1,"name":"Home","item":"https:\/\/gdflac.com\/es\/inicio\/"},{"@type":"ListItem","position":2,"name":"Acerca de","item":"https:\/\/gdflac.com\/es\/acerca-de\/"},{"@type":"ListItem","position":3,"name":"Breve Descripci\u00f3n"}]},{"@type":"WebSite","@id":"https:\/\/gdflac.com\/#website","url":"https:\/\/gdflac.com\/","name":"GDF","description":"Geothermal Development Facility for Latin America","publisher":{"@id":"https:\/\/gdflac.com\/#organization"},"alternateName":"GDF","potentialAction":[{"@type":"SearchAction","target":{"@type":"EntryPoint","urlTemplate":"https:\/\/gdflac.com\/?s={search_term_string}"},"query-input":{"@type":"PropertyValueSpecification","valueRequired":true,"valueName":"search_term_string"}}],"inLanguage":"es"},{"@type":"Organization","@id":"https:\/\/gdflac.com\/#organization","name":"GDF","alternateName":"GDF","url":"https:\/\/gdflac.com\/","logo":{"@type":"ImageObject","inLanguage":"es","@id":"https:\/\/gdflac.com\/#\/schema\/logo\/image\/","url":"https:\/\/gdflac.com\/wp-content\/uploads\/2022\/12\/GDF-Logo-Transparent.png","contentUrl":"https:\/\/gdflac.com\/wp-content\/uploads\/2022\/12\/GDF-Logo-Transparent.png","width":1000,"height":505,"caption":"GDF"},"image":{"@id":"https:\/\/gdflac.com\/#\/schema\/logo\/image\/"}}]}},"_links":{"self":[{"href":"https:\/\/gdflac.com\/es\/wp-json\/wp\/v2\/pages\/679","targetHints":{"allow":["GET"]}}],"collection":[{"href":"https:\/\/gdflac.com\/es\/wp-json\/wp\/v2\/pages"}],"about":[{"href":"https:\/\/gdflac.com\/es\/wp-json\/wp\/v2\/types\/page"}],"author":[{"embeddable":true,"href":"https:\/\/gdflac.com\/es\/wp-json\/wp\/v2\/users\/1"}],"replies":[{"embeddable":true,"href":"https:\/\/gdflac.com\/es\/wp-json\/wp\/v2\/comments?post=679"}],"version-history":[{"count":0,"href":"https:\/\/gdflac.com\/es\/wp-json\/wp\/v2\/pages\/679\/revisions"}],"up":[{"embeddable":true,"href":"https:\/\/gdflac.com\/es\/wp-json\/wp\/v2\/pages\/1110"}],"wp:attachment":[{"href":"https:\/\/gdflac.com\/es\/wp-json\/wp\/v2\/media?parent=679"}],"curies":[{"name":"wp","href":"https:\/\/api.w.org\/{rel}","templated":true}]}}